{"id":1825,"date":"2018-09-28T20:59:35","date_gmt":"2018-09-28T18:59:35","guid":{"rendered":"http:\/\/www.bourgogne-savante.fr\/?page_id=1825"},"modified":"2024-01-02T12:02:50","modified_gmt":"2024-01-02T11:02:50","slug":"colloque26","status":"publish","type":"page","link":"https:\/\/www.bourgogne-savante.fr\/index.php\/publications\/tablesdesmatieresdesactes\/colloque26\/","title":{"rendered":"Actes du 26e colloque de l&rsquo;ABSS &#8211; Table des mati\u00e8res"},"content":{"rendered":"\n<div class=\"wp-block-media-text alignwide is-stacked-on-mobile\" style=\"grid-template-columns:25% auto\"><figure class=\"wp-block-media-text__media\"><img loading=\"lazy\" decoding=\"async\" width=\"721\" height=\"1024\" src=\"https:\/\/www.bourgogne-savante.fr\/wp-content\/uploads\/2018\/09\/Colloque-ABSS-2016-721x1024.jpg\" alt=\"Actes du 26e colloque de l'ABSS\" class=\"wp-image-1832 size-full\" srcset=\"https:\/\/www.bourgogne-savante.fr\/wp-content\/uploads\/2018\/09\/Colloque-ABSS-2016-721x1024.jpg 721w, https:\/\/www.bourgogne-savante.fr\/wp-content\/uploads\/2018\/09\/Colloque-ABSS-2016-106x150.jpg 106w, https:\/\/www.bourgogne-savante.fr\/wp-content\/uploads\/2018\/09\/Colloque-ABSS-2016-211x300.jpg 211w, https:\/\/www.bourgogne-savante.fr\/wp-content\/uploads\/2018\/09\/Colloque-ABSS-2016-768x1090.jpg 768w, https:\/\/www.bourgogne-savante.fr\/wp-content\/uploads\/2018\/09\/Colloque-ABSS-2016.jpg 1161w\" sizes=\"auto, (max-width: 721px) 85vw, 721px\" \/><\/figure><div class=\"wp-block-media-text__content\">\n<p style=\"font-family:Gadugi;font-size:18px;\"><i>Femmes en Bourgogne<\/i>, Actes du 26<sup>e<\/sup> colloque de l\u2019ABSS, Monast\u00e8re royal de Brou, 22 et 23 octobre 2016, Bourg-en-Bresse, Soci\u00e9t\u00e9 d\u2019\u00e9mulation de l\u2019Ain, 2017, 173&nbsp;p.<\/p>\n<\/div><\/div>\n\n\n\n<hr class=\"wp-block-separator has-text-color has-alpha-channel-opacity has-background is-style-wide\" style=\"background-color:#660033;color:#660033\"\/>\n\n\n\n<p style=\"font-family:Gadugi;margin-bottom:10px;\">VINCENT (Daniel-Henri), \u00ab&nbsp;Femmes en Bourgogne, 26<sup>e<\/sup> colloque de l&rsquo;ABSS&nbsp;\u00bb, p.&nbsp;4-6.<\/p>\n<p style=\"font-family:Gadugi;margin-bottom:10px;margin-top:0px;\">GROS (Alain), \u00ab&nbsp;Accueil de l&rsquo;Association bourguignonne des soci\u00e9t\u00e9s savantes \u00e0 Brou [Les pays de l&rsquo;Ain dans la g\u00e9n\u00e9ralit\u00e9 de Bourgogne]&nbsp;\u00bb, p.&nbsp;7-9.<\/p>\n<p style=\"font-family:Gadugi;margin-bottom:10px;margin-top:0px;\">GIRAULT (Pierre-Gilles), \u00ab&nbsp;Marguerite d&rsquo;Autriche, princesse bourguignonne et l&rsquo;h\u00e9ritage de Marie de Bourgogne dans l&rsquo;art&nbsp;\u00bb, p.&nbsp;10-33.<\/p>\n<p style=\"font-family:Gadugi;margin-bottom:10px;margin-top:0px;\">BRIAT-PHILIPPE (Magali), \u00ab&nbsp;Marie-Madeleine et les duchesses de Bourgogne, de Marguerite de Bourgogne \u00e0 Marguerite d&rsquo;Autriche&nbsp;\u00bb, p.&nbsp;34-61.<\/p>\n<p style=\"font-family:Gadugi;margin-bottom:10px;margin-top:0px;\">BLONDEL (Madeleine), \u00ab&nbsp;Une r\u00e9formatrice z\u00e9l\u00e9e : Jeanne de Courcel de Pourlan&nbsp;\u00bb, p.&nbsp;62-79.<\/p>\n<p style=\"font-family:Gadugi;margin-bottom:10px;margin-top:0px;\">VINCENT (Daniel-Henri), \u00ab&nbsp;Louise de Rabutin, 1646-1716, marquise de Coligny, de foi et de sang&nbsp;\u00bb, p.&nbsp;80-93.<\/p>\n<p style=\"font-family:Gadugi;margin-bottom:10px;margin-top:0px;\">BOUTHIER (Alain), \u00ab&nbsp;Du Nivernais au tr\u00f4ne de Pologne, un destin de r\u00eave : Marisenka, Marie Casimire de La Grange d&rsquo;Arquien (XVII<sup>e<\/sup> si\u00e8cle)&nbsp;\u00bb, p.&nbsp;94-111.<\/p>\n<p style=\"font-family:Gadugi;margin-bottom:10px;margin-top:0px;\">DOUCET (Anne-Marie), \u00ab&nbsp;Mesdames de Lamartine. Une lign\u00e9e de femmes aux talents \u00e9pistolaires&nbsp;\u00bb, p.&nbsp;112-129.<\/p>\n<p style=\"font-family:Gadugi;margin-bottom:10px;margin-top:0px;\">LOCHOT (\u00c9liane), \u00ab&nbsp;Tullie Moneuse. Une romanci\u00e8re oubli\u00e9e&nbsp;\u00bb, p.&nbsp;130-139.<\/p>\n<p style=\"font-family:Gadugi;margin-bottom:10px;margin-top:0px;\">L\u00c9GER (Bernard), \u00ab&nbsp;De l&rsquo;arch\u00e9ologie aux mus\u00e9es de Sens ou la vie d&rsquo;une femme d&rsquo;exception : Augusta Hure (1870-1953)&nbsp;\u00bb, p.&nbsp;140-159.<\/p>\n<p style=\"font-family:Gadugi;margin-bottom:10px;margin-top:0px;\">MOTTET (G\u00e9rard), \u00ab&nbsp;Marie-No\u00ebl. Sa vie, son oeuvre&#8230;&nbsp;\u00bb, p.&nbsp;160-169.<\/p>\n<p style=\"font-family:Gadugi;margin-top:0px;\">\u00ab&nbsp;Les auteurs&nbsp;\u00bb, p.&nbsp;171-172.<\/p>\n\n\n\n<hr class=\"wp-block-separator has-text-color has-alpha-channel-opacity has-background is-style-wide\" style=\"background-color:#660033;color:#660033\"\/>\n\n\n\n<p style=\"font-family:Gadugi;margin-bottom:50px;\">Volume disponible, 21.50&nbsp;\u20ac (frais de port compris) &#8211; <a href=\"https:\/\/www.bourgogne-savante.fr\/wp-content\/uploads\/ABSSbondecommande.pdf\" target=\"_blank\" rel=\"noopener noreferrer\">Commander<\/a><\/p>\n\n\n\n<div class=\"wp-block-buttons is-content-justification-center is-layout-flex wp-container-core-buttons-is-layout-16018d1d wp-block-buttons-is-layout-flex\">\n<div class=\"wp-block-button has-custom-font-size has-small-font-size\"><a class=\"wp-block-button__link has-background wp-element-button\" href=\"https:\/\/www.bourgogne-savante.fr\/index.php\/publications\/tablesdesmatieresdesactes\/colloque25\/\" style=\"background-color:#660033\"><< Colloque pr\u00e9c\u00e9dent<\/a><\/div>\n\n\n\n<div class=\"wp-block-button has-custom-font-size has-small-font-size\"><a class=\"wp-block-button__link has-background wp-element-button\" href=\"https:\/\/www.bourgogne-savante.fr\/index.php\/publications\/tablesdesmatieresdesactes\/\" style=\"background-color:#660033\">Retour \u00e0 la liste des tables des mati\u00e8res<\/a><\/div>\n\n\n\n<div class=\"wp-block-button has-custom-font-size has-small-font-size\"><a class=\"wp-block-button__link has-background wp-element-button\" href=\"https:\/\/www.bourgogne-savante.fr\/index.php\/publications\/tablesdesmatieresdesactes\/colloque27\/\" style=\"background-color:#660033\">Colloque suivant >><\/a><\/div>\n<\/div>\n","protected":false},"excerpt":{"rendered":"<p>Femmes en Bourgogne, Actes du 26e colloque de l\u2019ABSS, Monast\u00e8re royal de Brou, 22 et 23 octobre 2016, Bourg-en-Bresse, Soci\u00e9t\u00e9 d\u2019\u00e9mulation de l\u2019Ain, 2017, 173&nbsp;p. VINCENT (Daniel-Henri), \u00ab&nbsp;Femmes en Bourgogne, 26e colloque de l&rsquo;ABSS&nbsp;\u00bb, p.&nbsp;4-6. GROS (Alain), \u00ab&nbsp;Accueil de l&rsquo;Association bourguignonne des soci\u00e9t\u00e9s savantes \u00e0 Brou [Les pays de l&rsquo;Ain dans la g\u00e9n\u00e9ralit\u00e9 de Bourgogne]&nbsp;\u00bb, &hellip; <a href=\"https:\/\/www.bourgogne-savante.fr\/index.php\/publications\/tablesdesmatieresdesactes\/colloque26\/\" class=\"more-link\">Continuer la lecture<span class=\"screen-reader-text\"> de &laquo;&nbsp;Actes du 26e colloque de l&rsquo;ABSS &#8211; Table des mati\u00e8res&nbsp;&raquo;<\/span><\/a><\/p>\n","protected":false},"author":1,"featured_media":0,"parent":219,"menu_order":0,"comment_status":"closed","ping_status":"closed","template":"","meta":{"footnotes":""},"class_list":["post-1825","page","type-page","status-publish","hentry"],"_links":{"self":[{"href":"https:\/\/www.bourgogne-savante.fr\/index.php\/wp-json\/wp\/v2\/pages\/1825","targetHints":{"allow":["GET"]}}],"collection":[{"href":"https:\/\/www.bourgogne-savante.fr\/index.php\/wp-json\/wp\/v2\/pages"}],"about":[{"href":"https:\/\/www.bourgogne-savante.fr\/index.php\/wp-json\/wp\/v2\/types\/page"}],"author":[{"embeddable":true,"href":"https:\/\/www.bourgogne-savante.fr\/index.php\/wp-json\/wp\/v2\/users\/1"}],"replies":[{"embeddable":true,"href":"https:\/\/www.bourgogne-savante.fr\/index.php\/wp-json\/wp\/v2\/comments?post=1825"}],"version-history":[{"count":8,"href":"https:\/\/www.bourgogne-savante.fr\/index.php\/wp-json\/wp\/v2\/pages\/1825\/revisions"}],"predecessor-version":[{"id":4491,"href":"https:\/\/www.bourgogne-savante.fr\/index.php\/wp-json\/wp\/v2\/pages\/1825\/revisions\/4491"}],"up":[{"embeddable":true,"href":"https:\/\/www.bourgogne-savante.fr\/index.php\/wp-json\/wp\/v2\/pages\/219"}],"wp:attachment":[{"href":"https:\/\/www.bourgogne-savante.fr\/index.php\/wp-json\/wp\/v2\/media?parent=1825"}],"curies":[{"name":"wp","href":"https:\/\/api.w.org\/{rel}","templated":true}]}}