{"id":1952,"date":"2020-01-12T11:44:19","date_gmt":"2020-01-12T10:44:19","guid":{"rendered":"http:\/\/www.bourgogne-savante.fr\/?page_id=1952"},"modified":"2024-01-02T12:03:16","modified_gmt":"2024-01-02T11:03:16","slug":"colloque27","status":"publish","type":"page","link":"https:\/\/www.bourgogne-savante.fr\/index.php\/publications\/tablesdesmatieresdesactes\/colloque27\/","title":{"rendered":"Actes du 27e colloque de l&rsquo;ABSS &#8211; Table des mati\u00e8res"},"content":{"rendered":"\n<div class=\"wp-block-media-text alignwide is-stacked-on-mobile\" style=\"grid-template-columns:25% auto\"><figure class=\"wp-block-media-text__media\"><img loading=\"lazy\" decoding=\"async\" width=\"500\" height=\"755\" src=\"https:\/\/www.bourgogne-savante.fr\/wp-content\/uploads\/Colloque-ABSS-2017.jpg\" alt=\"\" class=\"wp-image-2183 size-full\" srcset=\"https:\/\/www.bourgogne-savante.fr\/wp-content\/uploads\/Colloque-ABSS-2017.jpg 500w, https:\/\/www.bourgogne-savante.fr\/wp-content\/uploads\/Colloque-ABSS-2017-199x300.jpg 199w, https:\/\/www.bourgogne-savante.fr\/wp-content\/uploads\/Colloque-ABSS-2017-99x150.jpg 99w\" sizes=\"auto, (max-width: 500px) 85vw, 500px\" \/><\/figure><div class=\"wp-block-media-text__content\">\n<p style=\"font-family:Gadugi;font-size:18px;\"><i>La ville et les pouvoirs : \u00e9conomie, culture, soci\u00e9t\u00e9<\/i>, Actes du 27<sup>e<\/sup> colloque de l\u2019ABSS, Clamecy, 21-22 octobre 2017, Dijon, Association bourguignonne des soci\u00e9t\u00e9s savantes, Clamecy, Soci\u00e9t\u00e9 scientifique et artistique de Clamecy, 2018, 232&nbsp;p.<\/p>\n<\/div><\/div>\n\n\n\n<hr class=\"wp-block-separator has-text-color has-alpha-channel-opacity has-background is-style-wide\" style=\"background-color:#660033;color:#660033\"\/>\n\n\n\n<p style=\"font-family:Gadugi;margin-bottom:10px;\">\u00ab&nbsp;Accueil par le pr\u00e9sident de la Soci\u00e9t\u00e9 scientifique et artistique de Clamecy&nbsp;\u00bb, p.&nbsp;5-6.<\/p>\n<p style=\"font-family:Gadugi;margin-bottom:10px;margin-top:0px;\">\u00ab&nbsp;Accueil par Madame le maire de Clamecy&nbsp;\u00bb, p.&nbsp;7-8.<\/p>\n<p style=\"font-family:Gadugi;margin-bottom:10px;margin-top:0px;\">\u00ab&nbsp;Introduction au colloque par Daniel-Henri Vincent, pr\u00e9sident de l\u2019ABSS&nbsp;\u00bb, p.&nbsp;9-12.<\/p>\n<p style=\"font-family:Gadugi;margin-bottom:10px;margin-top:0px;\">RICHARD (Hugues), \u00ab&nbsp;Conflits entre le duc de Nivernais et la ville de Clamecy \u00e0 la fin du XVIII<sup>e<\/sup> si\u00e8cle, d\u2019apr\u00e8s les rapports d\u2019Hilaire Doloret, inspecteur g\u00e9n\u00e9ral des duch\u00e9s de Nivernais et Donziais&nbsp;\u00bb, p.&nbsp;13-21.<\/p>\n<p style=\"font-family:Gadugi;margin-bottom:10px;margin-top:0px;\">GROS (Alain), \u00ab&nbsp;Politiques royale et municipale \u00e0 Bourg-en-Bresse : des remparts de Fran\u00e7ois I<sup>er<\/sup> aux \u00ab&nbsp;jardins rustiques&nbsp;\u00bb sous Louis XVI&nbsp;\u00bb, p.&nbsp;23-38.<\/p>\n<p style=\"font-family:Gadugi;margin-bottom:10px;margin-top:0px;\">BODINEAU (Pierre), \u00ab&nbsp;Un nouvel \u00e9clairage sur les mutations de l\u2019administration municipale dijonnaise \u00e0 la fin de l\u2019Ancien R\u00e9gime&nbsp;\u00bb, p.&nbsp;39-47.<\/p>\n<p style=\"font-family:Gadugi;margin-bottom:10px;margin-top:0px;\">BENOIST (Auguste de), \u00ab&nbsp;Aper\u00e7us du municipal \u00e0 M\u00e2con dans le premier XVIII<sup>e<\/sup> si\u00e8cle&nbsp;: interaction des pouvoirs&nbsp;\u00bb, p.&nbsp;49-66.<\/p>\n<p style=\"font-family:Gadugi;margin-bottom:10px;margin-top:0px;\">L\u00c9GER (Bernard), \u00ab&nbsp;La municipalit\u00e9 d\u2019Avallon de sa cr\u00e9ation (fin XV<sup>e<\/sup> si\u00e8cle) au passage de Napol\u00e9on I<sup>er<\/sup> \u00e0 son retour de l\u2019\u00eele d\u2019Elbe (16-17 mars 1815)&nbsp;\u00bb, p.&nbsp;67-82.<\/p>\n<p style=\"font-family:Gadugi;margin-bottom:10px;margin-top:0px;\">VAYROU (Georges), \u00ab&nbsp;La libert\u00e9 de r\u00e9union et les pouvoirs de police du maire&nbsp;: Nevers 1930&nbsp;\u00bb, p.&nbsp;83-95.<\/p>\n<p style=\"font-family:Gadugi;margin-bottom:10px;margin-top:0px;\">VIGNIER (Fran\u00e7oise), \u00ab&nbsp;Une tentative de regroupement de communes&nbsp;: la municipalit\u00e9 de canton de Talmay en C\u00f4te-d\u2019Or (1795-1800)&nbsp;\u00bb, p.&nbsp;97-110.<\/p>\n<p style=\"font-family:Gadugi;margin-bottom:10px;margin-top:0px;\">SYLLA (Jean-Pierre), \u00ab&nbsp;La ville conqu\u00e9rante et la campagne frondeuse, entre vilains et urbains&nbsp;\u00bb, p.&nbsp;111-123.<\/p>\n<p style=\"font-family:Gadugi;margin-bottom:10px;margin-top:0px;\">BOUTHIER (Alain), \u00ab&nbsp;Cosne-sur-Loire&nbsp;: un territoire partag\u00e9&nbsp;\u00bb, p.&nbsp;125-138.<\/p>\n<p style=\"font-family:Gadugi;margin-bottom:10px;margin-top:0px;\">LACAILLE (Antoine), \u00ab&nbsp;La place des h\u00f4tels patriciens dans la ville au d\u00e9but du XVI<sup>e<\/sup> si\u00e8cle dans la partie nord du duch\u00e9 de Bourgogne&nbsp;\u00bb, p.&nbsp;139-154.<\/p>\n<p style=\"font-family:Gadugi;margin-bottom:10px;margin-top:0px;\">LAMBERT (S\u00e9bastien), \u00ab&nbsp;Les moulins d\u2019Auxerre \u00e0 l\u2019\u00e9poque moderne&nbsp;: usages de l\u2019eau et conflits de pouvoir&nbsp;\u00bb, p.&nbsp;155-175.<\/p>\n<p style=\"font-family:Gadugi;margin-bottom:10px;margin-top:0px;\">PEPKE (Hannelore) et BEAULANT (Rudy), \u00ab&nbsp;Le duc, la mairie et la vigne. Pouvoirs et \u00e9conomie \u00e0 Dijon \u00e0 la fin du Moyen \u00c2ge&nbsp;\u00bb, p.&nbsp;177-189.<\/p>\n<p style=\"font-family:Gadugi;margin-bottom:10px;margin-top:0px;\">GALMARE (Claudine), \u00ab&nbsp;Claude Tillier (1801-1844), journaliste et pamphl\u00e9taire nivernais en butte aux repr\u00e9sentants des pouvoirs \u00e0 Clamecy et \u00e0 Nevers&nbsp;\u00bb, p.&nbsp;191-204.<\/p>\n<p style=\"font-family:Gadugi;margin-bottom:10px;margin-top:0px;\">COURIOL (\u00c9tienne), \u00ab&nbsp;Quand la parole et les \u00e9crits servent \u00e0 remettre en cause les pouvoirs locaux en ville sous l\u2019Ancien R\u00e9gime&nbsp;\u00bb, p.&nbsp;205-219.<\/p>\n<p style=\"font-family:Gadugi;margin-top:0px;\">BART (Jean), \u00ab&nbsp;Les villes jouissaient-elles de coutumes particuli\u00e8res&nbsp;? Le cas de Clamecy&nbsp;\u00bb, p.&nbsp;221-229.<\/p>\n\n\n\n<hr class=\"wp-block-separator has-text-color has-alpha-channel-opacity has-background is-style-wide\" style=\"background-color:#660033;color:#660033\"\/>\n\n\n\n<p style=\"font-family:Gadugi;margin-bottom:50px;\">Volume disponible, 32&nbsp;\u20ac (frais de port compris) &#8211; <a href=\"https:\/\/www.bourgogne-savante.fr\/wp-content\/uploads\/ABSSbondecommande.pdf\" target=\"_blank\" rel=\"noopener noreferrer\">Commander<\/a><\/p>\n\n\n\n<div class=\"wp-block-buttons is-content-justification-center is-layout-flex wp-container-core-buttons-is-layout-16018d1d wp-block-buttons-is-layout-flex\">\n<div class=\"wp-block-button has-custom-font-size has-small-font-size\"><a class=\"wp-block-button__link has-background wp-element-button\" href=\"https:\/\/www.bourgogne-savante.fr\/index.php\/publications\/tablesdesmatieresdesactes\/colloque26\/\" style=\"background-color:#660033\"><< Colloque pr\u00e9c\u00e9dent<\/a><\/div>\n\n\n\n<div class=\"wp-block-button has-custom-font-size has-small-font-size\"><a class=\"wp-block-button__link has-background wp-element-button\" href=\"https:\/\/www.bourgogne-savante.fr\/index.php\/publications\/tablesdesmatieresdesactes\/\" style=\"background-color:#660033\">Retour \u00e0 la liste des tables des mati\u00e8res<\/a><\/div>\n\n\n\n<div class=\"wp-block-button has-custom-font-size has-small-font-size\"><a class=\"wp-block-button__link has-background wp-element-button\" href=\"https:\/\/www.bourgogne-savante.fr\/index.php\/publications\/tablesdesmatieresdesactes\/colloque28\/\" style=\"background-color:#660033\">Colloque suivant >><\/a><\/div>\n<\/div>\n","protected":false},"excerpt":{"rendered":"<p>La ville et les pouvoirs : \u00e9conomie, culture, soci\u00e9t\u00e9, Actes du 27e colloque de l\u2019ABSS, Clamecy, 21-22 octobre 2017, Dijon, Association bourguignonne des soci\u00e9t\u00e9s savantes, Clamecy, Soci\u00e9t\u00e9 scientifique et artistique de Clamecy, 2018, 232&nbsp;p. \u00ab&nbsp;Accueil par le pr\u00e9sident de la Soci\u00e9t\u00e9 scientifique et artistique de Clamecy&nbsp;\u00bb, p.&nbsp;5-6. \u00ab&nbsp;Accueil par Madame le maire de Clamecy&nbsp;\u00bb, p.&nbsp;7-8. &hellip; <a href=\"https:\/\/www.bourgogne-savante.fr\/index.php\/publications\/tablesdesmatieresdesactes\/colloque27\/\" class=\"more-link\">Continuer la lecture<span class=\"screen-reader-text\"> de &laquo;&nbsp;Actes du 27e colloque de l&rsquo;ABSS &#8211; Table des mati\u00e8res&nbsp;&raquo;<\/span><\/a><\/p>\n","protected":false},"author":1,"featured_media":0,"parent":219,"menu_order":0,"comment_status":"closed","ping_status":"closed","template":"","meta":{"footnotes":""},"class_list":["post-1952","page","type-page","status-publish","hentry"],"_links":{"self":[{"href":"https:\/\/www.bourgogne-savante.fr\/index.php\/wp-json\/wp\/v2\/pages\/1952","targetHints":{"allow":["GET"]}}],"collection":[{"href":"https:\/\/www.bourgogne-savante.fr\/index.php\/wp-json\/wp\/v2\/pages"}],"about":[{"href":"https:\/\/www.bourgogne-savante.fr\/index.php\/wp-json\/wp\/v2\/types\/page"}],"author":[{"embeddable":true,"href":"https:\/\/www.bourgogne-savante.fr\/index.php\/wp-json\/wp\/v2\/users\/1"}],"replies":[{"embeddable":true,"href":"https:\/\/www.bourgogne-savante.fr\/index.php\/wp-json\/wp\/v2\/comments?post=1952"}],"version-history":[{"count":8,"href":"https:\/\/www.bourgogne-savante.fr\/index.php\/wp-json\/wp\/v2\/pages\/1952\/revisions"}],"predecessor-version":[{"id":4492,"href":"https:\/\/www.bourgogne-savante.fr\/index.php\/wp-json\/wp\/v2\/pages\/1952\/revisions\/4492"}],"up":[{"embeddable":true,"href":"https:\/\/www.bourgogne-savante.fr\/index.php\/wp-json\/wp\/v2\/pages\/219"}],"wp:attachment":[{"href":"https:\/\/www.bourgogne-savante.fr\/index.php\/wp-json\/wp\/v2\/media?parent=1952"}],"curies":[{"name":"wp","href":"https:\/\/api.w.org\/{rel}","templated":true}]}}