{"id":1957,"date":"2020-01-12T12:03:37","date_gmt":"2020-01-12T11:03:37","guid":{"rendered":"http:\/\/www.bourgogne-savante.fr\/?page_id=1957"},"modified":"2024-01-02T12:03:40","modified_gmt":"2024-01-02T11:03:40","slug":"colloque28","status":"publish","type":"page","link":"https:\/\/www.bourgogne-savante.fr\/index.php\/publications\/tablesdesmatieresdesactes\/colloque28\/","title":{"rendered":"Actes du 28e colloque de l&rsquo;ABSS &#8211; Table des mati\u00e8res"},"content":{"rendered":"\n<div class=\"wp-block-media-text alignwide is-stacked-on-mobile\" style=\"grid-template-columns:25% auto\"><figure class=\"wp-block-media-text__media\"><img loading=\"lazy\" decoding=\"async\" width=\"674\" height=\"1024\" src=\"https:\/\/www.bourgogne-savante.fr\/wp-content\/uploads\/Colloque-ABSS-2018-674x1024.jpg\" alt=\"Actes du 28e colloque\" class=\"wp-image-1961 size-full\" srcset=\"https:\/\/www.bourgogne-savante.fr\/wp-content\/uploads\/Colloque-ABSS-2018-674x1024.jpg 674w, https:\/\/www.bourgogne-savante.fr\/wp-content\/uploads\/Colloque-ABSS-2018-197x300.jpg 197w, https:\/\/www.bourgogne-savante.fr\/wp-content\/uploads\/Colloque-ABSS-2018-99x150.jpg 99w, https:\/\/www.bourgogne-savante.fr\/wp-content\/uploads\/Colloque-ABSS-2018-768x1167.jpg 768w, https:\/\/www.bourgogne-savante.fr\/wp-content\/uploads\/Colloque-ABSS-2018-1010x1536.jpg 1010w, https:\/\/www.bourgogne-savante.fr\/wp-content\/uploads\/Colloque-ABSS-2018-1347x2048.jpg 1347w, https:\/\/www.bourgogne-savante.fr\/wp-content\/uploads\/Colloque-ABSS-2018-1200x1824.jpg 1200w, https:\/\/www.bourgogne-savante.fr\/wp-content\/uploads\/Colloque-ABSS-2018-scaled.jpg 1684w\" sizes=\"auto, (max-width: 674px) 85vw, 674px\" \/><\/figure><div class=\"wp-block-media-text__content\">\n<p style=\"font-family:Gadugi;font-size:18px;\"><i>Parcs, jardins &amp; espaces clos<\/i>, Actes du 28<sup>e<\/sup> colloque de l\u2019ABSS, Chaumont, 20-21 octobre 2018, Dijon, Association bourguignonne des soci\u00e9t\u00e9s savantes, Chaumont, Les Cahiers haut-marnais, 2019, 256&nbsp;p.<\/p>\n<\/div><\/div>\n\n\n\n<hr class=\"wp-block-separator has-text-color has-alpha-channel-opacity has-background is-style-wide\" style=\"background-color:#660033;color:#660033\"\/>\n\n\n\n<p style=\"font-family:Gadugi;margin-bottom:10px;\">BODINEAU (Pierre), \u00ab&nbsp;Avant-propos&nbsp;\u00bb, p.&nbsp;4.<\/p>\n<p style=\"font-family:Gadugi;margin-bottom:10px;margin-top:0px;\">VINCENT (Daniel-Henri), \u00ab&nbsp;Allocution d\u2019ouverture du colloque prononc\u00e9e par M. Daniel-Henri Vincent, pr\u00e9sident de l\u2019Association bourguignonne des soci\u00e9t\u00e9s savantes&nbsp;\u00bb, p.&nbsp;5-7.<\/p>\n<p style=\"font-family:Gadugi;margin-bottom:10px;margin-top:0px;\">LECHIEN (Marc), \u00ab&nbsp;Jardin et Nature&nbsp;: un couple en tension&nbsp;\u00bb, p.&nbsp;9-35.<\/p>\n<h5 style=\"font-family:Gadugi;color:#660033;margin-top:50px;\">1<sup>\u00e8re<\/sup> partie&nbsp;\u2013 Jardins publics<\/h5>\n<p style=\"font-family:Gadugi;margin-bottom:10px;margin-top:0px;\">LAMARRE (Denis), \u00ab&nbsp;Jardins de villes&nbsp;\u00bb, p.&nbsp;39-46.<\/p>\n<p style=\"font-family:Gadugi;margin-bottom:10px;margin-top:0px;\">BODINEAU (Pierre), \u00ab&nbsp;La naissance du jardin public, l\u2019exemple de la Bourgogne&nbsp;\u00bb, p.&nbsp;47-56.<\/p>\n<p style=\"font-family:Gadugi;margin-bottom:10px;margin-top:0px;\">MOURIN (Samuel), \u00ab&nbsp;Petite histoire d\u2019un jardin public&nbsp;: le square du Boulingrin \u00e0 Chaumont (XVIII<sup>e<\/sup>-XX<sup>e<\/sup> si\u00e8cles)&nbsp;\u00bb, p.&nbsp;57-89.<\/p>\n<h5 style=\"font-family:Gadugi;color:#660033;\">2<sup>e<\/sup> partie&nbsp;\u2013 Noms, mots et \u00e9crits du clos et du jardin<\/h5>\n<p style=\"font-family:Gadugi;margin-bottom:10px;margin-top:0px;\">COURIOL (\u00c9tienne), \u00ab&nbsp;Parcs, jardins et espaces clos des demeures et domaines bourguignons dans les annonces des Affiches de Lyon (seconde moiti\u00e9 du XVIII<sup>e<\/sup> si\u00e8cle)&nbsp;\u00bb, p.&nbsp;93-107.<\/p>\n<p style=\"font-family:Gadugi;margin-bottom:10px;margin-top:0px;\">DUMAS (Fran\u00e7oise), \u00ab&nbsp;De la limite au clos dans la toponymie bourguignonne&nbsp;\u00bb, p.&nbsp;109-120.<\/p>\n<p style=\"font-family:Gadugi;margin-bottom:10px;margin-top:0px;\">MAGET (Fr\u00e9d\u00e9ric), \u00ab&nbsp;Le jardin-livre de Colette&nbsp;\u00bb, p.&nbsp;121-138.<\/p>\n<p style=\"font-family:Gadugi;margin-bottom:10px;margin-top:0px;\">VAYROU (Georges), \u00ab&nbsp;Le mar\u00e9chal, le chanoine et le jardinier&nbsp;\u00bb, p.&nbsp;139-148.<\/p>\n<h5 style=\"font-family:Gadugi;color:#660033;\">3<sup>e<\/sup> partie&nbsp;\u2013 Jardins ruraux et savants<\/h5>\n<p style=\"font-family:Gadugi;margin-bottom:10px;margin-top:0px;\">L\u00c9GER (Bernard), \u00ab&nbsp;La p\u00e9pini\u00e8re royale de L\u2019Isle-sous-Montr\u00e9al&nbsp;\u00bb, p.&nbsp;151-169.<\/p>\n<p style=\"font-family:Gadugi;margin-bottom:10px;margin-top:0px;\">LEMONNIER-LESAGE (Virginie), \u00ab&nbsp;Le clos-masure du pays de Caux&nbsp;\u00bb, p.&nbsp;171-187.<\/p>\n<p style=\"font-family:Gadugi;margin-bottom:10px;margin-top:0px;\">BLIGNY (Jean-Fran\u00e7ois), \u00ab&nbsp;Un jardin merveilleux, le Clos de Vougeot&nbsp;\u00bb, p.&nbsp;189-198.<\/p>\n<h5 style=\"font-family:Gadugi;color:#660033;\">4<sup>e<\/sup> partie&nbsp;\u2013 Parcs et jardins au ch\u00e2teau<\/h5>\n<p style=\"font-family:Gadugi;margin-bottom:10px;margin-top:0px;\">PETER (Lise), \u00ab&nbsp;Le ch\u00e2teau du Grand Jardin \u00e0 Joinville, une br\u00e8ve histoire des jardins \u00e0 travers celle de leurs propri\u00e9taires&nbsp;\u00bb, p.&nbsp;201-227.<\/p>\n<p style=\"font-family:Gadugi;margin-top:0px;\">EDME (Jean-Fran\u00e7ois), \u00ab&nbsp;Quand ces messieurs de Langres cr\u00e9ent parcs, jardins et clos \u00e0 Cohons&nbsp;\u00bb, p.&nbsp;229-256.<\/p>\n\n\n\n<hr class=\"wp-block-separator has-text-color has-alpha-channel-opacity has-background is-style-wide\" style=\"background-color:#660033;color:#660033\"\/>\n\n\n\n<p style=\"font-family:Gadugi;margin-bottom:50px;\">Volume disponible, 32&nbsp;\u20ac (frais de port compris) &#8211; <a href=\"https:\/\/www.bourgogne-savante.fr\/wp-content\/uploads\/ABSSbondecommande.pdf\" target=\"_blank\" rel=\"noopener noreferrer\">Commander<\/a><\/p>\n\n\n\n<div class=\"wp-block-buttons is-content-justification-center is-layout-flex wp-container-core-buttons-is-layout-16018d1d wp-block-buttons-is-layout-flex\">\n<div class=\"wp-block-button has-custom-font-size has-small-font-size\"><a class=\"wp-block-button__link has-background wp-element-button\" href=\"https:\/\/www.bourgogne-savante.fr\/index.php\/publications\/tablesdesmatieresdesactes\/colloque27\/\" style=\"background-color:#660033\"><< Colloque pr\u00e9c\u00e9dent<\/a><\/div>\n\n\n\n<div class=\"wp-block-button has-custom-font-size has-small-font-size\"><a class=\"wp-block-button__link has-background wp-element-button\" href=\"https:\/\/www.bourgogne-savante.fr\/index.php\/publications\/tablesdesmatieresdesactes\/\" style=\"background-color:#660033\">Retour \u00e0 la liste des tables des mati\u00e8res<\/a><\/div>\n\n\n\n<div class=\"wp-block-button has-custom-font-size has-small-font-size\"><a class=\"wp-block-button__link has-background wp-element-button\" href=\"https:\/\/www.bourgogne-savante.fr\/index.php\/publications\/tablesdesmatieresdesactes\/colloque29\/\" style=\"background-color:#660033\">Colloque suivant >><\/a><\/div>\n<\/div>\n","protected":false},"excerpt":{"rendered":"<p>Parcs, jardins &amp; espaces clos, Actes du 28e colloque de l\u2019ABSS, Chaumont, 20-21 octobre 2018, Dijon, Association bourguignonne des soci\u00e9t\u00e9s savantes, Chaumont, Les Cahiers haut-marnais, 2019, 256&nbsp;p. BODINEAU (Pierre), \u00ab&nbsp;Avant-propos&nbsp;\u00bb, p.&nbsp;4. VINCENT (Daniel-Henri), \u00ab&nbsp;Allocution d\u2019ouverture du colloque prononc\u00e9e par M. Daniel-Henri Vincent, pr\u00e9sident de l\u2019Association bourguignonne des soci\u00e9t\u00e9s savantes&nbsp;\u00bb, p.&nbsp;5-7. LECHIEN (Marc), \u00ab&nbsp;Jardin et Nature&nbsp;: &hellip; <a href=\"https:\/\/www.bourgogne-savante.fr\/index.php\/publications\/tablesdesmatieresdesactes\/colloque28\/\" class=\"more-link\">Continuer la lecture<span class=\"screen-reader-text\"> de &laquo;&nbsp;Actes du 28e colloque de l&rsquo;ABSS &#8211; Table des mati\u00e8res&nbsp;&raquo;<\/span><\/a><\/p>\n","protected":false},"author":1,"featured_media":0,"parent":219,"menu_order":0,"comment_status":"closed","ping_status":"closed","template":"","meta":{"footnotes":""},"class_list":["post-1957","page","type-page","status-publish","hentry"],"_links":{"self":[{"href":"https:\/\/www.bourgogne-savante.fr\/index.php\/wp-json\/wp\/v2\/pages\/1957","targetHints":{"allow":["GET"]}}],"collection":[{"href":"https:\/\/www.bourgogne-savante.fr\/index.php\/wp-json\/wp\/v2\/pages"}],"about":[{"href":"https:\/\/www.bourgogne-savante.fr\/index.php\/wp-json\/wp\/v2\/types\/page"}],"author":[{"embeddable":true,"href":"https:\/\/www.bourgogne-savante.fr\/index.php\/wp-json\/wp\/v2\/users\/1"}],"replies":[{"embeddable":true,"href":"https:\/\/www.bourgogne-savante.fr\/index.php\/wp-json\/wp\/v2\/comments?post=1957"}],"version-history":[{"count":9,"href":"https:\/\/www.bourgogne-savante.fr\/index.php\/wp-json\/wp\/v2\/pages\/1957\/revisions"}],"predecessor-version":[{"id":4493,"href":"https:\/\/www.bourgogne-savante.fr\/index.php\/wp-json\/wp\/v2\/pages\/1957\/revisions\/4493"}],"up":[{"embeddable":true,"href":"https:\/\/www.bourgogne-savante.fr\/index.php\/wp-json\/wp\/v2\/pages\/219"}],"wp:attachment":[{"href":"https:\/\/www.bourgogne-savante.fr\/index.php\/wp-json\/wp\/v2\/media?parent=1957"}],"curies":[{"name":"wp","href":"https:\/\/api.w.org\/{rel}","templated":true}]}}