{"id":2318,"date":"2022-06-18T11:36:14","date_gmt":"2022-06-18T09:36:14","guid":{"rendered":"https:\/\/www.bourgogne-savante.fr\/?page_id=2318"},"modified":"2024-01-02T12:04:05","modified_gmt":"2024-01-02T11:04:05","slug":"colloque29","status":"publish","type":"page","link":"https:\/\/www.bourgogne-savante.fr\/index.php\/publications\/tablesdesmatieresdesactes\/colloque29\/","title":{"rendered":"Actes du 29e colloque de l\u2019ABSS &#8211; Table des mati\u00e8res"},"content":{"rendered":"\n<div class=\"wp-block-media-text alignwide is-stacked-on-mobile\" style=\"grid-template-columns:25% auto\"><figure class=\"wp-block-media-text__media\"><img loading=\"lazy\" decoding=\"async\" width=\"671\" height=\"1024\" src=\"https:\/\/www.bourgogne-savante.fr\/wp-content\/uploads\/Actes_colloque29-671x1024.jpg\" alt=\"\" class=\"wp-image-2311 size-full\" srcset=\"https:\/\/www.bourgogne-savante.fr\/wp-content\/uploads\/Actes_colloque29-671x1024.jpg 671w, https:\/\/www.bourgogne-savante.fr\/wp-content\/uploads\/Actes_colloque29-196x300.jpg 196w, https:\/\/www.bourgogne-savante.fr\/wp-content\/uploads\/Actes_colloque29-98x150.jpg 98w, https:\/\/www.bourgogne-savante.fr\/wp-content\/uploads\/Actes_colloque29-768x1173.jpg 768w, https:\/\/www.bourgogne-savante.fr\/wp-content\/uploads\/Actes_colloque29-1006x1536.jpg 1006w, https:\/\/www.bourgogne-savante.fr\/wp-content\/uploads\/Actes_colloque29-1341x2048.jpg 1341w, https:\/\/www.bourgogne-savante.fr\/wp-content\/uploads\/Actes_colloque29-1200x1832.jpg 1200w, https:\/\/www.bourgogne-savante.fr\/wp-content\/uploads\/Actes_colloque29-scaled.jpg 1677w\" sizes=\"auto, (max-width: 671px) 85vw, 671px\" \/><\/figure><div class=\"wp-block-media-text__content\">\n<p style=\"font-family:Gadugi;font-size:18px;\"><i>Les Bourguignons \u00e0 la d\u00e9couverte du monde<\/i>, Actes du 29<sup>e<\/sup> colloque de l&rsquo;ABSS, Auxerre, 19 et 20 octobre 2019, Auxerre, Soci\u00e9t\u00e9 des sciences historiques et naturelles de l&rsquo;Yonne, 2020, 269&nbsp;p.<\/p>\n<\/div><\/div>\n\n\n\n<hr class=\"wp-block-separator has-text-color has-alpha-channel-opacity has-background is-style-wide\" style=\"background-color:#660033;color:#660033\"\/>\n\n\n\n<p style=\"font-family:Gadugi;margin-bottom:10px;\">CATTAGNI (Alain), \u00ab&nbsp;Allocution d&rsquo;accueil&nbsp;\u00bb, p.&nbsp;4.<\/p>\n<p style=\"font-family:Gadugi;margin-bottom:10px;margin-top:0px;\">BODINEAU (Pierre), \u00ab&nbsp;Allocution d&rsquo;ouverture&nbsp;\u00bb, p.&nbsp;9.<\/p>\n<p style=\"font-family:Gadugi;margin-bottom:10px;margin-top:0px;\">CHALINE (Olivier), \u00ab&nbsp;Les Bourguignons \u00e0 la d\u00e9couverte du monde&nbsp;\u00bb, p.&nbsp;13.<\/p>\n<p style=\"font-family:Gadugi;margin-bottom:10px;margin-top:0px;\">BOURGOING (Jean-Marie de), \u00ab&nbsp;Jean-Fran\u00e7ois Foucquet missionnaire \u00e0 la Chine&nbsp;\u00bb, p.&nbsp;25.<\/p>\n<p style=\"font-family:Gadugi;margin-bottom:10px;margin-top:0px;\">FONTAINE (Jean-Pierre), \u00ab&nbsp;Un S\u00e9nonais au long cours : \u00c9lisabeth Paul de Rossel&nbsp;\u00bb, p.&nbsp;35.<\/p>\n<p style=\"font-family:Gadugi;margin-bottom:10px;margin-top:0px;\">GROS (Alain), \u00ab&nbsp;Louis Costaz : 1767-1842. Un Bourguignon du Bugey et l&rsquo;exp\u00e9dition d&rsquo;\u00c9gypte&nbsp;\u00bb, p.&nbsp;46.<\/p>\n<p style=\"font-family:Gadugi;margin-bottom:10px;margin-top:0px;\">VOLUT (Pierre), \u00ab&nbsp;Jean-Paul Delagrange (1827-1887), Du Morvan \u00e0 la Polyn\u00e9sie et \u00e0 Madagascar&nbsp;\u00bb, p.&nbsp;69.<\/p>\n<p style=\"font-family:Gadugi;margin-bottom:10px;margin-top:0px;\">CHEVIGNARD (Bernard), \u00ab&nbsp;Un Dijonnais d\u00e9couvre l&rsquo;Orient : l&rsquo;ambassade de Vergennes \u00e0 Constantinople (1755-1769)&nbsp;\u00bb, p.&nbsp;87.<\/p>\n<p style=\"font-family:Gadugi;margin-bottom:10px;margin-top:0px;\">COURIOL (\u00c9tienne), \u00ab&nbsp;La renomm\u00e9e de Philibert Commerson : d\u00e9couvrir la Bourgogne avant de d\u00e9couvrir le monde&nbsp;\u00bb, p.&nbsp;101.<\/p>\n<p style=\"font-family:Gadugi;margin-bottom:10px;margin-top:0px;\">MOURIN (Samuel), \u00ab&nbsp;Fran\u00e7ois-Alexandre Pernot en \u00c9cosse en 1824 : un jeune artiste romantique sur les traces de Marie Stuart et de Walter Scott&nbsp;\u00bb, p.&nbsp;115.<\/p>\n<p style=\"font-family:Gadugi;margin-bottom:10px;margin-top:0px;\">DAHAN (Jacques-R\u00e9my), \u00ab&nbsp;Girault de Prangey, \u00e0 la conqu\u00eate de la M\u00e9diterran\u00e9e occidentale&nbsp;\u00bb, p.&nbsp;135.<\/p>\n<p style=\"font-family:Gadugi;margin-bottom:10px;margin-top:0px;\">PEPKE (Anne-Laure), \u00ab&nbsp;Un moine bourguignon \u00e0 la conqu\u00eate de son royaume polonais : Ladislas Le Blanc, derneir piast de Cou\u00efavie&nbsp;\u00bb, p.&nbsp;143.<\/p>\n<p style=\"font-family:Gadugi;margin-bottom:10px;margin-top:0px;\">BELLEAU (Romain), \u00ab&nbsp;Forgerons bourguignons et champenois aux d\u00e9buts de la premi\u00e8re industrie m\u00e9tallurgique en Nuuvelle-France au XVIII<sup>e<\/sup> si\u00e8cle&nbsp;\u00bb, p.&nbsp;165.<\/p>\n<p style=\"font-family:Gadugi;margin-bottom:10px;margin-top:0px;\">ADENOT (Hubert), \u00ab&nbsp;Jacques Adenot ing\u00e9nieur civil des mines (1862-1924) : un industriel nivernais constructeur et gestionnaire d&rsquo;usines en Russie&nbsp;\u00bb, p.&nbsp;187.<\/p>\n<p style=\"font-family:Gadugi;margin-bottom:10px;margin-top:0px;\">LAS VERGNAS (Marie-Laure), \u00ab&nbsp;La cr\u00e9ation en 1922 du cin\u00e9ma Apollo-Palace de Kinshasa par deux amis de Sauvigny-le-Beur\u00e9al (Yonne)&nbsp;\u00bb, p.&nbsp;217.<\/p>\n<p style=\"font-family:Gadugi;margin-bottom:10px;margin-top:0px;\">VASSAL (Hubert de), DUFFAUT (Fran\u00e7ois), \u00ab&nbsp;Les voyages en Angleterre des \u00e9leveurs et industriels nivernais au XIX<sup>e<\/sup>&nbsp;\u00bb, p.&nbsp;233.<\/p>\n<p style=\"font-family:Gadugi;margin-top:0px;\">L\u00c9GER (Bernard), \u00ab&nbsp;L&rsquo;Avallonnais Henri Houdaille, pionnier en Nouvelle-Cal\u00e9donie&nbsp;\u00bb, p.&nbsp;249.<\/p>\n\n\n\n<hr class=\"wp-block-separator has-text-color has-alpha-channel-opacity has-background is-style-wide\" style=\"background-color:#660033;color:#660033\"\/>\n\n\n\n<p style=\"font-family:Gadugi;margin-bottom:50px;\">Volume disponible, 27.50&nbsp;\u20ac (frais de port compris) &#8211; <a href=\"https:\/\/www.bourgogne-savante.fr\/wp-content\/uploads\/ABSSbondecommande.pdf\" target=\"_blank\" rel=\"noopener noreferrer\">Commander<\/a><\/p>\n\n\n\n<div class=\"wp-block-buttons is-content-justification-center is-layout-flex wp-container-core-buttons-is-layout-16018d1d wp-block-buttons-is-layout-flex\">\n<div class=\"wp-block-button has-custom-font-size has-small-font-size\"><a class=\"wp-block-button__link has-background wp-element-button\" href=\"https:\/\/www.bourgogne-savante.fr\/index.php\/publications\/tablesdesmatieresdesactes\/colloque28\/\" style=\"background-color:#660033\"><< Colloque pr\u00e9c\u00e9dent<\/a><\/div>\n\n\n\n<div class=\"wp-block-button has-custom-font-size has-small-font-size\"><a class=\"wp-block-button__link has-background wp-element-button\" href=\"https:\/\/www.bourgogne-savante.fr\/index.php\/publications\/tablesdesmatieresdesactes\/\" style=\"background-color:#660033\">Retour \u00e0 la liste des tables des mati\u00e8res<\/a><\/div>\n\n\n\n<div class=\"wp-block-button has-custom-font-size has-small-font-size\"><a class=\"wp-block-button__link has-background wp-element-button\" href=\"https:\/\/www.bourgogne-savante.fr\/index.php\/publications\/tablesdesmatieresdesactes\/colloque30\/\" style=\"background-color:#660033\">Colloque suivant >><\/a><\/div>\n<\/div>\n","protected":false},"excerpt":{"rendered":"<p>Les Bourguignons \u00e0 la d\u00e9couverte du monde, Actes du 29e colloque de l&rsquo;ABSS, Auxerre, 19 et 20 octobre 2019, Auxerre, Soci\u00e9t\u00e9 des sciences historiques et naturelles de l&rsquo;Yonne, 2020, 269&nbsp;p. CATTAGNI (Alain), \u00ab&nbsp;Allocution d&rsquo;accueil&nbsp;\u00bb, p.&nbsp;4. BODINEAU (Pierre), \u00ab&nbsp;Allocution d&rsquo;ouverture&nbsp;\u00bb, p.&nbsp;9. CHALINE (Olivier), \u00ab&nbsp;Les Bourguignons \u00e0 la d\u00e9couverte du monde&nbsp;\u00bb, p.&nbsp;13. BOURGOING (Jean-Marie de), \u00ab&nbsp;Jean-Fran\u00e7ois Foucquet &hellip; <a href=\"https:\/\/www.bourgogne-savante.fr\/index.php\/publications\/tablesdesmatieresdesactes\/colloque29\/\" class=\"more-link\">Continuer la lecture<span class=\"screen-reader-text\"> de &laquo;&nbsp;Actes du 29e colloque de l\u2019ABSS &#8211; Table des mati\u00e8res&nbsp;&raquo;<\/span><\/a><\/p>\n","protected":false},"author":1,"featured_media":0,"parent":219,"menu_order":0,"comment_status":"closed","ping_status":"closed","template":"","meta":{"footnotes":""},"class_list":["post-2318","page","type-page","status-publish","hentry"],"_links":{"self":[{"href":"https:\/\/www.bourgogne-savante.fr\/index.php\/wp-json\/wp\/v2\/pages\/2318","targetHints":{"allow":["GET"]}}],"collection":[{"href":"https:\/\/www.bourgogne-savante.fr\/index.php\/wp-json\/wp\/v2\/pages"}],"about":[{"href":"https:\/\/www.bourgogne-savante.fr\/index.php\/wp-json\/wp\/v2\/types\/page"}],"author":[{"embeddable":true,"href":"https:\/\/www.bourgogne-savante.fr\/index.php\/wp-json\/wp\/v2\/users\/1"}],"replies":[{"embeddable":true,"href":"https:\/\/www.bourgogne-savante.fr\/index.php\/wp-json\/wp\/v2\/comments?post=2318"}],"version-history":[{"count":4,"href":"https:\/\/www.bourgogne-savante.fr\/index.php\/wp-json\/wp\/v2\/pages\/2318\/revisions"}],"predecessor-version":[{"id":4494,"href":"https:\/\/www.bourgogne-savante.fr\/index.php\/wp-json\/wp\/v2\/pages\/2318\/revisions\/4494"}],"up":[{"embeddable":true,"href":"https:\/\/www.bourgogne-savante.fr\/index.php\/wp-json\/wp\/v2\/pages\/219"}],"wp:attachment":[{"href":"https:\/\/www.bourgogne-savante.fr\/index.php\/wp-json\/wp\/v2\/media?parent=2318"}],"curies":[{"name":"wp","href":"https:\/\/api.w.org\/{rel}","templated":true}]}}