{"id":30,"date":"2018-02-17T12:29:30","date_gmt":"2018-02-17T11:29:30","guid":{"rendered":"http:\/\/www.bourgogne-savante.fr\/?page_id=30"},"modified":"2025-10-27T15:52:13","modified_gmt":"2025-10-27T14:52:13","slug":"presentation","status":"publish","type":"page","link":"https:\/\/www.bourgogne-savante.fr\/index.php\/presentation\/","title":{"rendered":"Pr\u00e9sentation"},"content":{"rendered":"\n<div class=\"wp-block-buttons is-content-justification-center is-layout-flex wp-container-core-buttons-is-layout-16018d1d wp-block-buttons-is-layout-flex\">\n<div class=\"wp-block-button\"><a class=\"wp-block-button__link has-background has-small-font-size has-custom-font-size wp-element-button\" href=\"#f\u00e9d\u00e9ration\" style=\"background-color:#660033\">Une f\u00e9d\u00e9ration de 57 soci\u00e9t\u00e9s<\/a><\/div>\n\n\n\n<div class=\"wp-block-button\"><a class=\"wp-block-button__link has-background has-small-font-size has-custom-font-size wp-element-button\" href=\"#histoire\" style=\"background-color:#660033\">Histoire de l&rsquo;ABSS<\/a><\/div>\n<\/div>\n\n\n\n<h2 class=\"wp-block-heading\" style=\"font-family:Gadugi;color:#660033;margin-bottom:10px;\" id=\"f\u00e9d\u00e9ration\">Une f\u00e9d\u00e9ration de 57 soci\u00e9t\u00e9s<\/h2>\n\n\n\n<p style=\"font-family:Gadugi;\">L&rsquo;Association bourguignonne des soci\u00e9t\u00e9s savantes est une f\u00e9d\u00e9ration d&rsquo;associations de recherche, orient\u00e9e vers l&rsquo;histoire, l&rsquo;arch\u00e9ologie, la g\u00e9ographie, les sciences, les arts et les lettres. Elle compte actuellement <a href=\"https:\/\/www.bourgogne-savante.fr\/index.php\/societes-membres\/\">57 soci\u00e9t\u00e9s membres<\/a>&nbsp;: 53 sont r\u00e9parties dans les quatre d\u00e9partements de la r\u00e9gion de Bourgogne (C\u00f4te-d&rsquo;Or, Ni\u00e8vre, Sa\u00f4ne-et-Loire, Yonne) et, pour des raisons historiques, quatre ont leur si\u00e8ge en Haute-Marne et dans l&rsquo;Ain.<\/p>\n\n\n\n<h4 class=\"wp-block-heading\" style=\"font-family:Gadugi;color:#660033;margin-top:40px;margin-bottom:10px;\">Objectifs et activit\u00e9s de l&rsquo;ABSS<\/h4>\n\n\n\n<p style=\"font-family:Gadugi;\">Son r\u00f4le est d\u2019aider les soci\u00e9t\u00e9s \u00e0 harmoniser leurs activit\u00e9s et \u00e0 \u00e9changer des informations. Pour remplir cet objectif, elle diffuse un bulletin d\u2019information, la <a href=\"https:\/\/www.bourgogne-savante.fr\/index.php\/lettredelabourgognesavante\/\"><i>Lettre de la Bourgogne savante<\/i><\/a>, propose un <a href=\"https:\/\/www.bourgogne-savante.fr\/index.php\/agenda\/\">agenda en ligne<\/a> et organise un <a href=\"https:\/\/www.bourgogne-savante.fr\/index.php\/colloques\/\">colloque annuel<\/a>. Celui-ci se tient chaque fois dans une ville diff\u00e9rente et traite d\u2019un th\u00e8me choisi deux ann\u00e9es \u00e0 l\u2019avance en fonction des caract\u00e9ristiques de la cit\u00e9 qui l\u2019accueille et des grandes dates de l\u2019histoire nationale et r\u00e9gionale. Les actes en sont publi\u00e9s dans un d\u00e9lai d\u2019environ deux ans. Ils constituent une s\u00e9rie homog\u00e8ne depuis 1981.<\/p>\n\n\n\n<h4 class=\"wp-block-heading\" style=\"font-family:Gadugi;color:#660033;margin-top:40px;margin-bottom:10px;\">Administration de l&rsquo;ABSS<\/h4>\n\n\n\n<p style=\"font-family:Gadugi;\">L\u2019assembl\u00e9e g\u00e9n\u00e9rale de l\u2019ABSS se r\u00e9unit lors du colloque annuel. Elle proc\u00e8de tous les 4 ans \u00e0 l\u2019\u00e9lection du conseil d\u2019administration.<\/p>\n<p style=\"font-family:Gadugi;\"><b>Composition du conseil d&rsquo;administration de l&rsquo;ABSS \u00e9lu le 22 octobre 2022<\/b>\n<ul style=\"list-style-type: square;font-family:Gadugi;padding-left:20px;margin-top:-20px;\">\n<li>Pr\u00e9sident(e)s d\u2019honneur : Fran\u00e7oise Vignier, Daniel-Henri Vincent, Pierre Bodineau<\/li>\n<li>Pr\u00e9sident : \u00c9tienne Couriol<\/li>\n<li>Vice-pr\u00e9sident(e)s : Alain Gros (\u2020) (Ain) ; Hugues Richard (C\u00f4te-d&rsquo;Or) ; Hannelore Pepke (Sa\u00f4ne-et-Loire) ; Bernard L\u00e9ger (Yonne). Le poste de vice-pr\u00e9sident au titre du d\u00e9partement de la Ni\u00e8vre n&rsquo;est pas pourvu.<\/li>\n<li>Secr\u00e9taire g\u00e9n\u00e9ral : Pierre Gariot<\/li>\n<li>Secr\u00e9taire g\u00e9n\u00e9ral adjoint : Jean-Dominique Caron<\/li>\n<li>Tr\u00e9sori\u00e8re : \u00c9liane Lochot<\/li>\n<li>Tr\u00e9sorier adjoint : Yves Pagnotte<\/li>\n<\/ul>\n<\/p>\n\n\n\n<hr class=\"wp-block-separator has-text-color has-alpha-channel-opacity has-background is-style-wide\" style=\"background-color:#660033;color:#660033\"\/>\n\n\n\n<h2 class=\"wp-block-heading\" style=\"font-family:Gadugi;color:#660033;margin-top:30px;margin-bottom:10px;\" id=\"histoire\">Histoire de l&rsquo;ABSS<\/h2>\n\n\n\n<h4 class=\"wp-block-heading\" style=\"font-family:Gadugi;color:#660033;margin-top:30px;margin-bottom:10px;\">\u00c9tudes historiques<\/h4>\n\n\n\n<ul style=\"padding-left:20px;list-style-type:square;font-family:Gadugi;\">\n<li>Vignier, Fran\u00e7oise. \u00ab&nbsp;Le r\u00f4le des quarante-neuf premiers congr\u00e8s de l&rsquo;Association bourguignonne des soci\u00e9t\u00e9s savantes dans la vie culturelle r\u00e9gionale&nbsp;\u00bb. In <i>Association bourguignonne des soci\u00e9t\u00e9s savantes, cinquanti\u00e8me congr\u00e8s, M\u00e2con 25-27 mai 1979. Actes du congr\u00e8s, 2, Val de Sa\u00f4ne<\/i>. M\u00e2con&nbsp;: Acad\u00e9mie de M\u00e2con, 1980. p.&nbsp;37-44.<br>Article consultable sur notre <a href=\"https:\/\/www.bourgogne-savante.fr\/wp-content\/uploads\/2018\/04\/Fran\u00e7oise-Vignier.-Le-r\u00f4le-des-quarante-neuf-premiers-congr\u00e8s-de-lAssociation-bourguignonne-des-soci\u00e9t\u00e9s-savantes.-1980.pdf\" target=\"_blank\" rel=\"noopener noreferrer\">site<\/a>.<\/li>\n<li>Vignier, Fran\u00e7oise. \u00ab&nbsp;Les d\u00e9buts de l\u2019ABSS ou comment cr\u00e9er une solidarit\u00e9 entre les soci\u00e9t\u00e9s savantes des d\u00e9partements de l\u2019ancienne Bourgogne&nbsp;\u00bb. In <i>Soci\u00e9t\u00e9s savantes de Bourgogne d\u2019hier et de demain&nbsp;: quelle place dans la cit\u00e9&nbsp;?<\/i> Actes du 24<sup>e<\/sup> colloque de l\u2019ABSS, Dijon, 25-26 octobre 2014. Dijon&nbsp;: Association bourguignonne des soci\u00e9t\u00e9s savantes ; Acad\u00e9mie des sciences, arts et belles-lettres de Dijon, 2015. p.&nbsp;31-43.<br>Le texte de cet article est consultable sur notre <a href=\"https:\/\/www.bourgogne-savante.fr\/wp-content\/uploads\/2018\/04\/Fran\u00e7oise-Vignier.-Les-d\u00e9buts-de-lABSS.-2015.pdf\" target=\"_blank\" rel=\"noopener noreferrer\">site<\/a>.<\/li>\n<\/ul>\n\n\n\n<h4 class=\"wp-block-heading\" style=\"font-family:Gadugi;color:#660033;margin-top:40px;margin-bottom:10px;\">Publications ayant valeur de sources<\/h4>\n\n\n\n<ul style=\"padding-left:20px;list-style-type: square;font-family:Gadugi;\">\n<li>Oursel, Charles. \u00ab&nbsp;L\u2019association bourguignonne des soci\u00e9t\u00e9s savantes&nbsp;\u00bb. <i>M\u00e9moires de l\u2019Acad\u00e9mie des sciences, arts et belles-lettres de Dijon<\/i>. Ann\u00e9es 1925-1926. II. Bulletin. \u00e9d.&nbsp;1926. p.&nbsp;1-5.<br>Cet article est consacr\u00e9 \u00e0 la cr\u00e9ation de l&rsquo;ABSS et \u00e0 l&rsquo;\u00e9laboration de ses statuts.<br>Article consultable dans <a href=\"http:\/\/gallica.bnf.fr\/ark:\/12148\/bpt6k9722312x\/f3.item\" target=\"_blank\" rel=\"noopener noreferrer\">Gallica<\/a><\/li>\n<li>Toutain Jules. \u00ab&nbsp;L&rsquo;Association bourguignonne des Soci\u00e9t\u00e9s savantes. Vingt-cinqui\u00e8me anniversaire de sa fondation. XVI<sup>e<\/sup> congr\u00e8s, Le Creusot, 2, 3 et 4 juin 1939&nbsp;\u00bb. <i>Journal des savants<\/i>. Mai-juin 1939. p.&nbsp;123-127.<br>L&rsquo;auteur revient sur les 25 premi\u00e8res ann\u00e9es de l&rsquo;ABSS.<br>Article consultable dans <a href=\"http:\/\/www.persee.fr\/doc\/jds_0021-8103_1939_num_3_1_3023\" target=\"_blank\" rel=\"noopener noreferrer\">Pers\u00e9e<\/a><\/li>\n<li>Charrier, Henri. \u00ab&nbsp;\u00c9douard Estauni\u00e9 pr\u00e9sident de l&rsquo;Association bourguignonne des soci\u00e9t\u00e9s savantes&nbsp;\u00bb. <i>Bulletin de l&rsquo;Association bourguignonne des soci\u00e9t\u00e9s savantes<\/i>. N<sup>o<\/sup>&nbsp;24, octobre 1944. p. 1-7.<br>Article consultable dans <a href=\"http:\/\/gallica.bnf.fr\/ark:\/12148\/bpt6k97160791\/f1.image\" target=\"_blank\" rel=\"noopener noreferrer\">Gallica<\/a><\/li>\n<li><i>Bulletin de l&rsquo;Association bourguignonne des soci\u00e9t\u00e9s savantes<\/i>. N<sup>o<\/sup>&nbsp;25, mai 1945. 15&nbsp;p.<br>Ce num\u00e9ro, r\u00e9dig\u00e9 par Henri Charrier, comporte notamment un article sur Jules Toutain (p.&nbsp;1-3), \u00e9lu \u00e0 la pr\u00e9sidence de l&rsquo;ABSS en 1945, et un bilan des activit\u00e9s des soci\u00e9t\u00e9s savantes bourguignonnes durant la Deuxi\u00e8me Guerre mondiale (p.&nbsp; 4-9).<br>Num\u00e9ro consultable dans <a href=\"http:\/\/gallica.bnf.fr\/ark:\/12148\/bpt6k9716078m\/f1.image\" target=\"_blank\" rel=\"noopener noreferrer\">Gallica<\/a><br>Voir \u00e9galement le compte-rendu de ce bulletin : Drouot, Henri. \u00ab&nbsp;L\u2019association bourguignonne des soci\u00e9t\u00e9s savantes \u00e0 l\u2019issue des ann\u00e9es sombres&nbsp;\u00bb. <i>Annales de Bourgogne<\/i>. Tome&nbsp;17, ann\u00e9e 1945, fascicule II, juin. p.&nbsp;133-135.<br>Article consultable dans <a href=\"https:\/\/gallica.bnf.fr\/ark:\/12148\/bpt6k4001296p\/f57.item\" target=\"_blank\" rel=\"noopener\">Gallica<\/a><\/li>\n<\/ul>\n\n\n\n<h4 class=\"wp-block-heading\" style=\"font-family:Gadugi;color:#660033;margin-top:40px;margin-bottom:10px;\">Congr\u00e8s et colloques de l&rsquo;ABSS<\/h4>\n\n\n\n<p style=\"font-family:Gadugi;\">Consulter la liste des congr\u00e8s et colloques de l&rsquo;ABSS sur cette <a href=\"https:\/\/www.bourgogne-savante.fr\/index.php\/colloques\/liste\/\">page<\/a> du site<\/p>\n\n\n\n<hr class=\"wp-block-separator has-text-color has-alpha-channel-opacity has-background is-style-wide\" style=\"background-color:#660033;color:#660033;margin-bottom:10px;\"\/>\n\n\n\n<figure class=\"wp-block-image aligncenter size-large is-resized\"><a href=\"https:\/\/gallica.bnf.fr\/ark:\/12148\/bpt6k97160791\/f5.image\" target=\"_blank\" rel=\"noopener\"><img loading=\"lazy\" decoding=\"async\" src=\"https:\/\/www.bourgogne-savante.fr\/wp-content\/uploads\/2018\/03\/Portrait-dEdouard-Estauni\u00e9-699x1024.jpg\" alt=\"\u00c9douard Estauni\u00e9 \/ Biblioth\u00e8que municipale de Dijon (consultable dans Gallica)\" class=\"wp-image-1224\" width=\"350\" height=\"512\" title=\"\u00c9douard Estauni\u00e9 \/ Biblioth\u00e8que municipale de Dijon (consultable dans Gallica)\" srcset=\"https:\/\/www.bourgogne-savante.fr\/wp-content\/uploads\/2018\/03\/Portrait-dEdouard-Estauni\u00e9-699x1024.jpg 699w, https:\/\/www.bourgogne-savante.fr\/wp-content\/uploads\/2018\/03\/Portrait-dEdouard-Estauni\u00e9-102x150.jpg 102w, https:\/\/www.bourgogne-savante.fr\/wp-content\/uploads\/2018\/03\/Portrait-dEdouard-Estauni\u00e9-205x300.jpg 205w, https:\/\/www.bourgogne-savante.fr\/wp-content\/uploads\/2018\/03\/Portrait-dEdouard-Estauni\u00e9-768x1125.jpg 768w, https:\/\/www.bourgogne-savante.fr\/wp-content\/uploads\/2018\/03\/Portrait-dEdouard-Estauni\u00e9-1200x1758.jpg 1200w, https:\/\/www.bourgogne-savante.fr\/wp-content\/uploads\/2018\/03\/Portrait-dEdouard-Estauni\u00e9.jpg 1639w\" sizes=\"auto, (max-width: 350px) 85vw, 350px\" \/><\/a><figcaption class=\"wp-element-caption\" style=\"font-family:Gadugi;text-align:center;\">\u00c9douard Estauni\u00e9, pr\u00e9sident de l&rsquo;ABSS de 1925 \u00e0 1942<br>In Charrier, Henri. \u00ab \u00c9douard Estauni\u00e9 pr\u00e9sident de l\u2019Association bourguignonne des soci\u00e9t\u00e9s savantes \u00bb. <i>Bulletin de l\u2019Association bourguignonne des soci\u00e9t\u00e9s savantes<\/i>. N\u00b0 24, octobre 1944. Planche hors-texte.<br>Biblioth\u00e8que municipale de Dijon (consultable dans <a href=\"https:\/\/gallica.bnf.fr\/ark:\/12148\/bpt6k97160791\/f5.item\" target=\"_blank\" rel=\"noopener\">Gallica<\/a>)<\/figcaption><\/figure>\n","protected":false},"excerpt":{"rendered":"<p>Une f\u00e9d\u00e9ration de 57 soci\u00e9t\u00e9s L&rsquo;Association bourguignonne des soci\u00e9t\u00e9s savantes est une f\u00e9d\u00e9ration d&rsquo;associations de recherche, orient\u00e9e vers l&rsquo;histoire, l&rsquo;arch\u00e9ologie, la g\u00e9ographie, les sciences, les arts et les lettres. Elle compte actuellement 57 soci\u00e9t\u00e9s membres&nbsp;: 53 sont r\u00e9parties dans les quatre d\u00e9partements de la r\u00e9gion de Bourgogne (C\u00f4te-d&rsquo;Or, Ni\u00e8vre, Sa\u00f4ne-et-Loire, Yonne) et, pour des raisons &hellip; <a href=\"https:\/\/www.bourgogne-savante.fr\/index.php\/presentation\/\" class=\"more-link\">Continuer la lecture<span class=\"screen-reader-text\"> de &laquo;&nbsp;Pr\u00e9sentation&nbsp;&raquo;<\/span><\/a><\/p>\n","protected":false},"author":1,"featured_media":0,"parent":0,"menu_order":0,"comment_status":"closed","ping_status":"closed","template":"","meta":{"footnotes":""},"class_list":["post-30","page","type-page","status-publish","hentry"],"_links":{"self":[{"href":"https:\/\/www.bourgogne-savante.fr\/index.php\/wp-json\/wp\/v2\/pages\/30","targetHints":{"allow":["GET"]}}],"collection":[{"href":"https:\/\/www.bourgogne-savante.fr\/index.php\/wp-json\/wp\/v2\/pages"}],"about":[{"href":"https:\/\/www.bourgogne-savante.fr\/index.php\/wp-json\/wp\/v2\/types\/page"}],"author":[{"embeddable":true,"href":"https:\/\/www.bourgogne-savante.fr\/index.php\/wp-json\/wp\/v2\/users\/1"}],"replies":[{"embeddable":true,"href":"https:\/\/www.bourgogne-savante.fr\/index.php\/wp-json\/wp\/v2\/comments?post=30"}],"version-history":[{"count":69,"href":"https:\/\/www.bourgogne-savante.fr\/index.php\/wp-json\/wp\/v2\/pages\/30\/revisions"}],"predecessor-version":[{"id":5548,"href":"https:\/\/www.bourgogne-savante.fr\/index.php\/wp-json\/wp\/v2\/pages\/30\/revisions\/5548"}],"wp:attachment":[{"href":"https:\/\/www.bourgogne-savante.fr\/index.php\/wp-json\/wp\/v2\/media?parent=30"}],"curies":[{"name":"wp","href":"https:\/\/api.w.org\/{rel}","templated":true}]}}