{"id":34,"date":"2018-02-17T12:31:05","date_gmt":"2018-02-17T11:31:05","guid":{"rendered":"http:\/\/www.bourgogne-savante.fr\/?page_id=34"},"modified":"2026-02-28T15:53:45","modified_gmt":"2026-02-28T14:53:45","slug":"lettredelabourgognesavante","status":"publish","type":"page","link":"https:\/\/www.bourgogne-savante.fr\/index.php\/lettredelabourgognesavante\/","title":{"rendered":"Lettre de la Bourgogne savante"},"content":{"rendered":"\n<div class=\"wp-block-media-text alignwide is-stacked-on-mobile\"><figure class=\"wp-block-media-text__media\"><img loading=\"lazy\" decoding=\"async\" width=\"833\" height=\"209\" src=\"https:\/\/www.bourgogne-savante.fr\/wp-content\/uploads\/2018\/02\/Lettre-de-la-Bourgogne-savante-2.png\" alt=\"Lettre de la Bourgogne savante\" class=\"wp-image-452 size-full\" srcset=\"https:\/\/www.bourgogne-savante.fr\/wp-content\/uploads\/2018\/02\/Lettre-de-la-Bourgogne-savante-2.png 833w, https:\/\/www.bourgogne-savante.fr\/wp-content\/uploads\/2018\/02\/Lettre-de-la-Bourgogne-savante-2-150x38.png 150w, https:\/\/www.bourgogne-savante.fr\/wp-content\/uploads\/2018\/02\/Lettre-de-la-Bourgogne-savante-2-300x75.png 300w, https:\/\/www.bourgogne-savante.fr\/wp-content\/uploads\/2018\/02\/Lettre-de-la-Bourgogne-savante-2-768x193.png 768w\" sizes=\"auto, (max-width: 833px) 85vw, 833px\" \/><\/figure><div class=\"wp-block-media-text__content\">\n<p style=\"font-family:Gadugi;font-size:18px;margin-bottom:10px;\">La <i>Lettre de la Bourgogne savante<\/i> pr\u00e9sente l&rsquo;actualit\u00e9 de l\u2019ABSS et des soci\u00e9t\u00e9s savantes bourguignonnes (publications, colloques, conf\u00e9rences, expositions\u2026).<\/p>\n<\/div><\/div>\n\n\n\n<hr class=\"wp-block-separator has-text-color has-alpha-channel-opacity has-background is-style-wide\" style=\"background-color:#660033;color:#660033\"\/>\n\n\n\n<p style=\"font-family:Gadugi;font-size:20px;text-align:center;\"><b>Consulter le <a href=\"https:\/\/www.bourgogne-savante.fr\/wp-content\/uploads\/Lettre_Bourgogne_savante_25.pdf\" target=\"_blank\" rel=\"noopener\">num\u00e9ro de janvier 2026<\/a><\/b><\/p>\n\n\n<div class=\"wp-block-image\">\n<figure class=\"aligncenter size-full is-resized\"><img loading=\"lazy\" decoding=\"async\" width=\"1023\" height=\"277\" src=\"https:\/\/www.bourgogne-savante.fr\/wp-content\/uploads\/2018\/02\/Tuiles-verniss\u00e9es-d\u00e9tail.jpg\" alt=\"\" class=\"wp-image-383\" style=\"width:394px;height:107px\" srcset=\"https:\/\/www.bourgogne-savante.fr\/wp-content\/uploads\/2018\/02\/Tuiles-verniss\u00e9es-d\u00e9tail.jpg 1023w, https:\/\/www.bourgogne-savante.fr\/wp-content\/uploads\/2018\/02\/Tuiles-verniss\u00e9es-d\u00e9tail-150x41.jpg 150w, https:\/\/www.bourgogne-savante.fr\/wp-content\/uploads\/2018\/02\/Tuiles-verniss\u00e9es-d\u00e9tail-300x81.jpg 300w, https:\/\/www.bourgogne-savante.fr\/wp-content\/uploads\/2018\/02\/Tuiles-verniss\u00e9es-d\u00e9tail-768x208.jpg 768w\" sizes=\"auto, (max-width: 709px) 85vw, (max-width: 909px) 67vw, (max-width: 1362px) 62vw, 840px\" \/><\/figure>\n<\/div>\n\n\n<p style=\"font-family:Gadugi;text-align:center;margin-top:30px;\">Consulter les num\u00e9ros pr\u00e9c\u00e9dents \u00e0 partir de la liste ci-dessous :\n<center><form>\n<select name=\"jumpMenu\" id=\"jumpMenu\">\n<option>Choisissez un num\u00e9ro<\/option>\n<option value=\"https:\/\/www.bourgogne-savante.fr\/wp-content\/uploads\/Lettre_Bourgogne_savante_24.pdf\">Num\u00e9ro 24 &#8211; Juillet 2025<\/option>\n<option value=\"https:\/\/www.bourgogne-savante.fr\/wp-content\/uploads\/Lettre_Bourgogne_savante_23.pdf\">Num\u00e9ro 23 &#8211; Juillet 2024<\/option>\n<option value=\"https:\/\/www.bourgogne-savante.fr\/wp-content\/uploads\/Lettre_Bourgogne_savante_22.pdf\">Num\u00e9ro 22 &#8211; Janvier 2024<\/option>\n<option value=\"https:\/\/www.bourgogne-savante.fr\/wp-content\/uploads\/Lettre_Bourgogne_savante_21.pdf\">Num\u00e9ro 21 &#8211; \u00c9t\u00e9 2023<\/option>\n<option value=\"https:\/\/www.bourgogne-savante.fr\/wp-content\/uploads\/Lettre_Bourgogne_savante_20.pdf\">Num\u00e9ro 20 &#8211; Octobre 2022<\/option>\n<option value=\"https:\/\/www.bourgogne-savante.fr\/wp-content\/uploads\/Lettre_Bourgogne_savante_19.pdf\">Num\u00e9ro 19 &#8211; D\u00e9cembre 2021<\/option>\n<option value=\"https:\/\/www.bourgogne-savante.fr\/wp-content\/uploads\/Lettre_Bourgogne_savante_18.pdf\">Num\u00e9ro 18 &#8211; \u00c9t\u00e9 2021<\/option>\n<option value=\"https:\/\/www.bourgogne-savante.fr\/wp-content\/uploads\/Lettre_Bourgogne_savante_17.pdf\">Num\u00e9ro 17 &#8211; Mars 2021<\/option>\n<option value=\"https:\/\/www.bourgogne-savante.fr\/wp-content\/uploads\/Lettre_Bourgogne_savante_16.pdf\">Num\u00e9ro 16 &#8211; F\u00e9vrier 2021<\/option>\n<option value=\"https:\/\/www.bourgogne-savante.fr\/wp-content\/uploads\/Lettre_Bourgogne_savante_15.pdf\">Num\u00e9ro 15 &#8211; Janvier 2021<\/option>\n<option value=\"https:\/\/www.bourgogne-savante.fr\/wp-content\/uploads\/Lettre_Bourgogne_savante_14.pdf\">Num\u00e9ro 14 &#8211; \u00c9t\u00e9 2020<\/option>\n<option value=\"https:\/\/www.bourgogne-savante.fr\/wp-content\/uploads\/Lettre_Bourgogne_savante_11.pdf\">Num\u00e9ro 11 &#8211; \u00c9t\u00e9-Automne 2019<\/option>\n<option value=\"https:\/\/www.bourgogne-savante.fr\/wp-content\/uploads\/Lettre_Bourgogne_savante_10.pdf\">Num\u00e9ro 10 &#8211; Printemps 2019<\/option>\n<option value=\"https:\/\/www.bourgogne-savante.fr\/wp-content\/uploads\/Lettre_Bourgogne_savante_09.pdf\">Num\u00e9ro 9 &#8211; Automne 2018<\/option>\n<option value=\"https:\/\/www.bourgogne-savante.fr\/wp-content\/uploads\/Lettre_Bourgogne_savante_08.pdf\">Num\u00e9ro 8 &#8211; Printemps-\u00e9t\u00e9 2018<\/option>\n<option value=\"https:\/\/www.bourgogne-savante.fr\/wp-content\/uploads\/Lettre_Bourgogne_savante_07.pdf\">Num\u00e9ro 7 &#8211; Printemps 2018<\/option>\n<option value=\"https:\/\/www.bourgogne-savante.fr\/wp-content\/uploads\/Lettre_Bourgogne_savante_06.pdf\">Num\u00e9ro 6 &#8211; Automne 2017<\/option>\n<option value=\"https:\/\/www.bourgogne-savante.fr\/wp-content\/uploads\/Lettre_Bourgogne_savante_05.pdf\">Num\u00e9ro 5 &#8211; Printemps 2017<\/option>\n<option value=\"https:\/\/www.bourgogne-savante.fr\/wp-content\/uploads\/Lettre_Bourgogne_savante_04.pdf\">Num\u00e9ro 4 &#8211; Hiver 2017<\/option>\n<option value=\"https:\/\/www.bourgogne-savante.fr\/wp-content\/uploads\/Lettre_Bourgogne_savante_03.pdf\">Num\u00e9ro 3 &#8211; Automne 2016<\/option>\n<option value=\"https:\/\/www.bourgogne-savante.fr\/wp-content\/uploads\/Lettre_Bourgogne_savante_02.pdf\">Num\u00e9ro 2 &#8211; 2016<\/option>\n<option value=\"https:\/\/www.bourgogne-savante.fr\/wp-content\/uploads\/Lettre_Bourgogne_savante_01.pdf\">Num\u00e9ro 1 &#8211; 2016<\/option>\n<\/select> \n<input type=\"button\" name=\"go_button\" id=\"go_button\" value=\"Aller\" onclick=\"MM_jumpMenuGo('jumpMenu','parent',0)\"><\/form><\/center><\/p>\n<script type=\"text\/javascript\"> \n<!-- \nfunction MM_jumpMenuGo(objId,targ,restore){ \/\/v9.0 \nvar selObj = null; with (document) { \nif (getElementById) selObj = getElementById(objId); \nif (selObj) eval(targ+\".location='\"+selObj.options[selObj.selectedIndex].value+\"'\"); \nif (restore) selObj.selectedIndex=0; } \n} \n\/\/--> \n<\/script>\n\n\n\n<hr class=\"wp-block-separator has-text-color has-alpha-channel-opacity has-background is-style-wide\" style=\"background-color:#660033;color:#660033;margin-bottom:10px;\"\/>\n\n\n\n<figure class=\"wp-block-image aligncenter size-full\"><a href=\"http:\/\/patrimoine.bm-dijon.fr\/pleade\/ead.html?c=FR212316101-Images_dijonnaises_L_Est_5027_CD_II_1#!{%22content%22:[%22FR212316101-Images_dijonnaises_L_Est_5027_CD_II_1%22,false,%22%22]}\" target=\"_blank\" rel=\"noreferrer noopener\"><img loading=\"lazy\" decoding=\"async\" width=\"691\" height=\"240\" src=\"https:\/\/www.bourgogne-savante.fr\/wp-content\/uploads\/Palais-Bourgogne.jpg\" alt=\"[Palais des Ducs : d\u00e9tail d'architecture, \u00e9tat projet\u00e9]. [1899] \/ Biblioth\u00e8que municipale de Dijon, L Est. 5027 CD-II 1\" class=\"wp-image-3073\" title=\"[Palais des Ducs : d\u00e9tail d'architecture, \u00e9tat projet\u00e9]. [1899] \/ Biblioth\u00e8que municipale de Dijon, L Est. 5027 CD-II 1\" srcset=\"https:\/\/www.bourgogne-savante.fr\/wp-content\/uploads\/Palais-Bourgogne.jpg 691w, https:\/\/www.bourgogne-savante.fr\/wp-content\/uploads\/Palais-Bourgogne-300x104.jpg 300w, https:\/\/www.bourgogne-savante.fr\/wp-content\/uploads\/Palais-Bourgogne-150x52.jpg 150w\" sizes=\"auto, (max-width: 691px) 85vw, 691px\" \/><\/a><figcaption class=\"wp-element-caption\" style=\"font-family:Gadugi;text-align:center;\">[Palais des Ducs : d\u00e9tail d&rsquo;architecture, \u00e9tat projet\u00e9]. [1899]. Dessin technique, 23 \u00d7 42 cm (d\u00e9tail).<br>Biblioth\u00e8que municipale de Dijon, <a href=\"http:\/\/patrimoine.bm-dijon.fr\/pleade\/ead.html?c=FR212316101-Images_dijonnaises_L_Est_5027_CD_II_1#!{%22content%22:[%22FR212316101-Images_dijonnaises_L_Est_5027_CD_II_1%22,false,%22%22]}\" target=\"_blank\" rel=\"noreferrer noopener\">L Est. 5027 CD-II 1<\/a><\/figcaption><\/figure>\n\n\n\n<p><\/p>\n","protected":false},"excerpt":{"rendered":"<p>La Lettre de la Bourgogne savante pr\u00e9sente l&rsquo;actualit\u00e9 de l\u2019ABSS et des soci\u00e9t\u00e9s savantes bourguignonnes (publications, colloques, conf\u00e9rences, expositions\u2026). Consulter le num\u00e9ro de janvier 2026 Consulter les num\u00e9ros pr\u00e9c\u00e9dents \u00e0 partir de la liste ci-dessous : Choisissez un num\u00e9roNum\u00e9ro 24 &#8211; Juillet 2025Num\u00e9ro 23 &#8211; Juillet 2024Num\u00e9ro 22 &#8211; Janvier 2024Num\u00e9ro 21 &#8211; \u00c9t\u00e9 2023Num\u00e9ro &hellip; <a href=\"https:\/\/www.bourgogne-savante.fr\/index.php\/lettredelabourgognesavante\/\" class=\"more-link\">Continuer la lecture<span class=\"screen-reader-text\"> de &laquo;&nbsp;Lettre de la Bourgogne savante&nbsp;&raquo;<\/span><\/a><\/p>\n","protected":false},"author":1,"featured_media":0,"parent":0,"menu_order":0,"comment_status":"closed","ping_status":"closed","template":"","meta":{"footnotes":""},"class_list":["post-34","page","type-page","status-publish","hentry"],"_links":{"self":[{"href":"https:\/\/www.bourgogne-savante.fr\/index.php\/wp-json\/wp\/v2\/pages\/34","targetHints":{"allow":["GET"]}}],"collection":[{"href":"https:\/\/www.bourgogne-savante.fr\/index.php\/wp-json\/wp\/v2\/pages"}],"about":[{"href":"https:\/\/www.bourgogne-savante.fr\/index.php\/wp-json\/wp\/v2\/types\/page"}],"author":[{"embeddable":true,"href":"https:\/\/www.bourgogne-savante.fr\/index.php\/wp-json\/wp\/v2\/users\/1"}],"replies":[{"embeddable":true,"href":"https:\/\/www.bourgogne-savante.fr\/index.php\/wp-json\/wp\/v2\/comments?post=34"}],"version-history":[{"count":86,"href":"https:\/\/www.bourgogne-savante.fr\/index.php\/wp-json\/wp\/v2\/pages\/34\/revisions"}],"predecessor-version":[{"id":5876,"href":"https:\/\/www.bourgogne-savante.fr\/index.php\/wp-json\/wp\/v2\/pages\/34\/revisions\/5876"}],"wp:attachment":[{"href":"https:\/\/www.bourgogne-savante.fr\/index.php\/wp-json\/wp\/v2\/media?parent=34"}],"curies":[{"name":"wp","href":"https:\/\/api.w.org\/{rel}","templated":true}]}}