{"id":38,"date":"2018-02-17T12:31:50","date_gmt":"2018-02-17T11:31:50","guid":{"rendered":"http:\/\/www.bourgogne-savante.fr\/?page_id=38"},"modified":"2024-12-23T11:07:52","modified_gmt":"2024-12-23T10:07:52","slug":"publications","status":"publish","type":"page","link":"https:\/\/www.bourgogne-savante.fr\/index.php\/publications\/","title":{"rendered":"Publications ABSS"},"content":{"rendered":"\n<div class=\"wp-block-buttons is-content-justification-center is-layout-flex wp-container-core-buttons-is-layout-16018d1d wp-block-buttons-is-layout-flex\">\n<div class=\"wp-block-button has-custom-font-size has-small-font-size\"><a class=\"wp-block-button__link has-background wp-element-button\" href=\"#actes\" style=\"background-color:#660033\">Actes des colloques<\/a><\/div>\n\n\n\n<div class=\"wp-block-button has-custom-font-size has-small-font-size\"><a class=\"wp-block-button__link has-background wp-element-button\" href=\"#ouvrages\" style=\"background-color:#660033\">OUvrages<\/a><\/div>\n\n\n\n<div class=\"wp-block-button has-custom-font-size has-small-font-size\"><a class=\"wp-block-button__link has-background wp-element-button\" href=\"#lettre\" style=\"background-color:#660033\">Lettre et bulletin<\/a><\/div>\n<\/div>\n\n\n\n<h2 style=\"font-family:Gadugi;color:#660033;\" id=\"actes\">Actes des colloques de l\u2019ABSS<\/h2>\n\n\n\n<div class=\"wp-block-columns is-layout-flex wp-container-core-columns-is-layout-9d6595d7 wp-block-columns-is-layout-flex\">\n<div class=\"wp-block-column is-layout-flow wp-block-column-is-layout-flow\">\n<a href=\"https:\/\/www.bourgogne-savante.fr\/index.php\/colloques\/liste\/\"><p style=\"font-family:Gadugi;background-color:#660033;color:#FFFFFF;font-size:20px;text-align:center;margin-bottom:0px;padding-top:15px;padding-bottom:15px;\">Liste des congr\u00e8s et colloques de l&rsquo;ABSS<\/p><\/a>\n<figure class=\"wp-block-image size-full\"><a href=\"https:\/\/www.bourgogne-savante.fr\/index.php\/colloques\/liste\/\"><img decoding=\"async\" src=\"https:\/\/www.bourgogne-savante.fr\/wp-content\/uploads\/ABSS-banniere-colloque-2.jpg\" alt=\"\" class=\"wp-image-3113\"\/><\/a><\/figure>\n<\/div>\n\n\n\n<div class=\"wp-block-column is-layout-flow wp-block-column-is-layout-flow\">\n<a href=\"https:\/\/www.bourgogne-savante.fr\/index.php\/publications\/tablesdesmatieresdesactes\/\"><p style=\"font-family:Gadugi;background-color:#660033;color:#FFFFFF;font-size:20px;text-align:center;margin-bottom:0px;padding-top:15px;padding-bottom:15px;\">Tables des mati\u00e8res des actes (depuis 2000)<\/p><\/a><figure class=\"wp-block-image size-full\"><a href=\"https:\/\/www.bourgogne-savante.fr\/index.php\/publications\/tablesdesmatieresdesactes\/\"><img decoding=\"async\" src=\"https:\/\/www.bourgogne-savante.fr\/wp-content\/uploads\/ABSS-banniere-tables-1.jpg\" alt=\"\" class=\"wp-image-3114\"\/><\/a><\/figure>\n<\/div>\n<\/div>\n\n\n\n<hr class=\"wp-block-separator has-text-color has-alpha-channel-opacity has-background is-style-wide\" style=\"background-color:#660033;color:#660033\"\/>\n\n\n\n<h2 class=\"wp-block-heading\" style=\"font-family:Gadugi;color:#660033;margin-top:40px;margin-bottom:10px;\" id=\"ouvrages\">Ouvrages \u00e9dit\u00e9s par l\u2019ABSS<\/h2>\n\n\n\n<ul style=\"padding-left:20px;list-style-type:square;font-family:Gadugi;\">\n<li>CLAUDON, Ferdinand. <i>Histoire de Langres et de ses institutions municipales jusqu&rsquo;au commencement du XVI<sup>e<\/sup> si\u00e8cle<\/i>. \u00c9d. Pierre Gras et Jean Richard. 1955. 224\u00a0p., plan.<br \/>L&rsquo;ouvrage contient, en appendice, l&rsquo;<i>Histoire topographique de Langres<\/i>, par Andr\u00e9 Garnier. (\u00e9puis\u00e9)<\/li>\n<li>MONTENAY, Solange de. <i>L&rsquo;Abbaye b\u00e9n\u00e9dictine de Saint-Pierre de B\u00e8ze , 630-1790, son histoire au fil des jours<\/i>. 1960. 326\u00a0p. (\u00e9puis\u00e9)<\/li>\n<li>CAMP, Pierre. <i>Histoire d&rsquo;Auxonne au Moyen Age<\/i>. 1960. 254\u00a0p. et planches. (\u00e9puis\u00e9)<\/li>\n<li>BOLOTTE, Marcel. <i>Les h\u00f4pitaux et l&rsquo;assistance dans la province de Bourgogne au dernier si\u00e8cle de l&rsquo;Ancien R\u00e9gime<\/i>. 1968. XVIII-347\u00a0p., carte, planches. (\u00e9puis\u00e9)<\/li>\n<li>BOUCHARD, Marcel). <i>Pour la Bourgogne, son universit\u00e9 : souvenirs et documents<\/i>. 1973. 143\u00a0p. (\u00e9puis\u00e9)<\/li>\n<li><i>Pour une histoire monumentale de l&rsquo;abbaye de C\u00eeteaux, 1098-1998<\/i>. Dir. Martine Plouvier, Alain Saint-Denis. 1998. 404\u00a0p., illustr\u00e9 (\u00ab\u00a0C\u00eeteaux, Commentarii cistercienses. Studia et documenta\u00a0\u00bb ; 8). (\u00e9puis\u00e9)<\/li>\n<\/ul>\n\n\n\n<hr class=\"wp-block-separator has-text-color has-alpha-channel-opacity has-background is-style-wide\" style=\"background-color:#660033;color:#660033\"\/>\n\n\n\n<h2 class=\"wp-block-heading\" style=\"font-family:Gadugi;color:#660033;margin-top:40px;margin-bottom:20px;\" id=\"lettre\">Lettre et bulletin de l&rsquo;ABSS<\/h2>\n\n\n\n<div class=\"wp-block-columns alignwide is-layout-flex wp-container-core-columns-is-layout-9d6595d7 wp-block-columns-is-layout-flex\">\n<div class=\"wp-block-column is-layout-flow wp-block-column-is-layout-flow\" style=\"flex-basis:50%\">\n<a href=\"https:\/\/www.bourgogne-savante.fr\/index.php\/lettredelabourgognesavante\/\"><img decoding=\"async\" src=\"https:\/\/www.bourgogne-savante.fr\/wp-content\/uploads\/2018\/02\/Tuiles-verniss\u00e9es-d\u00e9tail-2.jpg\" alt=\"Lettre de la Bourgogne savante\" title=\"Lettre de la Bourgogne savante\"><\/a>\n<a href=\"https:\/\/www.bourgogne-savante.fr\/index.php\/lettredelabourgognesavante\/\"><img loading=\"lazy\" decoding=\"async\" width=\"833\" height=\"209\" src=\"https:\/\/www.bourgogne-savante.fr\/wp-content\/uploads\/2018\/02\/Lettre-de-la-Bourgogne-savante-2.png\" alt=\"Lettre de la Bourgogne savante\" title=\"Lettre de la Bourgogne savante\" class=\"wp-image-452\" srcset=\"https:\/\/www.bourgogne-savante.fr\/wp-content\/uploads\/2018\/02\/Lettre-de-la-Bourgogne-savante-2.png 833w, https:\/\/www.bourgogne-savante.fr\/wp-content\/uploads\/2018\/02\/Lettre-de-la-Bourgogne-savante-2-150x38.png 150w, https:\/\/www.bourgogne-savante.fr\/wp-content\/uploads\/2018\/02\/Lettre-de-la-Bourgogne-savante-2-300x75.png 300w, https:\/\/www.bourgogne-savante.fr\/wp-content\/uploads\/2018\/02\/Lettre-de-la-Bourgogne-savante-2-768x193.png 768w\" sizes=\"auto, (max-width: 833px) 85vw, 833px\" \/><\/a>\n<\/div>\n\n\n\n<div class=\"wp-block-column is-layout-flow wp-block-column-is-layout-flow\" style=\"flex-basis:50%\">\n<p style=\"font-family:Gadugi;\">Depuis 2016, la <a href=\"https:\/\/www.bourgogne-savante.fr\/index.php\/lettredelabourgognesavante\/\"><i>Lettre de la Bourgogne savante<\/i><\/a> pr\u00e9sente les actualit\u00e9s de l&rsquo;ABSS et des soci\u00e9t\u00e9s savantes qui en sont membres.<\/p>\n<\/div>\n<\/div>\n\n\n\n<p style=\"font-family:Gadugi;\">De 1927 \u00e0 2010, l&rsquo;ABSS a publi\u00e9 un bulletin d&rsquo;information sous des titres diff\u00e9rents et selon une p\u00e9riodicit\u00e9 variable.<br>Diff\u00e9rents num\u00e9ros publi\u00e9s entre 1927 et 1950 ont \u00e9t\u00e9 num\u00e9ris\u00e9s. Ils sont consultables en ligne dans <a href=\"http:\/\/gallica.bnf.fr\/ark:\/12148\/cb34360285f\/date&amp;rk=21459;2\" target=\"_blank\" rel=\"noopener\">Gallica<\/a>.<br>Les num\u00e9ros de d\u00e9cembre 2007 \u00e0 juin 2010 sont accessibles \u00e0 partir de la liste ci-dessous :<br>\n<form>\n<select name=\"jumpMenu\" id=\"jumpMenu\">\n<option>Choisissez un num\u00e9ro<\/option>\n<option value=\"https:\/\/www.bourgogne-savante.fr\/wp-content\/uploads\/2018\/02\/Bulletin-dinformation-Juin-2010.pdf\">Juin 2010<\/option>\n<option value=\"https:\/\/www.bourgogne-savante.fr\/wp-content\/uploads\/2018\/02\/Bulletin-dinformation-Novembre-2009.pdf\">Novembre 2009<\/option>\n<option value=\"https:\/\/www.bourgogne-savante.fr\/wp-content\/uploads\/2018\/02\/Bulletin-dinformation-Septembre-2009.pdf\">Septembre 2009<\/option>\n<option value=\"https:\/\/www.bourgogne-savante.fr\/wp-content\/uploads\/2018\/02\/Bulletin-dinformation-Janvier-2009.pdf\">Janvier 2009<\/option>\n<option value=\"https:\/\/www.bourgogne-savante.fr\/wp-content\/uploads\/2018\/02\/Bulletin-dinformation-Septembre-2008.pdf\">Septembre 2008<\/option>\n<option value=\"https:\/\/www.bourgogne-savante.fr\/wp-content\/uploads\/2018\/02\/Bulletin-dinformation-Juin-2008.pdf\">Juin 2008<\/option>\n<option value=\"https:\/\/www.bourgogne-savante.fr\/wp-content\/uploads\/2018\/02\/Bulletin-dinformation-D\u00e9cembre-2007.pdf\">D\u00e9cembre 2007<\/option>\n<\/select> \n<input type=\"button\" name=\"go_button\" id= \"go_button\" value=\"Consulter\" onclick=\"MM_jumpMenuGo('jumpMenu','parent',0)\" \/><\/form><\/p>\n<script type=\"text\/javascript\"> \n<!-- \nfunction MM_jumpMenuGo(objId,targ,restore){ \/\/v9.0 \nvar selObj = null; with (document) { \nif (getElementById) selObj = getElementById(objId); \nif (selObj) eval(targ+\".location='\"+selObj.options[selObj.selectedIndex].value+\"'\"); \nif (restore) selObj.selectedIndex=0; } \n} \n\/\/--> \n<\/script>\n\n\n\n<figure class=\"wp-block-image aligncenter size-large is-resized\"><a href=\"https:\/\/gallica.bnf.fr\/ark:\/12148\/bpt6k9716071q\" target=\"_blank\" rel=\"noreferrer noopener\"><img loading=\"lazy\" decoding=\"async\" src=\"https:\/\/www.bourgogne-savante.fr\/wp-content\/uploads\/Bulletin___Association_bourguignonne_des_.Association_bourguignonne_bpt6k9716071q_7-1024x333.jpg\" alt=\"Bulletin - Association bourguignonne des soci\u00e9t\u00e9s savantes. 1\u00e8re ann\u00e9e, n\u00b0 1, janvier 1927 \/ Biblioth\u00e8que municipale de Dijon (consultable dans Gallica)\" class=\"wp-image-3097\" width=\"764\" height=\"247\" title=\"Bulletin - Association bourguignonne des soci\u00e9t\u00e9s savantes. 1\u00e8re ann\u00e9e, n\u00b0 1, janvier 1927 \/ Biblioth\u00e8que municipale de Dijon (consultable dans Gallica)\" style=\"margin-top:30px;\" srcset=\"https:\/\/www.bourgogne-savante.fr\/wp-content\/uploads\/Bulletin___Association_bourguignonne_des_.Association_bourguignonne_bpt6k9716071q_7-1024x333.jpg 1024w, https:\/\/www.bourgogne-savante.fr\/wp-content\/uploads\/Bulletin___Association_bourguignonne_des_.Association_bourguignonne_bpt6k9716071q_7-300x97.jpg 300w, https:\/\/www.bourgogne-savante.fr\/wp-content\/uploads\/Bulletin___Association_bourguignonne_des_.Association_bourguignonne_bpt6k9716071q_7-150x49.jpg 150w, https:\/\/www.bourgogne-savante.fr\/wp-content\/uploads\/Bulletin___Association_bourguignonne_des_.Association_bourguignonne_bpt6k9716071q_7-768x249.jpg 768w, https:\/\/www.bourgogne-savante.fr\/wp-content\/uploads\/Bulletin___Association_bourguignonne_des_.Association_bourguignonne_bpt6k9716071q_7-1536x499.jpg 1536w, https:\/\/www.bourgogne-savante.fr\/wp-content\/uploads\/Bulletin___Association_bourguignonne_des_.Association_bourguignonne_bpt6k9716071q_7-1200x390.jpg 1200w, https:\/\/www.bourgogne-savante.fr\/wp-content\/uploads\/Bulletin___Association_bourguignonne_des_.Association_bourguignonne_bpt6k9716071q_7.jpg 2004w\" sizes=\"auto, (max-width: 764px) 85vw, 764px\" \/><\/a><figcaption class=\"wp-element-caption\" style=\"font-family:Gadugi;text-align:center;\"><em>Bulletin &#8211; Association bourguignonne des soci\u00e9t\u00e9s savantes<\/em>. 1<sup>\u00e8re<\/sup> ann\u00e9e, n\u00b0 1, janvier 1927. p. 1 (d\u00e9tail).<br>Biblioth\u00e8que municipale de Dijon (consultable dans<a href=\"https:\/\/gallica.bnf.fr\/ark:\/12148\/bpt6k9716071q\" target=\"_blank\" rel=\"noreferrer noopener\"> Gallica<\/a>)<\/figcaption><\/figure>\n","protected":false},"excerpt":{"rendered":"<p>Actes des colloques de l\u2019ABSS Liste des congr\u00e8s et colloques de l&rsquo;ABSS Tables des mati\u00e8res des actes (depuis 2000) Ouvrages \u00e9dit\u00e9s par l\u2019ABSS CLAUDON, Ferdinand. Histoire de Langres et de ses institutions municipales jusqu&rsquo;au commencement du XVIe si\u00e8cle. \u00c9d. Pierre Gras et Jean Richard. 1955. 224\u00a0p., plan.L&rsquo;ouvrage contient, en appendice, l&rsquo;Histoire topographique de Langres, par &hellip; <a href=\"https:\/\/www.bourgogne-savante.fr\/index.php\/publications\/\" class=\"more-link\">Continuer la lecture<span class=\"screen-reader-text\"> de &laquo;&nbsp;Publications ABSS&nbsp;&raquo;<\/span><\/a><\/p>\n","protected":false},"author":1,"featured_media":0,"parent":0,"menu_order":0,"comment_status":"closed","ping_status":"closed","template":"","meta":{"footnotes":""},"class_list":["post-38","page","type-page","status-publish","hentry"],"_links":{"self":[{"href":"https:\/\/www.bourgogne-savante.fr\/index.php\/wp-json\/wp\/v2\/pages\/38","targetHints":{"allow":["GET"]}}],"collection":[{"href":"https:\/\/www.bourgogne-savante.fr\/index.php\/wp-json\/wp\/v2\/pages"}],"about":[{"href":"https:\/\/www.bourgogne-savante.fr\/index.php\/wp-json\/wp\/v2\/types\/page"}],"author":[{"embeddable":true,"href":"https:\/\/www.bourgogne-savante.fr\/index.php\/wp-json\/wp\/v2\/users\/1"}],"replies":[{"embeddable":true,"href":"https:\/\/www.bourgogne-savante.fr\/index.php\/wp-json\/wp\/v2\/comments?post=38"}],"version-history":[{"count":77,"href":"https:\/\/www.bourgogne-savante.fr\/index.php\/wp-json\/wp\/v2\/pages\/38\/revisions"}],"predecessor-version":[{"id":5133,"href":"https:\/\/www.bourgogne-savante.fr\/index.php\/wp-json\/wp\/v2\/pages\/38\/revisions\/5133"}],"wp:attachment":[{"href":"https:\/\/www.bourgogne-savante.fr\/index.php\/wp-json\/wp\/v2\/media?parent=38"}],"curies":[{"name":"wp","href":"https:\/\/api.w.org\/{rel}","templated":true}]}}