{"id":389,"date":"2018-02-25T13:35:36","date_gmt":"2018-02-25T12:35:36","guid":{"rendered":"http:\/\/www.bourgogne-savante.fr\/?page_id=389"},"modified":"2024-01-02T11:53:19","modified_gmt":"2024-01-02T10:53:19","slug":"colloque10","status":"publish","type":"page","link":"https:\/\/www.bourgogne-savante.fr\/index.php\/publications\/tablesdesmatieresdesactes\/colloque10\/","title":{"rendered":"Actes du 10e colloque de l&rsquo;ABSS &#8211; Table des mati\u00e8res"},"content":{"rendered":"\n<div class=\"wp-block-media-text alignwide is-stacked-on-mobile\" style=\"grid-template-columns:25% auto\"><figure class=\"wp-block-media-text__media\"><img loading=\"lazy\" decoding=\"async\" width=\"250\" height=\"376\" src=\"https:\/\/www.bourgogne-savante.fr\/wp-content\/uploads\/Colloque-ABSS-2000-1.png\" alt=\"\" class=\"wp-image-3817 size-full\" srcset=\"https:\/\/www.bourgogne-savante.fr\/wp-content\/uploads\/Colloque-ABSS-2000-1.png 250w, https:\/\/www.bourgogne-savante.fr\/wp-content\/uploads\/Colloque-ABSS-2000-1-199x300.png 199w, https:\/\/www.bourgogne-savante.fr\/wp-content\/uploads\/Colloque-ABSS-2000-1-100x150.png 100w\" sizes=\"auto, (max-width: 250px) 85vw, 250px\" \/><\/figure><div class=\"wp-block-media-text__content\">\n<p style=\"font-family:Gadugi;font-size:18px;\"><i>F\u00eates et jeux entre Sa\u00f4ne et Meuse. Bourgogne, Champagne et r\u00e9gions adjacentes<\/i>, Actes du 10<sup>e<\/sup> colloque de l&rsquo;Association bourguignonne des soci\u00e9t\u00e9s savantes, Langres (21-22 octobre 2000), Dijon, Association bourguignonne des soci\u00e9t\u00e9s savantes, Langres, Soci\u00e9t\u00e9 historique et arch\u00e9ologique de Langres, 2003, 296&nbsp;p.<\/p>\n<\/div><\/div>\n\n\n\n<hr class=\"wp-block-separator has-text-color has-alpha-channel-opacity has-background is-style-wide\" style=\"background-color:#660033;color:#660033\"\/>\n\n\n\n<p style=\"font-family:Gadugi;margin-bottom:10px;\">VIARD (Georges), VIGNIER (Fran\u00e7oise), \u00ab&nbsp;Le dixi\u00e8me colloque de l&rsquo;ABSS&nbsp;\u00bb, p.&nbsp;9-11.<\/p>\n<p style=\"font-family:Gadugi;margin-bottom:10px;margin-top:0px;\">BERC\u00c9 (Yves-Marie), \u00ab&nbsp;Avant propos&nbsp;\u00bb, p.&nbsp;13-16.<\/p>\n<p style=\"font-family:Gadugi;margin-bottom:10px;margin-top:0px;\">SURDEL (Alain-Julien), \u00ab&nbsp;Le th\u00e9\u00e2tre \u00e0 Langres \u00e0 la fin du Moyen Age. Guillaume Flamant, Le Jeu sainct Didier et autres pi\u00e8ces (1482-1512)&nbsp;\u00bb, p.&nbsp;17-32.<\/p>\n<p style=\"font-family:Gadugi;margin-bottom:10px;margin-top:0px;\">CLOUZOT (Martine), \u00ab&nbsp;Les musiciens et la musique dans les Myst\u00e8res des villes de Bourgogne \u00e0 la fin du Moyen \u00c2ge&nbsp;\u00bb, p.&nbsp;33-50.<\/p>\n<p style=\"font-family:Gadugi;margin-bottom:10px;margin-top:0px;\">PAUTY (Michel), \u00ab&nbsp;Jouer avec le Seigneur des Accords&nbsp;\u00bb, p.&nbsp;51-64.<\/p>\n<p style=\"font-family:Gadugi;margin-bottom:10px;margin-top:0px;\">VIARD (Georges), \u00ab&nbsp;La guerre et la f\u00eate. L&rsquo;exemple de Langres et de Chaumont de 1580 \u00e0 1660&nbsp;\u00bb, p.&nbsp;65-76.<\/p>\n<p style=\"font-family:Gadugi;margin-bottom:10px;margin-top:0px;\">PETITJEAN (Michel), \u00ab&nbsp;Un divertissement devenu jeu dangereux peut-il redevenir une louable coutume&nbsp;?&nbsp;\u00bb, p.&nbsp;77-83.<\/p>\n<p style=\"font-family:Gadugi;margin-bottom:10px;margin-top:0px;\">LAMARRE (Christine), \u00ab&nbsp;Le jeu de l&rsquo;Arquebuse \u00e0 Noyers-sur-Serein&nbsp;\u00bb, p.&nbsp;85-96.<\/p>\n<p style=\"font-family:Gadugi;margin-bottom:10px;margin-top:0px;\">BOUTHIER (Alain), \u00ab&nbsp;La course \u00e0 la sentinelle sous l&rsquo;Ancien R\u00e9gime \u00e0 Cosne-sur-Loire (Ni\u00e8vre)&nbsp;\u00bb, p.&nbsp;97-104.<\/p>\n<p style=\"font-family:Gadugi;margin-bottom:10px;margin-top:0px;\">RICHARD (Hugues), \u00ab&nbsp;F\u00eates et c\u00e9l\u00e9brations dans les mandements \u00e9piscopaux langrois au XVIII<sup>e<\/sup> si\u00e8cle&nbsp;\u00bb, p.&nbsp;105-125.<\/p>\n<p style=\"font-family:Gadugi;margin-bottom:10px;margin-top:0px;\">ALLEMAND-GAY (Marie-Th\u00e9r\u00e8se), \u00ab&nbsp;Les festivit\u00e9s en Lorraine au temps de Stanislas&nbsp;\u00bb, p.&nbsp;127-144.<\/p>\n<p style=\"font-family:Gadugi;margin-bottom:10px;margin-top:0px;\">PIZELLE (Jean-Paul), \u00ab&nbsp;Les f\u00eates r\u00e9volutionnaires \u00e0 Langres (1789-1799)&nbsp;\u00bb, p.&nbsp;145-160.<\/p>\n<p style=\"font-family:Gadugi;margin-bottom:10px;margin-top:0px;\">CHEVAILLIER (Georges), \u00ab&nbsp;Les f\u00eates de la Premi\u00e8re R\u00e9publique, du Directoire et du Consulat \u00e0 Beaune&nbsp;\u00bb, p.&nbsp;161-174.<\/p>\n<p style=\"font-family:Gadugi;margin-bottom:10px;margin-top:0px;\">BERNET (Jacques), \u00ab&nbsp;Les f\u00eates r\u00e9volutionnaires c\u00e9l\u00e9brant la premi\u00e8re abolition de l&rsquo;esclavage, en Champagne et \u00e0 Auxerre, en l&rsquo;an II (1794)&nbsp;\u00bb, p.&nbsp;175-187.<\/p>\n<p style=\"font-family:Gadugi;margin-bottom:10px;margin-top:0px;\">LAIDI\u00c9 (Frank), \u00ab&nbsp;La f\u00eate r\u00e9volutionnaire ou l&rsquo;apprentissage de la r\u00e9g\u00e9n\u00e9ration&nbsp;\u00bb, p.&nbsp;189-202.<\/p>\n<p style=\"font-family:Gadugi;margin-bottom:10px;margin-top:0px;\">VIGNIER (Fran\u00e7oise), \u00ab&nbsp;Les f\u00eates \u00e0 Semur-en-Auxois de 1791 \u00e0 1824 d&rsquo;apr\u00e8s les notes d&rsquo;une bourgeoise de la ville&nbsp;\u00bb, p.&nbsp;203-212.<\/p>\n<p style=\"font-family:Gadugi;margin-bottom:10px;margin-top:0px;\">PLATRET (Gilles), \u00ab&nbsp;Le carnaval de 1820 \u00e0 Chalon-sur-Sa\u00f4ne. Instrumentalisation politique des rites de la f\u00eate&nbsp;\u00bb, p.&nbsp;213-229.<\/p>\n<p style=\"font-family:Gadugi;margin-bottom:10px;margin-top:0px;\">PINARD (Liliane), \u00ab&nbsp;Les m\u00e9tamorphoses du temps de carnaval dans le Morvan aux XIX<sup>e<\/sup> et XX<sup>e<\/sup> si\u00e8cles&nbsp;\u00bb, p.&nbsp;231-243.<\/p>\n<p style=\"font-family:Gadugi;margin-bottom:10px;margin-top:0px;\">TOUVERON (Yves), NOULENS (Raymond), \u00ab&nbsp;F\u00eates et r\u00e9jouissances \u00e0 Saint-Sernin du Plain au XIX<sup>e<\/sup> si\u00e8cle&nbsp;\u00bb, p.&nbsp;245-256.<\/p>\n<p style=\"font-family:Gadugi;margin-bottom:10px;margin-top:0px;\">GUICHARD (Bernadette), \u00ab&nbsp;De f\u00eate en f\u00eate : du 25 d\u00e9cembre au 6 janvier&nbsp;\u00bb, p.&nbsp;257-267.<\/p>\n<p style=\"font-family:Gadugi;margin-top:0px;\">VUE (Blandine), \u00ab&nbsp;Pour bien se marier&nbsp;\u00bb, p.&nbsp;269-290.<\/p>\n\n\n\n<hr class=\"wp-block-separator has-text-color has-alpha-channel-opacity has-background is-style-wide\" style=\"background-color:#660033;color:#660033\"\/>\n\n\n\n<p style=\"font-family:Gadugi;margin-bottom:50px;\">Volume \u00e9puis\u00e9<\/p>\n\n\n\n<div class=\"wp-block-buttons is-content-justification-center is-layout-flex wp-container-core-buttons-is-layout-16018d1d wp-block-buttons-is-layout-flex\">\n<div class=\"wp-block-button has-custom-font-size has-small-font-size\"><a class=\"wp-block-button__link has-background wp-element-button\" href=\"https:\/\/www.bourgogne-savante.fr\/index.php\/publications\/tablesdesmatieresdesactes\/\" style=\"background-color:#660033\">Retour \u00e0 la liste des tables des mati\u00e8res<\/a><\/div>\n\n\n\n<div class=\"wp-block-button has-custom-font-size has-small-font-size\"><a class=\"wp-block-button__link has-background wp-element-button\" href=\"https:\/\/www.bourgogne-savante.fr\/index.php\/publications\/tablesdesmatieresdesactes\/colloque11\/\" style=\"background-color:#660033\">Colloque suivant >><\/a><\/div>\n<\/div>\n","protected":false},"excerpt":{"rendered":"<p>F\u00eates et jeux entre Sa\u00f4ne et Meuse. Bourgogne, Champagne et r\u00e9gions adjacentes, Actes du 10e colloque de l&rsquo;Association bourguignonne des soci\u00e9t\u00e9s savantes, Langres (21-22 octobre 2000), Dijon, Association bourguignonne des soci\u00e9t\u00e9s savantes, Langres, Soci\u00e9t\u00e9 historique et arch\u00e9ologique de Langres, 2003, 296&nbsp;p. VIARD (Georges), VIGNIER (Fran\u00e7oise), \u00ab&nbsp;Le dixi\u00e8me colloque de l&rsquo;ABSS&nbsp;\u00bb, p.&nbsp;9-11. BERC\u00c9 (Yves-Marie), \u00ab&nbsp;Avant propos&nbsp;\u00bb, &hellip; <a href=\"https:\/\/www.bourgogne-savante.fr\/index.php\/publications\/tablesdesmatieresdesactes\/colloque10\/\" class=\"more-link\">Continuer la lecture<span class=\"screen-reader-text\"> de &laquo;&nbsp;Actes du 10e colloque de l&rsquo;ABSS &#8211; Table des mati\u00e8res&nbsp;&raquo;<\/span><\/a><\/p>\n","protected":false},"author":1,"featured_media":0,"parent":219,"menu_order":0,"comment_status":"closed","ping_status":"closed","template":"","meta":{"footnotes":""},"class_list":["post-389","page","type-page","status-publish","hentry"],"_links":{"self":[{"href":"https:\/\/www.bourgogne-savante.fr\/index.php\/wp-json\/wp\/v2\/pages\/389","targetHints":{"allow":["GET"]}}],"collection":[{"href":"https:\/\/www.bourgogne-savante.fr\/index.php\/wp-json\/wp\/v2\/pages"}],"about":[{"href":"https:\/\/www.bourgogne-savante.fr\/index.php\/wp-json\/wp\/v2\/types\/page"}],"author":[{"embeddable":true,"href":"https:\/\/www.bourgogne-savante.fr\/index.php\/wp-json\/wp\/v2\/users\/1"}],"replies":[{"embeddable":true,"href":"https:\/\/www.bourgogne-savante.fr\/index.php\/wp-json\/wp\/v2\/comments?post=389"}],"version-history":[{"count":15,"href":"https:\/\/www.bourgogne-savante.fr\/index.php\/wp-json\/wp\/v2\/pages\/389\/revisions"}],"predecessor-version":[{"id":4476,"href":"https:\/\/www.bourgogne-savante.fr\/index.php\/wp-json\/wp\/v2\/pages\/389\/revisions\/4476"}],"up":[{"embeddable":true,"href":"https:\/\/www.bourgogne-savante.fr\/index.php\/wp-json\/wp\/v2\/pages\/219"}],"wp:attachment":[{"href":"https:\/\/www.bourgogne-savante.fr\/index.php\/wp-json\/wp\/v2\/media?parent=389"}],"curies":[{"name":"wp","href":"https:\/\/api.w.org\/{rel}","templated":true}]}}