{"id":40,"date":"2018-02-17T12:32:17","date_gmt":"2018-02-17T11:32:17","guid":{"rendered":"http:\/\/www.bourgogne-savante.fr\/?page_id=40"},"modified":"2023-05-01T19:15:29","modified_gmt":"2023-05-01T17:15:29","slug":"celebrations-de-bourgogne","status":"publish","type":"page","link":"https:\/\/www.bourgogne-savante.fr\/index.php\/celebrations-de-bourgogne\/","title":{"rendered":"C\u00e9l\u00e9brations de Bourgogne"},"content":{"rendered":"<div class=\"wp-block-image\">\n<figure class=\"aligncenter size-large is-resized\"><a href=\"https:\/\/www.academie-sabl-dijon.org\/les-celebrations-de-bourgogne\/\" target=\"_blank\" rel=\"noreferrer noopener\"><img loading=\"lazy\" decoding=\"async\" src=\"https:\/\/www.bourgogne-savante.fr\/wp-content\/uploads\/2018\/02\/Ce-leb-1024x194.jpg\" alt=\"C\u00e9l\u00e9brations de Bourgogne\" class=\"wp-image-95\" width=\"512\" height=\"97\" title=\"C\u00e9l\u00e9brations de Bourgogne\" srcset=\"https:\/\/www.bourgogne-savante.fr\/wp-content\/uploads\/2018\/02\/Ce-leb.jpg 1024w, https:\/\/www.bourgogne-savante.fr\/wp-content\/uploads\/2018\/02\/Ce-leb-300x57.jpg 300w, https:\/\/www.bourgogne-savante.fr\/wp-content\/uploads\/2018\/02\/Ce-leb-768x146.jpg 768w\" sizes=\"auto, (max-width: 512px) 85vw, 512px\" \/><\/a><\/figure>\n<\/div>\n\n\n<p style=\"font-family:Gadugi;margin-top:30px;\">La Bourgogne est une terre d\u2019histoire et de culture, riche de personnalit\u00e9s et d\u2019\u00e9v\u00e9nements qui ont marqu\u00e9 leur temps. L\u2019Acad\u00e9mie des sciences, arts et belles-lettres de Dijon avec la cinquantaine d\u2019institutions \u00e9rudites regroup\u00e9es au sein de l\u2019Association bourguignonne des soci\u00e9t\u00e9s savantes qui constituent la Bourgogne Savante, portent leur part de la m\u00e9moire r\u00e9gionale. Elles mettent leurs connaissances au service d\u2019une publication originale : les <i>C\u00e9l\u00e9brations de Bourgogne<\/i>.<\/p>\n<p style=\"font-family:Gadugi;margin-bottom:30px;\">Les <i>C\u00e9l\u00e9brations de Bourgogne<\/i> rappellent chaque ann\u00e9e depuis 2011 des anniversaires qui r\u00e9v\u00e8lent la singularit\u00e9 de la Bourgogne, une vieille terre de spiritualit\u00e9, d\u2019exploits et de civilisation dans le cours des si\u00e8cles. Les <i>C\u00e9l\u00e9brations<\/i> sortent de l\u2019oubli les hommes et les femmes, humbles ou \u00e9minents \u00e0 leur \u00e9poque, qui ont f\u00e9cond\u00e9 leur r\u00e9gion et au-del\u00e0. Tout ce qui a un sens, \u00e9v\u00e9nement, d\u00e9couverte, invention, fait d\u2019arme ou fait divers, \u0153uvre, cr\u00e9ation monumentale ou plastique\u2026 tout a sa place dans les <i>C\u00e9l\u00e9brations<\/i>. Le <a href=\"http:\/\/www.academie-sabl-dijon.org\/les-celebrations-de-bourgogne\/\" target=\"_blank\" rel=\"noopener\">site internet de l\u2019Acad\u00e9mie de Dijon<\/a> permet la consultation des diff\u00e9rentes parutions.\n\n\n\n<figure class=\"wp-block-image size-large\"><img loading=\"lazy\" decoding=\"async\" width=\"1024\" height=\"564\" src=\"https:\/\/www.bourgogne-savante.fr\/wp-content\/uploads\/2018\/02\/Gloires-de-la-Bourgogne-1024x564.jpg\" alt=\"L\u00e9vy, Henri-L\u00e9opold. Les Gloires de la Bourgogne. 1894\" title=\"L\u00e9vy, Henri-L\u00e9opold. Les Gloires de la Bourgogne. 1894\" class=\"wp-image-96\" srcset=\"https:\/\/www.bourgogne-savante.fr\/wp-content\/uploads\/2018\/02\/Gloires-de-la-Bourgogne-1024x564.jpg 1024w, https:\/\/www.bourgogne-savante.fr\/wp-content\/uploads\/2018\/02\/Gloires-de-la-Bourgogne-300x165.jpg 300w, https:\/\/www.bourgogne-savante.fr\/wp-content\/uploads\/2018\/02\/Gloires-de-la-Bourgogne-768x423.jpg 768w, https:\/\/www.bourgogne-savante.fr\/wp-content\/uploads\/2018\/02\/Gloires-de-la-Bourgogne.jpg 1282w\" sizes=\"auto, (max-width: 709px) 85vw, (max-width: 909px) 67vw, (max-width: 1362px) 62vw, 840px\" \/><figcaption class=\"wp-element-caption\" style=\"font-family:Gadugi;text-align:center;\">L\u00e9vy, Henri-L\u00e9opold. <i>Les Gloires de la Bourgogne<\/i>. 1894. Huile sur toile, 468 \u00d7 828 cm<br>Dijon, Salle des \u00c9tats de Bourgogne<\/figcaption><\/figure>\n","protected":false},"excerpt":{"rendered":"<p>La Bourgogne est une terre d\u2019histoire et de culture, riche de personnalit\u00e9s et d\u2019\u00e9v\u00e9nements qui ont marqu\u00e9 leur temps. L\u2019Acad\u00e9mie des sciences, arts et belles-lettres de Dijon avec la cinquantaine d\u2019institutions \u00e9rudites regroup\u00e9es au sein de l\u2019Association bourguignonne des soci\u00e9t\u00e9s savantes qui constituent la Bourgogne Savante, portent leur part de la m\u00e9moire r\u00e9gionale. Elles mettent &hellip; <a href=\"https:\/\/www.bourgogne-savante.fr\/index.php\/celebrations-de-bourgogne\/\" class=\"more-link\">Continuer la lecture<span class=\"screen-reader-text\"> de &laquo;&nbsp;C\u00e9l\u00e9brations de Bourgogne&nbsp;&raquo;<\/span><\/a><\/p>\n","protected":false},"author":1,"featured_media":0,"parent":0,"menu_order":0,"comment_status":"closed","ping_status":"closed","template":"","meta":{"footnotes":""},"class_list":["post-40","page","type-page","status-publish","hentry"],"_links":{"self":[{"href":"https:\/\/www.bourgogne-savante.fr\/index.php\/wp-json\/wp\/v2\/pages\/40","targetHints":{"allow":["GET"]}}],"collection":[{"href":"https:\/\/www.bourgogne-savante.fr\/index.php\/wp-json\/wp\/v2\/pages"}],"about":[{"href":"https:\/\/www.bourgogne-savante.fr\/index.php\/wp-json\/wp\/v2\/types\/page"}],"author":[{"embeddable":true,"href":"https:\/\/www.bourgogne-savante.fr\/index.php\/wp-json\/wp\/v2\/users\/1"}],"replies":[{"embeddable":true,"href":"https:\/\/www.bourgogne-savante.fr\/index.php\/wp-json\/wp\/v2\/comments?post=40"}],"version-history":[{"count":30,"href":"https:\/\/www.bourgogne-savante.fr\/index.php\/wp-json\/wp\/v2\/pages\/40\/revisions"}],"predecessor-version":[{"id":3654,"href":"https:\/\/www.bourgogne-savante.fr\/index.php\/wp-json\/wp\/v2\/pages\/40\/revisions\/3654"}],"wp:attachment":[{"href":"https:\/\/www.bourgogne-savante.fr\/index.php\/wp-json\/wp\/v2\/media?parent=40"}],"curies":[{"name":"wp","href":"https:\/\/api.w.org\/{rel}","templated":true}]}}