{"id":404,"date":"2018-02-25T13:57:15","date_gmt":"2018-02-25T12:57:15","guid":{"rendered":"http:\/\/www.bourgogne-savante.fr\/?page_id=404"},"modified":"2024-01-02T11:55:15","modified_gmt":"2024-01-02T10:55:15","slug":"colloque13","status":"publish","type":"page","link":"https:\/\/www.bourgogne-savante.fr\/index.php\/publications\/tablesdesmatieresdesactes\/colloque13\/","title":{"rendered":"Actes du 13e colloque de l&rsquo;ABSS &#8211; Table des mati\u00e8res"},"content":{"rendered":"\n<div class=\"wp-block-media-text alignwide is-stacked-on-mobile\" style=\"grid-template-columns:25% auto\"><figure class=\"wp-block-media-text__media\"><img loading=\"lazy\" decoding=\"async\" width=\"316\" height=\"448\" src=\"https:\/\/www.bourgogne-savante.fr\/wp-content\/uploads\/2018\/02\/Colloque-ABSS-2003.jpg\" alt=\"Actes du 13e colloque de l'ABSS\" class=\"wp-image-561 size-full\" srcset=\"https:\/\/www.bourgogne-savante.fr\/wp-content\/uploads\/2018\/02\/Colloque-ABSS-2003.jpg 316w, https:\/\/www.bourgogne-savante.fr\/wp-content\/uploads\/2018\/02\/Colloque-ABSS-2003-106x150.jpg 106w, https:\/\/www.bourgogne-savante.fr\/wp-content\/uploads\/2018\/02\/Colloque-ABSS-2003-212x300.jpg 212w\" sizes=\"auto, (max-width: 316px) 85vw, 316px\" \/><\/figure><div class=\"wp-block-media-text__content\">\n<p style=\"font-family:Gadugi;font-size:18px;\"><i>Oppositions, guerres et r\u00e9sistances<\/i>, Actes du 13<sup>e<\/sup> colloque de l&rsquo;Association bourguignonne des soci\u00e9t\u00e9s savantes, Chalon-sur-Sa\u00f4ne, 11-12 octobre 2003, Dijon, Association bourguignonne des soci\u00e9t\u00e9s savantes, 2009, 164&nbsp;p.<\/p>\n<\/div><\/div>\n\n\n\n<hr class=\"wp-block-separator has-text-color has-alpha-channel-opacity has-background is-style-wide\" style=\"background-color:#660033;color:#660033\"\/>\n\n\n\n<p style=\"font-family:Gadugi;\">VIGNIER (Fran\u00e7oise), \u00ab&nbsp;Compte-rendu du colloque&nbsp;\u00bb, p.&nbsp;1-5.<\/p>\n\n<h5 style=\"font-family:Gadugi;color:#660033;margin-top:50px;\">Section g\u00e9n\u00e9rale et histoire du droit et des institutions<\/h5>\n<p style=\"font-family:Gadugi;margin-bottom:10px;margin-top:0px;\">RICHARD (Jean), \u00ab&nbsp;Les r\u00e9percussions de la guerre en 1522-1526 : le passage des gens de guerre en Bourgogne&nbsp;\u00bb, p.&nbsp;7-20.<\/p>\n<p style=\"font-family:Gadugi;margin-bottom:10px;margin-top:0px;\">CHEVIGNARD (Bernard), \u00ab&nbsp; \u00ab\u00a0Le lin fumant\u00a0\u00bb et \u00ab\u00a0le baston rompu\u00a0\u00bb : Jean-Aim\u00e9 de Chavigny et \u00ab\u00a0les choses turques\u00a0\u00bb (1594-1606)&nbsp;\u00bb, p.&nbsp;21-41.<\/p>\n<p style=\"font-family:Gadugi;margin-bottom:10px;margin-top:0px;\">BOUTHIER (Alain), \u00ab&nbsp;Soci\u00e9t\u00e9s secr\u00e8tes et coalitions dans le Nivernais \u00e0 la fin du XVII<sup>e<\/sup> si\u00e8cle&nbsp;\u00bb, p.&nbsp;43-51.<\/p>\n<p style=\"font-family:Gadugi;margin-bottom:10px;margin-top:0px;\">DURIX (Pierre), \u00ab&nbsp;Les r\u00e9sistances \u00e0 l&rsquo;imp\u00f4t de la gabelle en Bourgogne du sud aux XVII<sup>e<\/sup> et XVIII<sup>e<\/sup> si\u00e8cles&nbsp;\u00bb, p.&nbsp;53-60.<\/p>\n<p style=\"font-family:Gadugi;margin-bottom:10px;margin-top:0px;\">BODINEAU (Pierre), \u00ab&nbsp;Voltaire, le droit et les juristes au fil de sa correspondance&nbsp;\u00bb, p.&nbsp;61-76.<\/p>\n<p style=\"font-family:Gadugi;margin-bottom:10px;margin-top:0px;\">LEVEQUE (Pierre), \u00ab&nbsp;Chalon-sur-Sa\u00f4ne ville r\u00e9publicaine (1830-1870)&nbsp;\u00bb, p.&nbsp;77-99.<\/p>\n<p style=\"font-family:Gadugi;margin-bottom:10px;margin-top:0px;\">LOCHOT (\u00c9liane), \u00ab&nbsp;Le trac\u00e9 de la ligne de chemin de fer Paris-Lyon en C\u00f4te-d&rsquo;Or, r\u00e9v\u00e9lateur des antagonismes locaux (1841-1845)&nbsp;\u00bb, p.&nbsp;101-110.<\/p>\n\n<h5 style=\"font-family:Gadugi;color:#660033;\">Arch\u00e9ologie<\/h5>\n<p style=\"font-family:Gadugi;margin-bottom:10px;margin-top:0px;\">COMBIER (Jean), \u00ab&nbsp;Sociologie et mode de vie des derniers peuples chasseurs&nbsp;\u00bb, p.&nbsp;113-133.<\/p>\n<p style=\"font-family:Gadugi;margin-bottom:10px;margin-top:0px;\">BONNAMOUR (Louis), \u00ab&nbsp;Un moulin au V<sup>e<\/sup> si\u00e8cle de notre \u00e8re \u00e0 Chalon-sur-Sa\u00f4ne ?&nbsp;\u00bb, p.&nbsp;135-153.<\/p>\n<p style=\"font-family:Gadugi;margin-bottom:10px;margin-top:0px;\">PETIT (Henri), \u00ab&nbsp;La localisation du tr\u00e9sor de l&rsquo;H\u00f4tel-Dieu de M\u00e2con (1764)&nbsp;\u00bb, p.&nbsp;155-162.<\/p>\n<p style=\"font-family:Gadugi;margin-top:30px;\">Communications non publi\u00e9es, p.&nbsp;163-164.<\/p>\n\n\n\n<hr class=\"wp-block-separator has-text-color has-alpha-channel-opacity has-background is-style-wide\" style=\"background-color:#660033;color:#660033\"\/>\n\n\n\n<p style=\"font-family:Gadugi;margin-bottom:50px;\">Volume disponible, 26&nbsp;\u20ac (frais de port compris) &#8211; <a href=\"https:\/\/www.bourgogne-savante.fr\/wp-content\/uploads\/ABSSbondecommande.pdf\" target=\"_blank\" rel=\"noopener noreferrer\">Commander<\/a><\/p>\n\n\n\n<div class=\"wp-block-buttons is-content-justification-center is-layout-flex wp-container-core-buttons-is-layout-16018d1d wp-block-buttons-is-layout-flex\">\n<div class=\"wp-block-button has-custom-font-size has-small-font-size\"><a class=\"wp-block-button__link has-background wp-element-button\" href=\"https:\/\/www.bourgogne-savante.fr\/index.php\/publications\/tablesdesmatieresdesactes\/colloque12\/\" style=\"background-color:#660033\"><< Colloque pr\u00e9c\u00e9dent<\/a><\/div>\n\n\n\n<div class=\"wp-block-button has-custom-font-size has-small-font-size\"><a class=\"wp-block-button__link has-background wp-element-button\" href=\"https:\/\/www.bourgogne-savante.fr\/index.php\/publications\/tablesdesmatieresdesactes\/\" style=\"background-color:#660033\">Retour \u00e0 la liste des tables des mati\u00e8res<\/a><\/div>\n\n\n\n<div class=\"wp-block-button has-custom-font-size has-small-font-size\"><a class=\"wp-block-button__link has-background wp-element-button\" href=\"https:\/\/www.bourgogne-savante.fr\/index.php\/publications\/tablesdesmatieresdesactes\/colloque14\/\" style=\"background-color:#660033\">Colloque suivant >><\/a><\/div>\n<\/div>\n","protected":false},"excerpt":{"rendered":"<p>Oppositions, guerres et r\u00e9sistances, Actes du 13e colloque de l&rsquo;Association bourguignonne des soci\u00e9t\u00e9s savantes, Chalon-sur-Sa\u00f4ne, 11-12 octobre 2003, Dijon, Association bourguignonne des soci\u00e9t\u00e9s savantes, 2009, 164&nbsp;p. VIGNIER (Fran\u00e7oise), \u00ab&nbsp;Compte-rendu du colloque&nbsp;\u00bb, p.&nbsp;1-5. Section g\u00e9n\u00e9rale et histoire du droit et des institutions RICHARD (Jean), \u00ab&nbsp;Les r\u00e9percussions de la guerre en 1522-1526 : le passage des gens &hellip; <a href=\"https:\/\/www.bourgogne-savante.fr\/index.php\/publications\/tablesdesmatieresdesactes\/colloque13\/\" class=\"more-link\">Continuer la lecture<span class=\"screen-reader-text\"> de &laquo;&nbsp;Actes du 13e colloque de l&rsquo;ABSS &#8211; Table des mati\u00e8res&nbsp;&raquo;<\/span><\/a><\/p>\n","protected":false},"author":1,"featured_media":0,"parent":219,"menu_order":0,"comment_status":"closed","ping_status":"closed","template":"","meta":{"footnotes":""},"class_list":["post-404","page","type-page","status-publish","hentry"],"_links":{"self":[{"href":"https:\/\/www.bourgogne-savante.fr\/index.php\/wp-json\/wp\/v2\/pages\/404","targetHints":{"allow":["GET"]}}],"collection":[{"href":"https:\/\/www.bourgogne-savante.fr\/index.php\/wp-json\/wp\/v2\/pages"}],"about":[{"href":"https:\/\/www.bourgogne-savante.fr\/index.php\/wp-json\/wp\/v2\/types\/page"}],"author":[{"embeddable":true,"href":"https:\/\/www.bourgogne-savante.fr\/index.php\/wp-json\/wp\/v2\/users\/1"}],"replies":[{"embeddable":true,"href":"https:\/\/www.bourgogne-savante.fr\/index.php\/wp-json\/wp\/v2\/comments?post=404"}],"version-history":[{"count":21,"href":"https:\/\/www.bourgogne-savante.fr\/index.php\/wp-json\/wp\/v2\/pages\/404\/revisions"}],"predecessor-version":[{"id":4478,"href":"https:\/\/www.bourgogne-savante.fr\/index.php\/wp-json\/wp\/v2\/pages\/404\/revisions\/4478"}],"up":[{"embeddable":true,"href":"https:\/\/www.bourgogne-savante.fr\/index.php\/wp-json\/wp\/v2\/pages\/219"}],"wp:attachment":[{"href":"https:\/\/www.bourgogne-savante.fr\/index.php\/wp-json\/wp\/v2\/media?parent=404"}],"curies":[{"name":"wp","href":"https:\/\/api.w.org\/{rel}","templated":true}]}}