{"id":407,"date":"2018-02-25T14:02:13","date_gmt":"2018-02-25T13:02:13","guid":{"rendered":"http:\/\/www.bourgogne-savante.fr\/?page_id=407"},"modified":"2024-01-02T11:55:39","modified_gmt":"2024-01-02T10:55:39","slug":"colloque14","status":"publish","type":"page","link":"https:\/\/www.bourgogne-savante.fr\/index.php\/publications\/tablesdesmatieresdesactes\/colloque14\/","title":{"rendered":"Actes du 14e colloque de l&rsquo;ABSS &#8211; Table des mati\u00e8res"},"content":{"rendered":"\n<div class=\"wp-block-media-text alignwide is-stacked-on-mobile\" style=\"grid-template-columns:25% auto\"><figure class=\"wp-block-media-text__media\"><img loading=\"lazy\" decoding=\"async\" width=\"607\" height=\"1024\" src=\"https:\/\/www.bourgogne-savante.fr\/wp-content\/uploads\/2018\/02\/Colloque-ABSS-2004-607x1024.jpg\" alt=\"Actes du 14e colloque de l'ABSS\" class=\"wp-image-276 size-full\" srcset=\"https:\/\/www.bourgogne-savante.fr\/wp-content\/uploads\/2018\/02\/Colloque-ABSS-2004-607x1024.jpg 607w, https:\/\/www.bourgogne-savante.fr\/wp-content\/uploads\/2018\/02\/Colloque-ABSS-2004-89x150.jpg 89w, https:\/\/www.bourgogne-savante.fr\/wp-content\/uploads\/2018\/02\/Colloque-ABSS-2004-178x300.jpg 178w, https:\/\/www.bourgogne-savante.fr\/wp-content\/uploads\/2018\/02\/Colloque-ABSS-2004-768x1295.jpg 768w, https:\/\/www.bourgogne-savante.fr\/wp-content\/uploads\/2018\/02\/Colloque-ABSS-2004.jpg 1674w\" sizes=\"auto, (max-width: 607px) 85vw, 607px\" \/><\/figure><div class=\"wp-block-media-text__content\">\n<p style=\"font-family:Gadugi;font-size:18px;\"><i>Bossuet en son temps<\/i>, Actes du 14<sup>e<\/sup> colloque de l&rsquo;Association bourguignonne des soci\u00e9t\u00e9s savantes, Dijon, 16-17 octobre 2004, <i>M\u00e9moires de l&rsquo;Acad\u00e9mie des sciences, arts et belles lettres de Dijon<\/i>, t.&nbsp;139, 192&nbsp;p.<\/p>\n<\/div><\/div>\n\n\n\n<hr class=\"wp-block-separator has-text-color has-alpha-channel-opacity has-background is-style-wide\" style=\"background-color:#660033;color:#660033\"\/>\n\n\n\n<p style=\"font-family:Gadugi;margin-bottom:10px;\">Programme du colloque, p.&nbsp;3-4.<\/p>\n<p style=\"font-family:Gadugi;margin-bottom:10px;margin-top:0px;\">VIGNIER (Fran\u00e7oise), \u00ab&nbsp;Compte rendu du colloque&nbsp;\u00bb, p.&nbsp;5-6.<\/p>\n<p style=\"font-family:Gadugi;margin-bottom:10px;margin-top:0px;\">CHAUNEY-BOUILLOT (Martine), RICHARD (Hugues), \u00ab&nbsp;Allocutions d&rsquo;ouverture&nbsp;\u00bb, p.&nbsp;7-10.<\/p>\n<p style=\"font-family:Gadugi;margin-bottom:10px;margin-top:0px;\">FERREYROLLES (G\u00e9rard), \u00ab&nbsp;Politique de Bossuet : une monarchie introuvable ?&nbsp;\u00bb, p.&nbsp;11-24.<\/p>\n\n<h5 style=\"font-family:Gadugi;color:#660033;margin-top:50px;\">Bossuet dijonnais et bourguignon<\/h5>\n<p style=\"font-family:Gadugi;margin-bottom:10px;margin-top:0px;\">LAMARRE (Christine), \u00ab&nbsp;Dijon \u00e0 l&rsquo;\u00e9poque de Bossuet : ordre ou d\u00e9sordre ?&nbsp;\u00bb, p.&nbsp;25-32.<\/p>\n<p style=\"font-family:Gadugi;margin-bottom:10px;margin-top:0px;\">GULCZYNSKI (Henri-St\u00e9phane), \u00ab&nbsp;Le paysage monumental de Dijon durant la jeunesse de Bossuet (1627-1642)&nbsp;\u00bb, p.&nbsp;33-53.<\/p>\n<p style=\"font-family:Gadugi;margin-bottom:10px;margin-top:0px;\">LOUSTAUD (Roger), \u00ab&nbsp;La poste \u00e0 Dijon au temps de Bossuet&nbsp;\u00bb, p.&nbsp;55-60.<\/p>\n<p style=\"font-family:Gadugi;margin-bottom:10px;margin-top:0px;\">VINCENT (Daniel-Henri), \u00ab&nbsp;Bussy-Rabutin, Bossuet et Mme Bossuet&nbsp;\u00bb, p.&nbsp;61-70.<\/p>\n<p style=\"font-family:Gadugi;margin-bottom:10px;margin-top:0px;\">MOREAU (Bernard), \u00ab&nbsp;Un parent, un prot\u00e9g\u00e9 et un disciple de Bossuet : Jean-Joseph Languet de Gergy (1677-1753)&nbsp;\u00bb, p.&nbsp;71-82.<\/p>\n\n<h5 style=\"font-family:Gadugi;color:#660033;\">Bossuet et les sciences<\/h5>\n<p style=\"font-family:Gadugi;margin-bottom:10px;margin-top:0px;\">ANDRE (Jean-Marie), \u00ab&nbsp;La r\u00e9flexion de Bossuet sur la d\u00e9cadence de Rome&nbsp;\u00bb, p.&nbsp;83-96.<\/p>\n<p style=\"font-family:Gadugi;margin-bottom:10px;margin-top:0px;\">RAUWEL (Alain), \u00ab&nbsp;Bossuet pan\u00e9gyriste de saint Bernard et de saint Fran\u00e7ois de Paule&nbsp;\u00bb, p.&nbsp;97-104.<\/p>\n<p style=\"font-family:Gadugi;margin-bottom:10px;margin-top:0px;\">TAUPENOT (Lucien), \u00ab&nbsp;\u00c9loquence sacr\u00e9e et m\u00e9decine&nbsp;\u00bb, p.&nbsp;105-110.<\/p>\n\n<h5 style=\"font-family:Gadugi;color:#660033;\">Bossuet et la philosophie<\/h5>\n<p style=\"font-family:Gadugi;margin-bottom:10px;margin-top:0px;\">FERRARI (Jean), \u00ab&nbsp;Bossuet, Leibniz ou la vraie recherche d&rsquo;une unit\u00e9 perdue&nbsp;\u00bb, p.&nbsp;111-119.<\/p>\n<p style=\"font-family:Gadugi;margin-bottom:10px;margin-top:0px;\">LEONI (Sylviane), \u00ab&nbsp;Querelle du th\u00e9\u00e2tre et querelle des images : les Maximes et r\u00e9flexions sur la com\u00e9die&nbsp;\u00bb, p.&nbsp;121-128.<\/p>\n\n<h5 style=\"font-family:Gadugi;color:#660033;\">Section Histoire du droit<\/h5>\n<p style=\"font-family:Gadugi;margin-bottom:10px;margin-top:0px;\">BART (Jean), \u00ab&nbsp;Bossuet et Grotius, \u00e0 propos du Trait\u00e9 de l&rsquo;usure&nbsp;\u00bb, p.&nbsp;129-135.<\/p>\n<p style=\"font-family:Gadugi;margin-bottom:10px;margin-top:0px;\">DAUVERGNE (Chantal), \u00ab&nbsp;La difficile installation des visitandines \u00e0 Dijon (1611-1621)&nbsp;\u00bb, p.&nbsp;137-150.<\/p>\n<p style=\"font-family:Gadugi;margin-bottom:10px;margin-top:0px;\">HOARAU (Fabrice), \u00ab&nbsp;Le juda\u00efsme dans la pens\u00e9e de Bossuet et de Fleury&nbsp;\u00bb, p.&nbsp;151-169.<\/p>\n<p style=\"font-family:Gadugi;margin-bottom:10px;margin-top:0px;\">LE BRUN (Jacques), \u00ab&nbsp;Autorit\u00e9 et raison dans la Politique tir\u00e9e des propres paroles de l&rsquo;Ecriture sainte de Bossuet&nbsp;\u00bb, p.&nbsp;171-182.<\/p>\n<p style=\"font-family:Gadugi;margin-top:30px;\">Oraison fun\u00e8bre de Tr\u00e8s-Haut et Tr\u00e8s-Puissant Louis de Bourbon, prince de Cond\u00e9, premier prince de sang, prononc\u00e9e en l&rsquo;\u00e9glise Sainte-Anne de Dijon le 17<sup>e<\/sup> jour d&rsquo;octobre 2004, pr\u00e9sentation par Jean-Claude Garreta et Alain Rauwel, p.&nbsp;183.<\/p>\n\n\n\n<hr class=\"wp-block-separator has-text-color has-alpha-channel-opacity has-background is-style-wide\" style=\"background-color:#660033;color:#660033\"\/>\n\n\n\n<p style=\"font-family:Gadugi;margin-bottom:50px;\">Volume disponible, 34.30&nbsp;\u20ac (frais de port compris) &#8211; <a href=\"https:\/\/www.bourgogne-savante.fr\/wp-content\/uploads\/ABSSbondecommande.pdf\" target=\"_blank\" rel=\"noopener noreferrer\">Commander<\/a><\/p>\n\n\n\n<div class=\"wp-block-buttons is-content-justification-center is-layout-flex wp-container-core-buttons-is-layout-16018d1d wp-block-buttons-is-layout-flex\">\n<div class=\"wp-block-button has-custom-font-size has-small-font-size\"><a class=\"wp-block-button__link has-background wp-element-button\" href=\"https:\/\/www.bourgogne-savante.fr\/index.php\/publications\/tablesdesmatieresdesactes\/colloque13\/\" style=\"background-color:#660033\"><< Colloque pr\u00e9c\u00e9dent<\/a><\/div>\n\n\n\n<div class=\"wp-block-button has-custom-font-size has-small-font-size\"><a class=\"wp-block-button__link has-background wp-element-button\" href=\"https:\/\/www.bourgogne-savante.fr\/index.php\/publications\/tablesdesmatieresdesactes\/\" style=\"background-color:#660033\">Retour \u00e0 la liste des tables des mati\u00e8res<\/a><\/div>\n\n\n\n<div class=\"wp-block-button has-custom-font-size has-small-font-size\"><a class=\"wp-block-button__link has-background wp-element-button\" href=\"https:\/\/www.bourgogne-savante.fr\/index.php\/publications\/tablesdesmatieresdesactes\/colloque15\/\" style=\"background-color:#660033\">Colloque suivant >><\/a><\/div>\n<\/div>\n","protected":false},"excerpt":{"rendered":"<p>Bossuet en son temps, Actes du 14e colloque de l&rsquo;Association bourguignonne des soci\u00e9t\u00e9s savantes, Dijon, 16-17 octobre 2004, M\u00e9moires de l&rsquo;Acad\u00e9mie des sciences, arts et belles lettres de Dijon, t.&nbsp;139, 192&nbsp;p. Programme du colloque, p.&nbsp;3-4. VIGNIER (Fran\u00e7oise), \u00ab&nbsp;Compte rendu du colloque&nbsp;\u00bb, p.&nbsp;5-6. CHAUNEY-BOUILLOT (Martine), RICHARD (Hugues), \u00ab&nbsp;Allocutions d&rsquo;ouverture&nbsp;\u00bb, p.&nbsp;7-10. FERREYROLLES (G\u00e9rard), \u00ab&nbsp;Politique de Bossuet : &hellip; <a href=\"https:\/\/www.bourgogne-savante.fr\/index.php\/publications\/tablesdesmatieresdesactes\/colloque14\/\" class=\"more-link\">Continuer la lecture<span class=\"screen-reader-text\"> de &laquo;&nbsp;Actes du 14e colloque de l&rsquo;ABSS &#8211; Table des mati\u00e8res&nbsp;&raquo;<\/span><\/a><\/p>\n","protected":false},"author":1,"featured_media":0,"parent":219,"menu_order":0,"comment_status":"closed","ping_status":"closed","template":"","meta":{"footnotes":""},"class_list":["post-407","page","type-page","status-publish","hentry"],"_links":{"self":[{"href":"https:\/\/www.bourgogne-savante.fr\/index.php\/wp-json\/wp\/v2\/pages\/407","targetHints":{"allow":["GET"]}}],"collection":[{"href":"https:\/\/www.bourgogne-savante.fr\/index.php\/wp-json\/wp\/v2\/pages"}],"about":[{"href":"https:\/\/www.bourgogne-savante.fr\/index.php\/wp-json\/wp\/v2\/types\/page"}],"author":[{"embeddable":true,"href":"https:\/\/www.bourgogne-savante.fr\/index.php\/wp-json\/wp\/v2\/users\/1"}],"replies":[{"embeddable":true,"href":"https:\/\/www.bourgogne-savante.fr\/index.php\/wp-json\/wp\/v2\/comments?post=407"}],"version-history":[{"count":14,"href":"https:\/\/www.bourgogne-savante.fr\/index.php\/wp-json\/wp\/v2\/pages\/407\/revisions"}],"predecessor-version":[{"id":4479,"href":"https:\/\/www.bourgogne-savante.fr\/index.php\/wp-json\/wp\/v2\/pages\/407\/revisions\/4479"}],"up":[{"embeddable":true,"href":"https:\/\/www.bourgogne-savante.fr\/index.php\/wp-json\/wp\/v2\/pages\/219"}],"wp:attachment":[{"href":"https:\/\/www.bourgogne-savante.fr\/index.php\/wp-json\/wp\/v2\/media?parent=407"}],"curies":[{"name":"wp","href":"https:\/\/api.w.org\/{rel}","templated":true}]}}