{"id":4193,"date":"2023-07-10T11:41:36","date_gmt":"2023-07-10T09:41:36","guid":{"rendered":"https:\/\/www.bourgogne-savante.fr\/?page_id=4193"},"modified":"2024-10-26T11:08:43","modified_gmt":"2024-10-26T09:08:43","slug":"colloque31","status":"publish","type":"page","link":"https:\/\/www.bourgogne-savante.fr\/index.php\/publications\/tablesdesmatieresdesactes\/colloque31\/","title":{"rendered":"Actes du 31e colloque de l\u2019ABSS \u2013 Table des mati\u00e8res"},"content":{"rendered":"\n<div class=\"wp-block-media-text alignwide is-stacked-on-mobile\" style=\"grid-template-columns:25% auto\"><figure class=\"wp-block-media-text__media\"><img loading=\"lazy\" decoding=\"async\" width=\"677\" height=\"1024\" src=\"https:\/\/www.bourgogne-savante.fr\/wp-content\/uploads\/Colloque-ABSS-2022-677x1024.jpg\" alt=\"\" class=\"wp-image-4197 size-full\" srcset=\"https:\/\/www.bourgogne-savante.fr\/wp-content\/uploads\/Colloque-ABSS-2022-677x1024.jpg 677w, https:\/\/www.bourgogne-savante.fr\/wp-content\/uploads\/Colloque-ABSS-2022-198x300.jpg 198w, https:\/\/www.bourgogne-savante.fr\/wp-content\/uploads\/Colloque-ABSS-2022-99x150.jpg 99w, https:\/\/www.bourgogne-savante.fr\/wp-content\/uploads\/Colloque-ABSS-2022-768x1161.jpg 768w, https:\/\/www.bourgogne-savante.fr\/wp-content\/uploads\/Colloque-ABSS-2022-1016x1536.jpg 1016w, https:\/\/www.bourgogne-savante.fr\/wp-content\/uploads\/Colloque-ABSS-2022-1355x2048.jpg 1355w, https:\/\/www.bourgogne-savante.fr\/wp-content\/uploads\/Colloque-ABSS-2022-1200x1814.jpg 1200w, https:\/\/www.bourgogne-savante.fr\/wp-content\/uploads\/Colloque-ABSS-2022-scaled.jpg 1693w\" sizes=\"auto, (max-width: 677px) 85vw, 677px\" \/><\/figure><div class=\"wp-block-media-text__content\">\n<p style=\"font-family:Gadugi;font-size:18px;\"><i>Histoire de l&rsquo;image. Images de l&rsquo;histoire en Bourgogne<\/i>, Actes du 31<sup>e<\/sup> colloque de l&rsquo;ABSS, Chalon-sur-Sa\u00f4ne, 22 et 23 octobre 2022, Dijon, Association bourguignonne des soci\u00e9t\u00e9s savantes, Chalon-sur-Sa\u00f4ne, Soci\u00e9t\u00e9 d&rsquo;histoire et d&rsquo;arch\u00e9ologie de Chalon-sur-Sa\u00f4ne, 2023, 180&nbsp;p.<\/p>\n<\/div><\/div>\n\n\n\n<hr class=\"wp-block-separator has-text-color has-alpha-channel-opacity has-background is-style-wide\" style=\"background-color:#660033;color:#660033\"\/>\n\n\n\n<p style=\"font-family:Gadugi;margin-bottom:10px;\">PLATRET (Gilles), \u00ab&nbsp;Mot d&rsquo;accueil du maire de Chalon&nbsp;\u00bb, p.&nbsp;5.<\/p>\n<p style=\"font-family:Gadugi;margin-bottom:10px;margin-top:0px;\">BODINEAU (Pierre), \u00ab&nbsp;Discours de r\u00e9ception&nbsp;\u00bb, p.&nbsp;9.<\/p>\n<p style=\"font-family:Gadugi;margin-bottom:10px;margin-top:0px;\">DEMAIN (Roland), \u00ab&nbsp;Pr\u00e9sentation du colloque&nbsp;\u00bb, p.&nbsp;11.<\/p>\n<p style=\"font-family:Gadugi;margin-bottom:10px;margin-top:0px;\">BODINEAU (Pierre), \u00ab&nbsp;Ouverture du colloque&nbsp;\u00bb, p.&nbsp;13.<\/p>\n<p style=\"font-family:Gadugi;margin-bottom:10px;margin-top:0px;\">MAURICE-CHABARD (Brigitte), \u00ab&nbsp;Un projet in\u00e9dit de monument comm\u00e9moratif \u00e0 Nic\u00e9phore Ni\u00e9pce, inventeur de la photographie&nbsp;\u00bb, p.&nbsp;19.<\/p>\n<p style=\"font-family:Gadugi;margin-bottom:10px;margin-top:0px;\">BONNET (M.), \u00ab&nbsp;Jean-Gervais Lab\u00e8ne, \u00e9poux de Claudine Ni\u00e9pce&nbsp;\u00bb, p.&nbsp;29.<\/p>\n<p style=\"font-family:Gadugi;margin-bottom:10px;margin-top:0px;\">GARIOT (Pierre), \u00ab&nbsp;Le culte de Jeanne d\u2019Arc \u00e0 travers les vitraux des \u00e9glises de l\u2019arrondissement de Langres (Haute-Marne) : iconographie et d\u00e9votion&nbsp;\u00bb, p.&nbsp;37.<\/p>\n<p style=\"font-family:Gadugi;margin-bottom:10px;margin-top:0px;\">MADIGNIER (Jacques), \u00ab&nbsp;Images de l&rsquo;\u00e9v\u00eaque bourguignon \u00e0 la fin du Moyen \u00c2ge&nbsp;\u00bb, p.&nbsp;49.<\/p>\n<p style=\"font-family:Gadugi;margin-bottom:10px;margin-top:0px;\">LAMARRE (Denis), \u00ab&nbsp;La C\u00f4te d\u2019Or. Errements cartographiques&nbsp;\u00bb, p.&nbsp;61.<\/p>\n<p style=\"font-family:Gadugi;margin-bottom:10px;margin-top:0px;\">VINCENT (Daniel-Henri), \u00ab&nbsp;L\u2019image au service du patrimoine linguistique et\nethnographique de Bourgogne&nbsp;\u00bb, p.&nbsp;75.<\/p>\n<p style=\"font-family:Gadugi;margin-bottom:10px;margin-top:0px;\">BODINEAU (Pierre), \u00ab&nbsp;Un album de photographies, reflet d&rsquo;un si\u00e8cle de \u00ab\u00a0gloires de la France\u00a0\u00bb&nbsp;\u00bb, p.&nbsp;89.<\/p>\n<p style=\"font-family:Gadugi;margin-bottom:10px;margin-top:0px;\">CHAUX-HA\u00cfK (Annie), \u00ab&nbsp;La photographie chez les Muteau, une passion\nfamiliale pendant 70 ans&nbsp;?&nbsp;\u00bb, p.&nbsp;99.<\/p>\n<p style=\"font-family:Gadugi;margin-bottom:10px;margin-top:0px;\">PINETTE (Matthieu), \u00ab&nbsp;Pouvoir du signe \u00e0 la fin du Moyen \u00c2ge : le cas de\nl\u2019embl\u00e9matique du ch\u00e2teau de Germolles&nbsp;\u00bb, p.&nbsp;113.<\/p>\n<p style=\"font-family:Gadugi;margin-bottom:10px;margin-top:0px;\">L\u00c9GER (Bernard), \u00ab&nbsp;Les photos-souvenirs d\u2019une nourrice morvandelle&nbsp;\u00bb, p.&nbsp;127.<\/p>\n<p style=\"font-family:Gadugi;margin-bottom:10px;margin-top:0px;\">MOURIN (Samuel), \u00ab&nbsp;Photographes et art en Haute-Marne au XIX<sup>e<\/sup> si\u00e8cle&nbsp;\u00bb, p.&nbsp;145.<\/p>\n<p style=\"font-family:Gadugi;margin-bottom:10px;margin-top:0px;\">M\u00c9NAGER (Philippe), \u00ab&nbsp;Cartes postales anciennes et photographies jaunies. T\u00e9moignages de la feue batellerie du canal du Centre&nbsp;\u00bb, p.&nbsp;161.<\/p>\n<p style=\"font-family:Gadugi;margin-top:0px;\">BODINEAU (Pierre), \u00ab&nbsp;Conclusion du colloque&nbsp;\u00bb, p.&nbsp;177.<\/p>\n\n\n\n<hr class=\"wp-block-separator has-text-color has-alpha-channel-opacity has-background is-style-wide\" style=\"background-color:#660033;color:#660033\"\/>\n\n\n\n<p style=\"font-family:Gadugi;margin-bottom:50px;\">Volume disponible, 22&nbsp;\u20ac (29&nbsp;\u20ac si envoi postal) &#8211; <a href=\"https:\/\/www.bourgogne-savante.fr\/wp-content\/uploads\/ABSSbondecommande.pdf\" target=\"_blank\" rel=\"noopener noreferrer\">Commander<\/a><\/p>\n\n\n\n<div class=\"wp-block-buttons is-content-justification-center is-layout-flex wp-container-core-buttons-is-layout-16018d1d wp-block-buttons-is-layout-flex\">\n<div class=\"wp-block-button has-custom-font-size has-small-font-size\"><a class=\"wp-block-button__link has-background wp-element-button\" href=\"https:\/\/www.bourgogne-savante.fr\/index.php\/publications\/tablesdesmatieresdesactes\/colloque30\/\" style=\"background-color:#660033\">&lt;&lt; Colloque pr\u00e9c\u00e9dent<\/a><\/div>\n\n\n\n<div class=\"wp-block-button has-custom-font-size has-small-font-size\"><a class=\"wp-block-button__link has-background wp-element-button\" href=\"https:\/\/www.bourgogne-savante.fr\/index.php\/publications\/tablesdesmatieresdesactes\/\" style=\"background-color:#660033\">Retour \u00e0 la liste des tables des mati\u00e8res<\/a><\/div>\n\n\n\n<div class=\"wp-block-button has-custom-font-size has-small-font-size\"><a class=\"wp-block-button__link has-background wp-element-button\" href=\"https:\/\/www.bourgogne-savante.fr\/index.php\/publications\/tablesdesmatieresdesactes\/colloque32\/\" style=\"background-color:#660033\">Colloque suivant &gt;&gt;<\/a><\/div>\n<\/div>\n","protected":false},"excerpt":{"rendered":"<p>Histoire de l&rsquo;image. Images de l&rsquo;histoire en Bourgogne, Actes du 31e colloque de l&rsquo;ABSS, Chalon-sur-Sa\u00f4ne, 22 et 23 octobre 2022, Dijon, Association bourguignonne des soci\u00e9t\u00e9s savantes, Chalon-sur-Sa\u00f4ne, Soci\u00e9t\u00e9 d&rsquo;histoire et d&rsquo;arch\u00e9ologie de Chalon-sur-Sa\u00f4ne, 2023, 180&nbsp;p. PLATRET (Gilles), \u00ab&nbsp;Mot d&rsquo;accueil du maire de Chalon&nbsp;\u00bb, p.&nbsp;5. BODINEAU (Pierre), \u00ab&nbsp;Discours de r\u00e9ception&nbsp;\u00bb, p.&nbsp;9. DEMAIN (Roland), \u00ab&nbsp;Pr\u00e9sentation du colloque&nbsp;\u00bb, &hellip; <a href=\"https:\/\/www.bourgogne-savante.fr\/index.php\/publications\/tablesdesmatieresdesactes\/colloque31\/\" class=\"more-link\">Continuer la lecture<span class=\"screen-reader-text\"> de &laquo;&nbsp;Actes du 31e colloque de l\u2019ABSS \u2013 Table des mati\u00e8res&nbsp;&raquo;<\/span><\/a><\/p>\n","protected":false},"author":1,"featured_media":0,"parent":219,"menu_order":0,"comment_status":"closed","ping_status":"closed","template":"","meta":{"footnotes":""},"class_list":["post-4193","page","type-page","status-publish","hentry"],"_links":{"self":[{"href":"https:\/\/www.bourgogne-savante.fr\/index.php\/wp-json\/wp\/v2\/pages\/4193","targetHints":{"allow":["GET"]}}],"collection":[{"href":"https:\/\/www.bourgogne-savante.fr\/index.php\/wp-json\/wp\/v2\/pages"}],"about":[{"href":"https:\/\/www.bourgogne-savante.fr\/index.php\/wp-json\/wp\/v2\/types\/page"}],"author":[{"embeddable":true,"href":"https:\/\/www.bourgogne-savante.fr\/index.php\/wp-json\/wp\/v2\/users\/1"}],"replies":[{"embeddable":true,"href":"https:\/\/www.bourgogne-savante.fr\/index.php\/wp-json\/wp\/v2\/comments?post=4193"}],"version-history":[{"count":9,"href":"https:\/\/www.bourgogne-savante.fr\/index.php\/wp-json\/wp\/v2\/pages\/4193\/revisions"}],"predecessor-version":[{"id":5010,"href":"https:\/\/www.bourgogne-savante.fr\/index.php\/wp-json\/wp\/v2\/pages\/4193\/revisions\/5010"}],"up":[{"embeddable":true,"href":"https:\/\/www.bourgogne-savante.fr\/index.php\/wp-json\/wp\/v2\/pages\/219"}],"wp:attachment":[{"href":"https:\/\/www.bourgogne-savante.fr\/index.php\/wp-json\/wp\/v2\/media?parent=4193"}],"curies":[{"name":"wp","href":"https:\/\/api.w.org\/{rel}","templated":true}]}}