{"id":432,"date":"2018-02-25T14:51:39","date_gmt":"2018-02-25T13:51:39","guid":{"rendered":"http:\/\/www.bourgogne-savante.fr\/?page_id=432"},"modified":"2024-01-02T11:57:04","modified_gmt":"2024-01-02T10:57:04","slug":"colloque17","status":"publish","type":"page","link":"https:\/\/www.bourgogne-savante.fr\/index.php\/publications\/tablesdesmatieresdesactes\/colloque17\/","title":{"rendered":"Actes du 17e colloque de l&rsquo;ABSS &#8211; Table des mati\u00e8res"},"content":{"rendered":"\n<div class=\"wp-block-media-text alignwide is-stacked-on-mobile\" style=\"grid-template-columns:25% auto\"><figure class=\"wp-block-media-text__media\"><img loading=\"lazy\" decoding=\"async\" width=\"297\" height=\"448\" src=\"https:\/\/www.bourgogne-savante.fr\/wp-content\/uploads\/2018\/02\/Colloque-ABSS-2007.jpg\" alt=\"\" class=\"wp-image-279 size-full\" srcset=\"https:\/\/www.bourgogne-savante.fr\/wp-content\/uploads\/2018\/02\/Colloque-ABSS-2007.jpg 297w, https:\/\/www.bourgogne-savante.fr\/wp-content\/uploads\/2018\/02\/Colloque-ABSS-2007-99x150.jpg 99w, https:\/\/www.bourgogne-savante.fr\/wp-content\/uploads\/2018\/02\/Colloque-ABSS-2007-199x300.jpg 199w\" sizes=\"auto, (max-width: 297px) 85vw, 297px\" \/><\/figure><div class=\"wp-block-media-text__content\">\n<p style=\"font-family:Gadugi;font-size:18px;\"><i>L&rsquo;eau dans la vie des hommes de l&rsquo;Antiquit\u00e9 \u00e0 nos jours<\/i>, Actes du 17<sup>e<\/sup> colloque de l&rsquo;A.B.S.S., Autun, 13 et 14 octobre 2007, Dijon, Association bourguignonne des soci\u00e9t\u00e9s savantes, Autun, Soci\u00e9t\u00e9 \u00e9duenne des lettres, sciences et arts, 2010, 212&nbsp;p.<\/p>\n<\/div><\/div>\n\n\n\n<hr class=\"wp-block-separator has-text-color has-alpha-channel-opacity has-background is-style-wide\" style=\"background-color:#660033;color:#660033\"\/>\n\n\n\n<p style=\"font-family:Gadugi;margin-bottom:10px;\">RICHARD (Jean), \u00ab&nbsp;Avant-propos&nbsp;\u00bb, p.&nbsp;5-6.<\/p>\n<p style=\"font-family:Gadugi;margin-bottom:10px;margin-top:0px;\">VIGNIER (Fran\u00e7oise), \u00ab&nbsp;17<sup>e<\/sup> colloque. Autun. 13-14 octobre 2007&nbsp;\u00bb, p.&nbsp;7-10.<\/p>\n<p style=\"font-family:Gadugi;margin-bottom:10px;margin-top:0px;\">GAZZANIGA (Jean-Louis), \u00ab&nbsp;Introduction : Pour une histoire du droit de l&rsquo;eau&nbsp;\u00bb, p.&nbsp;11-21.<\/p>\n<p style=\"font-family:Gadugi;margin-bottom:10px;margin-top:0px;\">LACROIX (Jacques), \u00ab&nbsp;Les eaux \u00ab\u00a0divines\u00a0\u00bb des Gaulois&nbsp;\u00bb, p.&nbsp;22-35.<\/p>\n<p style=\"font-family:Gadugi;margin-bottom:10px;margin-top:0px;\">DANIEL (Emeline), \u00ab&nbsp;Les fontaines r\u00e9put\u00e9es gu\u00e9risseuses en Charolais-Brionnais&nbsp;\u00bb, p.&nbsp;36-53.<\/p>\n<p style=\"font-family:Gadugi;margin-bottom:10px;margin-top:0px;\">BORAU (Laetitia), \u00ab&nbsp;L&rsquo;\u00e9quipement hydraulique d&rsquo;Augustodunum (Autun) \u00e0 l&rsquo;\u00e9poque antique. Synth\u00e8se des recherches et premier bilan&nbsp;\u00bb, p.&nbsp;54-66.<\/p>\n<p style=\"font-family:Gadugi;margin-bottom:10px;margin-top:0px;\">BOUTHIER (Alain), \u00ab&nbsp;L&rsquo;eau \u00e0 Cosne-sur-Loire (Ni\u00e8vre) \u00e0 l&rsquo;\u00e9poque gallo-romaine&nbsp;\u00bb, p.&nbsp;67-78.<\/p>\n<p style=\"font-family:Gadugi;margin-bottom:10px;margin-top:0px;\">GRESSER (Pierre), \u00ab&nbsp;Le cours sup\u00e9rieur du Doubs, source d&rsquo;\u00e9nergie au milieu du XV<sup>e<\/sup> si\u00e8cle&nbsp;\u00bb, p.&nbsp;79-95.<\/p>\n<p style=\"font-family:Gadugi;margin-bottom:10px;margin-top:0px;\">RICHARD (Hugues), \u00ab&nbsp;Des bains et \u00e9tuves m\u00e9di\u00e9vaux aux bains-douches municipaux dans quelques villes de la r\u00e9gion de Bourgogne&nbsp;\u00bb, p.&nbsp;96-111.<\/p>\n<p style=\"font-family:Gadugi;margin-bottom:10px;margin-top:0px;\">TAVELLA (Aur\u00e9lien), \u00ab&nbsp;Le franchissement de la Moselle entre Arches et Archettes au moyen d&rsquo;un bac public (1643-1879)&nbsp;\u00bb, p.&nbsp;112-130.<\/p>\n<p style=\"font-family:Gadugi;margin-bottom:10px;margin-top:0px;\">MENAGER (Philippe), \u00ab&nbsp;Moulins, barrages et navigation sur les rivi\u00e8res du sud de la province de Bourgogne au XVIII<sup>e<\/sup> si\u00e8cle&nbsp;\u00bb, p.&nbsp;131-147.<\/p>\n<p style=\"font-family:Gadugi;margin-bottom:10px;margin-top:0px;\">BARREAU (Elisabeth), \u00ab&nbsp;Le canal du Nivernais. Un regard sur les hommes&nbsp;\u00bb, p.&nbsp;148-166.<\/p>\n<p style=\"font-family:Gadugi;margin-bottom:10px;margin-top:0px;\">PASSAQUI (Jean-Philippe), \u00ab&nbsp;Les am\u00e9nagements hydrauliques et l&rsquo;\u00e9lectrification de la Sa\u00f4ne-et-Loire de 1904 \u00e0 la seconde guerre mondiale&nbsp;\u00bb, p.&nbsp;167-188.<\/p>\n<p style=\"font-family:Gadugi;margin-bottom:10px;margin-top:0px;\">MOTTET (G\u00e9rard), \u00ab&nbsp;Habitat et zones inondables en Bourgogne, des origines \u00e0 nos jours&nbsp;\u00bb, p.&nbsp;189-200.<\/p>\n<p style=\"font-family:Gadugi;margin-bottom:10px;margin-top:0px;\">Autres communications pr\u00e9sent\u00e9es lors de ce 17<sup>e<\/sup> colloque et non publi\u00e9es dans ce volume, p.&nbsp;201.<\/p>\n<p style=\"font-family:Gadugi;margin-top:0px;\">Bibliographie des congr\u00e8s et colloques de l&rsquo;ABSS, p. 202.<\/p>\n\n\n\n<hr class=\"wp-block-separator has-text-color has-alpha-channel-opacity has-background is-style-wide\" style=\"background-color:#660033;color:#660033\"\/>\n\n\n\n<p style=\"font-family:Gadugi;margin-bottom:50px;\">Volume disponible, 28&nbsp;\u20ac (frais de port compris) &#8211; <a href=\"https:\/\/www.bourgogne-savante.fr\/wp-content\/uploads\/ABSSbondecommande.pdf\" target=\"_blank\" rel=\"noopener noreferrer\">Commander<\/a><\/p>\n\n\n\n<div class=\"wp-block-buttons is-content-justification-center is-layout-flex wp-container-core-buttons-is-layout-16018d1d wp-block-buttons-is-layout-flex\">\n<div class=\"wp-block-button has-custom-font-size has-small-font-size\"><a class=\"wp-block-button__link has-background wp-element-button\" href=\"https:\/\/www.bourgogne-savante.fr\/index.php\/publications\/tablesdesmatieresdesactes\/colloque16\/\" style=\"background-color:#660033\"><< Colloque pr\u00e9c\u00e9dent<\/a><\/div>\n\n\n\n<div class=\"wp-block-button has-custom-font-size has-small-font-size\"><a class=\"wp-block-button__link has-background wp-element-button\" href=\"https:\/\/www.bourgogne-savante.fr\/index.php\/publications\/tablesdesmatieresdesactes\/\" style=\"background-color:#660033\">Retour \u00e0 la liste des tables des mati\u00e8res<\/a><\/div>\n\n\n\n<div class=\"wp-block-button has-custom-font-size has-small-font-size\"><a class=\"wp-block-button__link has-background wp-element-button\" href=\"https:\/\/www.bourgogne-savante.fr\/index.php\/publications\/tablesdesmatieresdesactes\/colloque18\/\" style=\"background-color:#660033\">Colloque suivant >><\/a><\/div>\n<\/div>\n","protected":false},"excerpt":{"rendered":"<p>L&rsquo;eau dans la vie des hommes de l&rsquo;Antiquit\u00e9 \u00e0 nos jours, Actes du 17e colloque de l&rsquo;A.B.S.S., Autun, 13 et 14 octobre 2007, Dijon, Association bourguignonne des soci\u00e9t\u00e9s savantes, Autun, Soci\u00e9t\u00e9 \u00e9duenne des lettres, sciences et arts, 2010, 212&nbsp;p. RICHARD (Jean), \u00ab&nbsp;Avant-propos&nbsp;\u00bb, p.&nbsp;5-6. VIGNIER (Fran\u00e7oise), \u00ab&nbsp;17e colloque. Autun. 13-14 octobre 2007&nbsp;\u00bb, p.&nbsp;7-10. GAZZANIGA (Jean-Louis), \u00ab&nbsp;Introduction &hellip; <a href=\"https:\/\/www.bourgogne-savante.fr\/index.php\/publications\/tablesdesmatieresdesactes\/colloque17\/\" class=\"more-link\">Continuer la lecture<span class=\"screen-reader-text\"> de &laquo;&nbsp;Actes du 17e colloque de l&rsquo;ABSS &#8211; Table des mati\u00e8res&nbsp;&raquo;<\/span><\/a><\/p>\n","protected":false},"author":1,"featured_media":0,"parent":219,"menu_order":0,"comment_status":"closed","ping_status":"closed","template":"","meta":{"footnotes":""},"class_list":["post-432","page","type-page","status-publish","hentry"],"_links":{"self":[{"href":"https:\/\/www.bourgogne-savante.fr\/index.php\/wp-json\/wp\/v2\/pages\/432","targetHints":{"allow":["GET"]}}],"collection":[{"href":"https:\/\/www.bourgogne-savante.fr\/index.php\/wp-json\/wp\/v2\/pages"}],"about":[{"href":"https:\/\/www.bourgogne-savante.fr\/index.php\/wp-json\/wp\/v2\/types\/page"}],"author":[{"embeddable":true,"href":"https:\/\/www.bourgogne-savante.fr\/index.php\/wp-json\/wp\/v2\/users\/1"}],"replies":[{"embeddable":true,"href":"https:\/\/www.bourgogne-savante.fr\/index.php\/wp-json\/wp\/v2\/comments?post=432"}],"version-history":[{"count":11,"href":"https:\/\/www.bourgogne-savante.fr\/index.php\/wp-json\/wp\/v2\/pages\/432\/revisions"}],"predecessor-version":[{"id":4482,"href":"https:\/\/www.bourgogne-savante.fr\/index.php\/wp-json\/wp\/v2\/pages\/432\/revisions\/4482"}],"up":[{"embeddable":true,"href":"https:\/\/www.bourgogne-savante.fr\/index.php\/wp-json\/wp\/v2\/pages\/219"}],"wp:attachment":[{"href":"https:\/\/www.bourgogne-savante.fr\/index.php\/wp-json\/wp\/v2\/media?parent=432"}],"curies":[{"name":"wp","href":"https:\/\/api.w.org\/{rel}","templated":true}]}}