{"id":435,"date":"2018-02-25T14:55:21","date_gmt":"2018-02-25T13:55:21","guid":{"rendered":"http:\/\/www.bourgogne-savante.fr\/?page_id=435"},"modified":"2024-01-02T11:57:36","modified_gmt":"2024-01-02T10:57:36","slug":"colloque18","status":"publish","type":"page","link":"https:\/\/www.bourgogne-savante.fr\/index.php\/publications\/tablesdesmatieresdesactes\/colloque18\/","title":{"rendered":"Actes du 18e colloque de l&rsquo;ABSS &#8211; Table des mati\u00e8res"},"content":{"rendered":"\n<div class=\"wp-block-media-text alignwide is-stacked-on-mobile\" style=\"grid-template-columns:25% auto\"><figure class=\"wp-block-media-text__media\"><img loading=\"lazy\" decoding=\"async\" width=\"678\" height=\"1024\" src=\"https:\/\/www.bourgogne-savante.fr\/wp-content\/uploads\/2018\/02\/Colloque-ABSS-2008-678x1024.jpg\" alt=\"\" class=\"wp-image-280 size-full\" srcset=\"https:\/\/www.bourgogne-savante.fr\/wp-content\/uploads\/2018\/02\/Colloque-ABSS-2008-678x1024.jpg 678w, https:\/\/www.bourgogne-savante.fr\/wp-content\/uploads\/2018\/02\/Colloque-ABSS-2008-99x150.jpg 99w, https:\/\/www.bourgogne-savante.fr\/wp-content\/uploads\/2018\/02\/Colloque-ABSS-2008-199x300.jpg 199w, https:\/\/www.bourgogne-savante.fr\/wp-content\/uploads\/2018\/02\/Colloque-ABSS-2008-768x1160.jpg 768w, https:\/\/www.bourgogne-savante.fr\/wp-content\/uploads\/2018\/02\/Colloque-ABSS-2008.jpg 1868w\" sizes=\"auto, (max-width: 678px) 85vw, 678px\" \/><\/figure><div class=\"wp-block-media-text__content\">\n<p style=\"font-family:Gadugi;font-size:18px;\"><i>La for\u00eat, le bois<\/i>, Actes du 18<sup>e<\/sup> colloque de l&rsquo;Association bourguignonne des soci\u00e9t\u00e9s savantes, Villeneuve-sur-Yonne &#8211; Sens, 18-19 octobre 2008, Dijon, Association bourguignonne des soci\u00e9t\u00e9s savantes, Villeneuve-sur-Yonne, Les Amis du Vieux Villeneuve, 2009, 354&nbsp;p.<\/p>\n<\/div><\/div>\n\n\n\n<hr class=\"wp-block-separator has-text-color has-alpha-channel-opacity has-background is-style-wide\" style=\"background-color:#660033;color:#660033\"\/>\n\n\n\n<p style=\"font-family:Gadugi;\">Introduction<\/p>\n\n<h5 style=\"font-family:Gadugi;color:#660033;margin-top:50px;\">La for\u00eat bourguignonne et ses arbres<\/h5>\n<p style=\"font-family:Gadugi;margin-bottom:10px;margin-top:0px;\">MOTTET (G\u00e9rard), \u00ab&nbsp;Sols et for\u00eats en Bourgogne, de la nature \u00e0 l&rsquo;homme&nbsp;\u00bb, p.&nbsp;17-28.<\/p>\n<p style=\"font-family:Gadugi;margin-bottom:10px;margin-top:0px;\">GANAY (Charles de), \u00ab&nbsp;La for\u00eat priv\u00e9e bourguignonne : caract\u00e9ristiques et perspectives&nbsp;\u00bb, p.&nbsp;29-38.<\/p>\n<p style=\"font-family:Gadugi;margin-bottom:10px;margin-top:0px;\">PERRUGOT (Didier), \u00ab&nbsp;Bois et for\u00eats dans le S\u00e9nonais et le Jovinien : l&rsquo;apport de l&rsquo;arch\u00e9ologie et des sciences pal\u00e9o-environnementales&nbsp;\u00bb, p.&nbsp;39-66.<\/p>\n<p style=\"font-family:Gadugi;margin-bottom:10px;margin-top:0px;\">BAELI (Robert), \u00ab&nbsp;Les arbres remarquables et leur valorisation&nbsp;\u00bb, p.&nbsp;67-74.<\/p>\n<p style=\"font-family:Gadugi;margin-bottom:10px;margin-top:0px;\">GLAIZAL (Pierre), \u00ab&nbsp;Des arbres sur les fronti\u00e8res : traditions, toponymie, faux amis&nbsp;\u00bb, p.&nbsp;75-98.<\/p>\n\n<h5 style=\"font-family:Gadugi;color:#660033;\">Exploitation et valorisation de la for\u00eat<\/h5>\n<p style=\"font-family:Gadugi;margin-bottom:10px;margin-top:0px;\">LEGER (Bernard), \u00ab&nbsp;Droits de pacage et d&rsquo;usage dans la for\u00eat d&rsquo;Hervaux du Moyen Age \u00e0 nos jours&nbsp;\u00bb, p.&nbsp;99-130.<\/p>\n<p style=\"font-family:Gadugi;margin-bottom:10px;margin-top:0px;\">NOEL (Alain), \u00ab&nbsp;Les conflits communautaires en for\u00eat de Maulnes&nbsp;\u00bb, p.&nbsp;131-140.<\/p>\n<p style=\"font-family:Gadugi;margin-bottom:10px;margin-top:0px;\">DURAND (Philippe), \u00ab&nbsp;Les cartes foresti\u00e8res \u00e9tablies par la ma\u00eetrise des Eaux et For\u00eats de Sens au XVIII<sup>e<\/sup> si\u00e8cle&nbsp;\u00bb, p.&nbsp;141-164.<\/p>\n<p style=\"font-family:Gadugi;margin-bottom:10px;margin-top:0px;\">PINON (Pierre), \u00ab&nbsp;L&rsquo;architecture dans la ma\u00eetrise des Eaux et For\u00eats de Sens dans la seconde moiti\u00e9 du XVIII<sup>e<\/sup> si\u00e8cle : le&nbsp;fonds Roze de la Soci\u00e9t\u00e9 arch\u00e9ologique de Sens&nbsp;\u00bb, p.&nbsp;165-194.<\/p>\n<p style=\"font-family:Gadugi;margin-bottom:10px;margin-top:0px;\">FLEURY (Bernard), \u00ab&nbsp;La for\u00eat au secours des dettes de la ville de Joigny au XVIII<sup>e<\/sup> si\u00e8cle et au d\u00e9but du XIX<sup>e<\/sup> si\u00e8cle&nbsp;\u00bb, p.&nbsp;195-215.<\/p>\n<p style=\"font-family:Gadugi;margin-bottom:10px;margin-top:0px;\">FRANCOIS-LECLANCH\u00c9 (Xavier), \u00ab&nbsp;Les bois communaux de Villiers-sur-Tholon et la construction de l&rsquo;\u00e9cole de la R\u00e9volution au second Empire&nbsp;\u00bb, p.&nbsp;217-228.<\/p>\n\n<h5 style=\"font-family:Gadugi;color:#660033;\">Commerce et \u00e9conomie du bois<\/h5>\n<p style=\"font-family:Gadugi;margin-bottom:10px;margin-top:0px;\">BARBIER (Madeleine), \u00ab&nbsp;La crise du bois et l&rsquo;ouverture de nouvelles voies de flottage au XVIII<sup>e<\/sup> si\u00e8cle&nbsp;\u00bb, p.&nbsp;229-252.<\/p>\n<p style=\"font-family:Gadugi;margin-bottom:10px;margin-top:0px;\">DELAHAYE (Gilbert-Robert), \u00ab&nbsp;Pour l&rsquo;alimentation de Paris en bois au XVIII<sup>e<\/sup> si\u00e8cle, les commissaires du Bureau de la Ville au long de l&rsquo;Yonne et de ses affluents&nbsp;\u00bb, p.&nbsp;253-268.<\/p>\n<p style=\"font-family:Gadugi;margin-bottom:10px;margin-top:0px;\">ROCHER (Jean-Pierre), \u00ab&nbsp;Aspects du commerce du bois en Puisaye : de la Loire au canal de Briare (1640-1648)&nbsp;\u00bb, p.&nbsp;269-278.<\/p>\n<p style=\"font-family:Gadugi;margin-bottom:10px;margin-top:0px;\">BOUTHIER (Alain), \u00ab&nbsp;L&rsquo;impact sur la for\u00eat de la remont\u00e9e en puissance des forges dans le Nivernais apr\u00e8s la R\u00e9volution vue au travers des ventes&nbsp;\u00bb, p.&nbsp;279-292.<\/p>\n<p style=\"font-family:Gadugi;margin-bottom:10px;margin-top:0px;\">RIBEILL (Georges), \u00ab&nbsp;L&rsquo;\u00e9conomie foresti\u00e8re en Pays d&rsquo;Othe (XIX<sup>e<\/sup> et XX<sup>e<\/sup> si\u00e8cles)&nbsp;\u00bb, p.&nbsp;293-308.<\/p>\n<p style=\"font-family:Gadugi;margin-bottom:10px;margin-top:0px;\">PASSAQUI (Jean-Philippe), \u00ab&nbsp;Le bois, un carburant national en Bourgogne-Nivernais de 1917 \u00e0 1950&nbsp;\u00bb, p.&nbsp;309-338.<\/p>\n\n<h5 style=\"font-family:Gadugi;color:#660033;\">Perspectives<\/h5>\n<p style=\"font-family:Gadugi;margin-bottom:10px;margin-top:0px;\">RICHARD (Bernard), \u00ab&nbsp;For\u00eat et \u00ab\u00a0gauche avanc\u00e9e\u00a0\u00bb dans l&rsquo;Yonne au XIX<sup>e<\/sup> si\u00e8cle&nbsp;\u00bb, p.&nbsp;339-346.<\/p>\n<p style=\"font-family:Gadugi;margin-bottom:10px;margin-top:0px;\">Autres communications pr\u00e9sent\u00e9es lors du colloque et non publi\u00e9es dans ce volume, p.&nbsp;347-348.<\/p>\n<p style=\"font-family:Gadugi;margin-top:30px;\">Liste des publications disponibles, p.&nbsp;349.<\/p>\n\n\n\n<hr class=\"wp-block-separator has-text-color has-alpha-channel-opacity has-background is-style-wide\" style=\"background-color:#660033;color:#660033\"\/>\n\n\n\n<p style=\"font-family:Gadugi;margin-bottom:50px;\">Volume disponible, 29&nbsp;\u20ac (frais de port compris) &#8211; <a href=\"https:\/\/www.bourgogne-savante.fr\/wp-content\/uploads\/ABSSbondecommande.pdf\" target=\"_blank\" rel=\"noopener noreferrer\">Commander<\/a><\/p>\n\n\n\n<div class=\"wp-block-buttons is-content-justification-center is-layout-flex wp-container-core-buttons-is-layout-16018d1d wp-block-buttons-is-layout-flex\">\n<div class=\"wp-block-button has-custom-font-size has-small-font-size\"><a class=\"wp-block-button__link has-background wp-element-button\" href=\"https:\/\/www.bourgogne-savante.fr\/index.php\/publications\/tablesdesmatieresdesactes\/colloque17\/\" style=\"background-color:#660033\"><< Colloque pr\u00e9c\u00e9dent<\/a><\/div>\n\n\n\n<div class=\"wp-block-button has-custom-font-size has-small-font-size\"><a class=\"wp-block-button__link has-background wp-element-button\" href=\"https:\/\/www.bourgogne-savante.fr\/index.php\/publications\/tablesdesmatieresdesactes\/\" style=\"background-color:#660033\">Retour \u00e0 la liste des tables des mati\u00e8res<\/a><\/div>\n\n\n\n<div class=\"wp-block-button has-custom-font-size has-small-font-size\"><a class=\"wp-block-button__link has-background wp-element-button\" href=\"https:\/\/www.bourgogne-savante.fr\/index.php\/publications\/tablesdesmatieresdesactes\/colloque19\/\" style=\"background-color:#660033\">Colloque suivant >><\/a><\/div>\n<\/div>\n","protected":false},"excerpt":{"rendered":"<p>La for\u00eat, le bois, Actes du 18e colloque de l&rsquo;Association bourguignonne des soci\u00e9t\u00e9s savantes, Villeneuve-sur-Yonne &#8211; Sens, 18-19 octobre 2008, Dijon, Association bourguignonne des soci\u00e9t\u00e9s savantes, Villeneuve-sur-Yonne, Les Amis du Vieux Villeneuve, 2009, 354&nbsp;p. Introduction La for\u00eat bourguignonne et ses arbres MOTTET (G\u00e9rard), \u00ab&nbsp;Sols et for\u00eats en Bourgogne, de la nature \u00e0 l&rsquo;homme&nbsp;\u00bb, p.&nbsp;17-28. GANAY &hellip; <a href=\"https:\/\/www.bourgogne-savante.fr\/index.php\/publications\/tablesdesmatieresdesactes\/colloque18\/\" class=\"more-link\">Continuer la lecture<span class=\"screen-reader-text\"> de &laquo;&nbsp;Actes du 18e colloque de l&rsquo;ABSS &#8211; Table des mati\u00e8res&nbsp;&raquo;<\/span><\/a><\/p>\n","protected":false},"author":1,"featured_media":0,"parent":219,"menu_order":0,"comment_status":"closed","ping_status":"closed","template":"","meta":{"footnotes":""},"class_list":["post-435","page","type-page","status-publish","hentry"],"_links":{"self":[{"href":"https:\/\/www.bourgogne-savante.fr\/index.php\/wp-json\/wp\/v2\/pages\/435","targetHints":{"allow":["GET"]}}],"collection":[{"href":"https:\/\/www.bourgogne-savante.fr\/index.php\/wp-json\/wp\/v2\/pages"}],"about":[{"href":"https:\/\/www.bourgogne-savante.fr\/index.php\/wp-json\/wp\/v2\/types\/page"}],"author":[{"embeddable":true,"href":"https:\/\/www.bourgogne-savante.fr\/index.php\/wp-json\/wp\/v2\/users\/1"}],"replies":[{"embeddable":true,"href":"https:\/\/www.bourgogne-savante.fr\/index.php\/wp-json\/wp\/v2\/comments?post=435"}],"version-history":[{"count":15,"href":"https:\/\/www.bourgogne-savante.fr\/index.php\/wp-json\/wp\/v2\/pages\/435\/revisions"}],"predecessor-version":[{"id":4483,"href":"https:\/\/www.bourgogne-savante.fr\/index.php\/wp-json\/wp\/v2\/pages\/435\/revisions\/4483"}],"up":[{"embeddable":true,"href":"https:\/\/www.bourgogne-savante.fr\/index.php\/wp-json\/wp\/v2\/pages\/219"}],"wp:attachment":[{"href":"https:\/\/www.bourgogne-savante.fr\/index.php\/wp-json\/wp\/v2\/media?parent=435"}],"curies":[{"name":"wp","href":"https:\/\/api.w.org\/{rel}","templated":true}]}}