{"id":4411,"date":"2023-11-27T12:36:01","date_gmt":"2023-11-27T11:36:01","guid":{"rendered":"https:\/\/www.bourgogne-savante.fr\/?page_id=4411"},"modified":"2023-11-27T12:36:01","modified_gmt":"2023-11-27T11:36:01","slug":"societe-academique-du-nivernais","status":"publish","type":"page","link":"https:\/\/www.bourgogne-savante.fr\/index.php\/societes-membres\/societe-academique-du-nivernais\/","title":{"rendered":"Soci\u00e9t\u00e9 acad\u00e9mique du Nivernais"},"content":{"rendered":"\n<p style=\"font-family:Gadugi;\">Consulter les tables des <i>M\u00e9moires de la Soci\u00e9t\u00e9 acad\u00e9mique du Nivernais<\/i> : \n<ul style=\"padding-left:20px;margin-top:-30px;list-style-type:square;font-family:Gadugi;\">\n<li><a href=\"https:\/\/www.bourgogne-savante.fr\/wp-content\/uploads\/SAN-Tables-1886-1923.pdf\" target=\"_blank\" rel=\"noopener\">1886-1923<\/a> : Marius Gerin, <i>M\u00e9moires de la Soci\u00e9t\u00e9 acad\u00e9mique du Nivernais. Table-r\u00e9pertoire des vingt-cinq premiers tomes (1886-1923)<\/i>, Nevers, 1924 ;<\/li>\n<li><a href=\"https:\/\/www.bourgogne-savante.fr\/wp-content\/uploads\/SAN-Tables-1924-1973.pdf\" target=\"_blank\" rel=\"noopener\">1924-1973<\/a> : Andr\u00e9 Thuillier, <i>Soci\u00e9t\u00e9 acad\u00e9mique du Nivernais. Tables des m\u00e9moires 1924-1973<\/i>, Nevers, 1974 ;<\/li>\n<li><a href=\"https:\/\/www.bourgogne-savante.fr\/wp-content\/uploads\/SAN-Tables-1976-2002.pdf\" target=\"_blank\" rel=\"noopener\">1976-2002<\/a> : Guy Thuillier, <i>Soci\u00e9t\u00e9 acad\u00e9mique du Nivernais. Table des m\u00e9moires 1976-2002<\/i>, Nevers, 2004 ;<\/li>\n<li><a href=\"https:\/\/www.bourgogne-savante.fr\/wp-content\/uploads\/SAN-Tables-matieres-2004-2023.pdf\" target=\"_blank\" rel=\"noopener\">Depuis 2004<\/a> : <i>M\u00e9moires de la Soci\u00e9t\u00e9 acad\u00e9mique du Nivernais. Recueil des tables des mati\u00e8res des tomes publi\u00e9s \u00e0 partir du num\u00e9ro 78 (2004)<\/i>.<\/li>\n<\/ul>\n<\/p>\n","protected":false},"excerpt":{"rendered":"<p>Consulter les tables des M\u00e9moires de la Soci\u00e9t\u00e9 acad\u00e9mique du Nivernais : 1886-1923 : Marius Gerin, M\u00e9moires de la Soci\u00e9t\u00e9 acad\u00e9mique du Nivernais. Table-r\u00e9pertoire des vingt-cinq premiers tomes (1886-1923), Nevers, 1924 ; 1924-1973 : Andr\u00e9 Thuillier, Soci\u00e9t\u00e9 acad\u00e9mique du Nivernais. Tables des m\u00e9moires 1924-1973, Nevers, 1974 ; 1976-2002 : Guy Thuillier, Soci\u00e9t\u00e9 acad\u00e9mique du Nivernais. &hellip; <a href=\"https:\/\/www.bourgogne-savante.fr\/index.php\/societes-membres\/societe-academique-du-nivernais\/\" class=\"more-link\">Continuer la lecture<span class=\"screen-reader-text\"> de &laquo;&nbsp;Soci\u00e9t\u00e9 acad\u00e9mique du Nivernais&nbsp;&raquo;<\/span><\/a><\/p>\n","protected":false},"author":1,"featured_media":0,"parent":32,"menu_order":0,"comment_status":"closed","ping_status":"closed","template":"","meta":{"footnotes":""},"class_list":["post-4411","page","type-page","status-publish","hentry"],"_links":{"self":[{"href":"https:\/\/www.bourgogne-savante.fr\/index.php\/wp-json\/wp\/v2\/pages\/4411","targetHints":{"allow":["GET"]}}],"collection":[{"href":"https:\/\/www.bourgogne-savante.fr\/index.php\/wp-json\/wp\/v2\/pages"}],"about":[{"href":"https:\/\/www.bourgogne-savante.fr\/index.php\/wp-json\/wp\/v2\/types\/page"}],"author":[{"embeddable":true,"href":"https:\/\/www.bourgogne-savante.fr\/index.php\/wp-json\/wp\/v2\/users\/1"}],"replies":[{"embeddable":true,"href":"https:\/\/www.bourgogne-savante.fr\/index.php\/wp-json\/wp\/v2\/comments?post=4411"}],"version-history":[{"count":5,"href":"https:\/\/www.bourgogne-savante.fr\/index.php\/wp-json\/wp\/v2\/pages\/4411\/revisions"}],"predecessor-version":[{"id":4416,"href":"https:\/\/www.bourgogne-savante.fr\/index.php\/wp-json\/wp\/v2\/pages\/4411\/revisions\/4416"}],"up":[{"embeddable":true,"href":"https:\/\/www.bourgogne-savante.fr\/index.php\/wp-json\/wp\/v2\/pages\/32"}],"wp:attachment":[{"href":"https:\/\/www.bourgogne-savante.fr\/index.php\/wp-json\/wp\/v2\/media?parent=4411"}],"curies":[{"name":"wp","href":"https:\/\/api.w.org\/{rel}","templated":true}]}}