{"id":487,"date":"2018-02-25T17:07:54","date_gmt":"2018-02-25T16:07:54","guid":{"rendered":"http:\/\/www.bourgogne-savante.fr\/?page_id=487"},"modified":"2024-01-02T11:58:38","modified_gmt":"2024-01-02T10:58:38","slug":"colloque20","status":"publish","type":"page","link":"https:\/\/www.bourgogne-savante.fr\/index.php\/publications\/tablesdesmatieresdesactes\/colloque20\/","title":{"rendered":"Actes du 20e colloque de l&rsquo;ABSS &#8211; Table des mati\u00e8res"},"content":{"rendered":"\n<div class=\"wp-block-media-text alignwide is-stacked-on-mobile\" style=\"grid-template-columns:25% auto\"><figure class=\"wp-block-media-text__media\"><img loading=\"lazy\" decoding=\"async\" width=\"297\" height=\"448\" src=\"https:\/\/www.bourgogne-savante.fr\/wp-content\/uploads\/2018\/02\/Colloque-ABSS-2010.jpg\" alt=\"\" class=\"wp-image-282 size-full\" srcset=\"https:\/\/www.bourgogne-savante.fr\/wp-content\/uploads\/2018\/02\/Colloque-ABSS-2010.jpg 297w, https:\/\/www.bourgogne-savante.fr\/wp-content\/uploads\/2018\/02\/Colloque-ABSS-2010-99x150.jpg 99w, https:\/\/www.bourgogne-savante.fr\/wp-content\/uploads\/2018\/02\/Colloque-ABSS-2010-199x300.jpg 199w\" sizes=\"auto, (max-width: 297px) 85vw, 297px\" \/><\/figure><div class=\"wp-block-media-text__content\">\n<p style=\"font-family:Gadugi;font-size:18px;\"><i>Voies de communication des temps gallo-romains au XX<sup>\u00e8me<\/sup> si\u00e8cle<\/i>, Actes du 20<sup>e<\/sup> colloque de l&rsquo;ABSS, Saulieu, 16 et 17 octobre 2010, Dijon, Association bourguignonne des soci\u00e9t\u00e9s savantes, Saulieu, Amis du vieux Saulieu, 2011, 247&nbsp;p.<\/p>\n<\/div><\/div>\n\n\n\n<hr class=\"wp-block-separator has-text-color has-alpha-channel-opacity has-background is-style-wide\" style=\"background-color:#660033;color:#660033\"\/>\n\n\n\n<p style=\"font-family:Gadugi;margin-bottom:10px;\"><\/p>\n\n<p style=\"font-family:Gadugi;margin-bottom:10px;margin-top:0px;\">\n\n<p style=\"font-family:Gadugi;margin-top:0px;\"><\/p>\n\n\n<p style=\"font-family:Gadugi;margin-bottom:10px;\">CORDIN (Dani\u00e8le), \u00ab&nbsp;Avant-propos&nbsp;\u00bb. p.&nbsp;3-4.<\/p>\n\n<p style=\"font-family:Gadugi;margin-bottom:0px;margin-top:0px;\">VIGNIER (Fran\u00e7oise), \u00ab&nbsp;20<sup>e<\/sup> colloque &#8211; Saulieu 16-17 octobre 2010. Voies de communications des temps gallo-romains au XX<sup>e<\/sup> si\u00e8cle&nbsp;\u00bb, p.&nbsp;5-8.<\/p>\n<p style=\"font-family:Gadugi;margin-bottom:10px;margin-top:0px;font-size:14px;\">Consulter le <a href=\"https:\/\/www.bourgogne-savante.fr\/wp-content\/uploads\/2018\/02\/ABSS-20e-colloque-compte-rendu.pdf\" target=\"_blank\" rel=\"noopener noreferrer\">compte-rendu du colloque de Saulieu<\/a><\/p>\n\n<p style=\"font-family:Gadugi;margin-bottom:10px;margin-top:0px;\">NOUVEL (Pierre), \u00ab&nbsp;Les voies romaines en Bourgogne antique : le cas de la voie dite de l&rsquo;Oc\u00e9an attribu\u00e9e \u00e0 Agrippa&nbsp;\u00bb, p.&nbsp;9-57.<\/p>\n\n<p style=\"font-family:Gadugi;margin-bottom:10px;margin-top:0px;\">CHASSIGNET (Philippe), \u00ab&nbsp;Le r\u00e9seau routier d&rsquo;Agrippa : la probl\u00e9matique de sa gen\u00e8se en territoire lingon et \u00e9duen&nbsp;\u00bb, p.&nbsp;59-71.<\/p>\n\n<p style=\"font-family:Gadugi;margin-bottom:10px;margin-top:0px;\">BOUTHIER (Alain), \u00ab&nbsp;Voies et chemins anciens ignor\u00e9s, disparus ou d\u00e9class\u00e9 vus d&rsquo;avion ou sur les cadastres du Nord-Ouest de la Ni\u00e8vre&nbsp;\u00bb, p.&nbsp;73-90.<\/p>\n\n<p style=\"font-family:Gadugi;margin-bottom:10px;margin-top:0px;\">L\u00c9GER (Bernard), \u00ab&nbsp;La route n<sup>o<\/sup> 6 de Joigny \u00e0 Sainte-Magnance : de la route royale \u00e0 l&rsquo;autoroute A 6&nbsp;\u00bb, p.&nbsp;91-116.<\/p>\n\n<p style=\"font-family:Gadugi;margin-bottom:10px;margin-top:0px;\">DUBOIS (Thierry), \u00ab&nbsp;La route Nationale 6 au XX<sup>e<\/sup> si\u00e8cle&nbsp;\u00bb, p.&nbsp;117-123.<\/p>\n\n<p style=\"font-family:Gadugi;margin-bottom:10px;margin-top:0px;\">DESAIVE (Jean-Paul), \u00ab&nbsp;Traverser la Bourgogne en plein hiver. Extrait du journal de voyage de l&rsquo;abb\u00e9 Le Laboureur accompagnant la marquise de Vardes en 1659&nbsp;\u00bb, p.&nbsp;125-137.<\/p>\n\n<p style=\"font-family:Gadugi;margin-bottom:10px;margin-top:0px;\">LAMBERT (S\u00e9bastien), \u00ab&nbsp;Les chemins vicinaux dans l&rsquo;ouverture des campagnes fran\u00e7aises au XIX<sup>e<\/sup> si\u00e8cle&nbsp;\u00bb, p.&nbsp;139-158.<\/p>\n\n<p style=\"font-family:Gadugi;margin-bottom:10px;margin-top:0px;\">LOUIS (Herv\u00e9), \u00ab&nbsp;L&rsquo;\u00e9volution de la voirie rurale en Morvan en lien avec le transport du bois (eau, route, rail) en direction de son lieu d&rsquo;utilisation ou de transformation&nbsp;\u00bb, p.&nbsp;159-167.<\/p>\n\n<p style=\"font-family:Gadugi;margin-bottom:10px;margin-top:0px;\">M\u00c9NAGER (Philippe), \u00ab&nbsp;La rivi\u00e8re d&rsquo;Ouche ou l&rsquo;impossible voie de communication fluviale&nbsp;\u00bb, p.&nbsp;169-186.<\/p>\n\n<p style=\"font-family:Gadugi;margin-bottom:10px;margin-top:0px;\">BLIGNY (Jean-Fran\u00e7ois), \u00ab&nbsp;L&rsquo;\u00e9toile ferroviaire de Saulieu&nbsp;\u00bb, p.&nbsp;187-202.<\/p>\n\n<p style=\"font-family:Gadugi;margin-bottom:10px;margin-top:0px;\">CONSTANT (Olivier), \u00ab&nbsp;La ligne Paris-Lyon, premi\u00e8re ligne fran\u00e7aise \u00e0 grande vitesse&nbsp;\u00bb, p.&nbsp;203-214.<\/p>\n\n<p style=\"font-family:Gadugi;margin-bottom:10px;margin-top:0px;\">MOTTET (G\u00e9rard), \u00ab&nbsp;Les voies de communication dans la cartographie de la Bourgogne au cours des si\u00e8cles&nbsp;\u00bb, p.&nbsp;215-229.<\/p>\n\n<p style=\"font-family:Gadugi;margin-bottom:10px;margin-top:0px;\">Autres communications pr\u00e9sent\u00e9es lors de ce 20<sup>e<\/sup> colloque et non publi\u00e9es dans ce volume, p.&nbsp;231-236.<br>\nNotamment : CHASSIGNET (Philippe), \u00ab&nbsp;Saulieu, une \u00e9tape gastronomique depuis l&rsquo;Antiquit\u00e9 ?&nbsp;\u00bb (r\u00e9sum\u00e9), p.&nbsp;231-232.<\/p>\n\n<p style=\"font-family:Gadugi;margin-top:0px;\">Bibliographie des congr\u00e8s et colloques de l&rsquo;ABSS, p.&nbsp;237-245.<\/p>\n\n\n\n<hr class=\"wp-block-separator has-text-color has-alpha-channel-opacity has-background is-style-wide\" style=\"background-color:#660033;color:#660033\"\/>\n\n\n\n<p style=\"font-family:Gadugi;margin-bottom:50px;\">Volume disponible, 34&nbsp;\u20ac (frais de port compris) &#8211; <a href=\"https:\/\/www.bourgogne-savante.fr\/wp-content\/uploads\/ABSSbondecommande.pdf\" target=\"_blank\" rel=\"noopener noreferrer\">Commander<\/a><\/p>\n\n\n\n<div class=\"wp-block-buttons is-content-justification-center is-layout-flex wp-container-core-buttons-is-layout-16018d1d wp-block-buttons-is-layout-flex\">\n<div class=\"wp-block-button has-custom-font-size has-small-font-size\"><a class=\"wp-block-button__link has-background wp-element-button\" href=\"https:\/\/www.bourgogne-savante.fr\/index.php\/publications\/tablesdesmatieresdesactes\/colloque19\/\" style=\"background-color:#660033\"><< Colloque pr\u00e9c\u00e9dent<\/a><\/div>\n\n\n\n<div class=\"wp-block-button has-custom-font-size has-small-font-size\"><a class=\"wp-block-button__link has-background wp-element-button\" href=\"https:\/\/www.bourgogne-savante.fr\/index.php\/publications\/tablesdesmatieresdesactes\/\" style=\"background-color:#660033\">Retour \u00e0 la liste des tables des mati\u00e8res<\/a><\/div>\n\n\n\n<div class=\"wp-block-button has-custom-font-size has-small-font-size\"><a class=\"wp-block-button__link has-background wp-element-button\" href=\"https:\/\/www.bourgogne-savante.fr\/index.php\/publications\/tablesdesmatieresdesactes\/colloque21\/\" style=\"background-color:#660033\">Colloque suivant >><\/a><\/div>\n<\/div>\n","protected":false},"excerpt":{"rendered":"<p>Voies de communication des temps gallo-romains au XX\u00e8me si\u00e8cle, Actes du 20e colloque de l&rsquo;ABSS, Saulieu, 16 et 17 octobre 2010, Dijon, Association bourguignonne des soci\u00e9t\u00e9s savantes, Saulieu, Amis du vieux Saulieu, 2011, 247&nbsp;p. CORDIN (Dani\u00e8le), \u00ab&nbsp;Avant-propos&nbsp;\u00bb. p.&nbsp;3-4. VIGNIER (Fran\u00e7oise), \u00ab&nbsp;20e colloque &#8211; Saulieu 16-17 octobre 2010. Voies de communications des temps gallo-romains au XXe &hellip; <a href=\"https:\/\/www.bourgogne-savante.fr\/index.php\/publications\/tablesdesmatieresdesactes\/colloque20\/\" class=\"more-link\">Continuer la lecture<span class=\"screen-reader-text\"> de &laquo;&nbsp;Actes du 20e colloque de l&rsquo;ABSS &#8211; Table des mati\u00e8res&nbsp;&raquo;<\/span><\/a><\/p>\n","protected":false},"author":1,"featured_media":0,"parent":219,"menu_order":0,"comment_status":"closed","ping_status":"closed","template":"","meta":{"footnotes":""},"class_list":["post-487","page","type-page","status-publish","hentry"],"_links":{"self":[{"href":"https:\/\/www.bourgogne-savante.fr\/index.php\/wp-json\/wp\/v2\/pages\/487","targetHints":{"allow":["GET"]}}],"collection":[{"href":"https:\/\/www.bourgogne-savante.fr\/index.php\/wp-json\/wp\/v2\/pages"}],"about":[{"href":"https:\/\/www.bourgogne-savante.fr\/index.php\/wp-json\/wp\/v2\/types\/page"}],"author":[{"embeddable":true,"href":"https:\/\/www.bourgogne-savante.fr\/index.php\/wp-json\/wp\/v2\/users\/1"}],"replies":[{"embeddable":true,"href":"https:\/\/www.bourgogne-savante.fr\/index.php\/wp-json\/wp\/v2\/comments?post=487"}],"version-history":[{"count":12,"href":"https:\/\/www.bourgogne-savante.fr\/index.php\/wp-json\/wp\/v2\/pages\/487\/revisions"}],"predecessor-version":[{"id":4485,"href":"https:\/\/www.bourgogne-savante.fr\/index.php\/wp-json\/wp\/v2\/pages\/487\/revisions\/4485"}],"up":[{"embeddable":true,"href":"https:\/\/www.bourgogne-savante.fr\/index.php\/wp-json\/wp\/v2\/pages\/219"}],"wp:attachment":[{"href":"https:\/\/www.bourgogne-savante.fr\/index.php\/wp-json\/wp\/v2\/media?parent=487"}],"curies":[{"name":"wp","href":"https:\/\/api.w.org\/{rel}","templated":true}]}}