{"id":495,"date":"2018-02-25T17:23:32","date_gmt":"2018-02-25T16:23:32","guid":{"rendered":"http:\/\/www.bourgogne-savante.fr\/?page_id=495"},"modified":"2024-01-02T11:59:05","modified_gmt":"2024-01-02T10:59:05","slug":"colloque21","status":"publish","type":"page","link":"https:\/\/www.bourgogne-savante.fr\/index.php\/publications\/tablesdesmatieresdesactes\/colloque21\/","title":{"rendered":"Actes du 21e colloque de l&rsquo;ABSS &#8211; Table des mati\u00e8res"},"content":{"rendered":"\n<div class=\"wp-block-media-text alignwide is-stacked-on-mobile\" style=\"grid-template-columns:25% auto\"><figure class=\"wp-block-media-text__media\"><img loading=\"lazy\" decoding=\"async\" width=\"658\" height=\"1024\" src=\"https:\/\/www.bourgogne-savante.fr\/wp-content\/uploads\/2018\/02\/Colloque-ABSS-2011-658x1024.jpg\" alt=\"\" class=\"wp-image-283 size-full\" srcset=\"https:\/\/www.bourgogne-savante.fr\/wp-content\/uploads\/2018\/02\/Colloque-ABSS-2011-658x1024.jpg 658w, https:\/\/www.bourgogne-savante.fr\/wp-content\/uploads\/2018\/02\/Colloque-ABSS-2011-96x150.jpg 96w, https:\/\/www.bourgogne-savante.fr\/wp-content\/uploads\/2018\/02\/Colloque-ABSS-2011-193x300.jpg 193w, https:\/\/www.bourgogne-savante.fr\/wp-content\/uploads\/2018\/02\/Colloque-ABSS-2011-768x1196.jpg 768w, https:\/\/www.bourgogne-savante.fr\/wp-content\/uploads\/2018\/02\/Colloque-ABSS-2011.jpg 1935w\" sizes=\"auto, (max-width: 658px) 85vw, 658px\" \/><\/figure><div class=\"wp-block-media-text__content\">\n<p style=\"font-family:Gadugi;font-size:18px;\"><i>Places fortes et centres d\u2019\u00e9changes<\/i>, Actes du 21<sup>e<\/sup> colloque de l\u2019ABSS, Semur-en-Auxois, 15-16 octobre 2011, Dijon, Association bourguignonne des soci\u00e9t\u00e9s savantes, Semur-en-Auxois, Soci\u00e9t\u00e9 des sciences de Semur-en-Auxois, 231&nbsp;p.<\/p>\n<\/div><\/div>\n\n\n\n<hr class=\"wp-block-separator has-text-color has-alpha-channel-opacity has-background is-style-wide\" style=\"background-color:#660033;color:#660033\"\/>\n\n\n\n<p style=\"font-family:Gadugi;margin-bottom:10px;\">BLIGNY (Jean-Fran\u00e7ois), \u00ab&nbsp;Mot d\u2019accueil du pr\u00e9sident de la Soci\u00e9t\u00e9 des sciences historiques et naturelles de Semur-en-Auxois&nbsp;\u00bb, p.&nbsp;3.<\/p>\n<p style=\"font-family:Gadugi;margin-bottom:10px;margin-top:0px;\">LAMARRE (Christine), \u00ab&nbsp;Introduction au colloque&nbsp;\u00bb, p.&nbsp;7.<\/p>\n<p style=\"font-family:Gadugi;margin-bottom:10px;margin-top:0px;\">MOTTET (G\u00e9rard), \u00ab&nbsp;Fondements g\u00e9omorphologiques des sites fortifi\u00e9s en Bourgogne&nbsp;\u00bb, p.&nbsp; 13.<\/p>\n<p style=\"font-family:Gadugi;margin-bottom:10px;margin-top:0px;\">L\u00c9GER (Bernard), \u00ab&nbsp;Avallon, ancienne ville fortifi\u00e9e&nbsp;\u00bb, p.&nbsp;27.<\/p>\n<p style=\"font-family:Gadugi;margin-bottom:10px;margin-top:0px;\">BOUTHIER (Alain), \u00ab&nbsp;La Charit\u00e9-sur-Loire : place forte, place de s\u00fbret\u00e9 et centre d\u2019\u00e9changes frontaliers&nbsp;\u00bb, p.&nbsp;49.<\/p>\n<p style=\"font-family:Gadugi;margin-bottom:10px;margin-top:0px;\">LAMBERT (S\u00e9bastien), \u00ab&nbsp;Conforgien, une maison forte bourguignonne&nbsp;\u00bb, p.&nbsp;67.<\/p>\n<p style=\"font-family:Gadugi;margin-bottom:10px;margin-top:0px;\">LACAILLE (Antoine), \u00ab&nbsp;Les relations \u00e9conomiques, sociales et militaires entre la place forte de Semur-en-Auxois et une seigneurie avoisinante : l\u2019exemple de Juilly&nbsp;\u00bb, p.&nbsp;87.<\/p>\n<p style=\"font-family:Gadugi;margin-bottom:10px;margin-top:0px;\">VIDAL (Jonhattan), \u00ab&nbsp;Relecture des donn\u00e9es spatiales d\u2019Al\u00e9sia : \u00e9tat de la recherche&nbsp;\u00bb, p.&nbsp;103.<\/p>\n<p style=\"font-family:Gadugi;margin-bottom:10px;margin-top:0px;\">RAYMOND (Fran\u00e7ois), \u00ab&nbsp;Le th\u00e9\u00e2tre municipal de Semur-en-Auxois : histoire de sa construction et de sa reconstruction&nbsp;\u00bb, p.&nbsp;127.<\/p>\n<p style=\"font-family:Gadugi;margin-bottom:10px;margin-top:0px;\">PEYRE (Fran\u00e7ois), \u00ab&nbsp;Le donjon de Semur-en-Auxois au XIX<sup>\u00e8me<\/sup> si\u00e8cle, avatars et travaux&nbsp;\u00bb, p.&nbsp;153.<\/p>\n<p style=\"font-family:Gadugi;margin-bottom:10px;margin-top:0px;\">BENET (J\u00e9r\u00f4me), \u00ab&nbsp;Un espace urbain m\u00e9di\u00e9val m\u00e9connu de la ville de Semur-en-Auxois : le quartier du ch\u00e2teau au XV<sup>\u00e8me<\/sup> si\u00e8cle&nbsp;\u00bb, p.&nbsp;171.<\/p>\n<p style=\"font-family:Gadugi;margin-bottom:10px;margin-top:0px;\">RAEMY (Daniel de), \u00ab&nbsp;Le donjon de Semur-en-Auxois, un ch\u00e2teau savoyard&nbsp;?&nbsp;\u00bb, p.&nbsp;193.<\/p>\n<p style=\"font-family:Gadugi;margin-top:0px;\">DUCHESNE (C\u00e9line), \u00ab&nbsp;Semur-en-Auxois : des \u00e9changes contraints par un site d\u2019exception&nbsp;\u00bb, p.&nbsp;211.<\/p>\n\n\n\n<hr class=\"wp-block-separator has-text-color has-alpha-channel-opacity has-background is-style-wide\" style=\"background-color:#660033;color:#660033\"\/>\n\n\n\n<p style=\"font-family:Gadugi;margin-bottom:50px;\">Volume disponible, 31.50&nbsp;\u20ac (frais de port compris) &#8211; <a href=\"https:\/\/www.bourgogne-savante.fr\/wp-content\/uploads\/ABSSbondecommande.pdf\" target=\"_blank\" rel=\"noopener noreferrer\">Commander<\/a><\/p>\n\n\n\n<div class=\"wp-block-buttons is-content-justification-center is-layout-flex wp-container-core-buttons-is-layout-16018d1d wp-block-buttons-is-layout-flex\">\n<div class=\"wp-block-button has-custom-font-size has-small-font-size\"><a class=\"wp-block-button__link has-background wp-element-button\" href=\"https:\/\/www.bourgogne-savante.fr\/index.php\/publications\/tablesdesmatieresdesactes\/colloque20\/\" style=\"background-color:#660033\"><< Colloque pr\u00e9c\u00e9dent<\/a><\/div>\n\n\n\n<div class=\"wp-block-button has-custom-font-size has-small-font-size\"><a class=\"wp-block-button__link has-background wp-element-button\" href=\"https:\/\/www.bourgogne-savante.fr\/index.php\/publications\/tablesdesmatieresdesactes\/\" style=\"background-color:#660033\">Retour \u00e0 la liste des tables des mati\u00e8res<\/a><\/div>\n\n\n\n<div class=\"wp-block-button has-custom-font-size has-small-font-size\"><a class=\"wp-block-button__link has-background wp-element-button\" href=\"https:\/\/www.bourgogne-savante.fr\/index.php\/publications\/tablesdesmatieresdesactes\/colloque22\/\" style=\"background-color:#660033\">Colloque suivant >><\/a><\/div>\n<\/div>\n","protected":false},"excerpt":{"rendered":"<p>Places fortes et centres d\u2019\u00e9changes, Actes du 21e colloque de l\u2019ABSS, Semur-en-Auxois, 15-16 octobre 2011, Dijon, Association bourguignonne des soci\u00e9t\u00e9s savantes, Semur-en-Auxois, Soci\u00e9t\u00e9 des sciences de Semur-en-Auxois, 231&nbsp;p. BLIGNY (Jean-Fran\u00e7ois), \u00ab&nbsp;Mot d\u2019accueil du pr\u00e9sident de la Soci\u00e9t\u00e9 des sciences historiques et naturelles de Semur-en-Auxois&nbsp;\u00bb, p.&nbsp;3. LAMARRE (Christine), \u00ab&nbsp;Introduction au colloque&nbsp;\u00bb, p.&nbsp;7. MOTTET (G\u00e9rard), \u00ab&nbsp;Fondements g\u00e9omorphologiques &hellip; <a href=\"https:\/\/www.bourgogne-savante.fr\/index.php\/publications\/tablesdesmatieresdesactes\/colloque21\/\" class=\"more-link\">Continuer la lecture<span class=\"screen-reader-text\"> de &laquo;&nbsp;Actes du 21e colloque de l&rsquo;ABSS &#8211; Table des mati\u00e8res&nbsp;&raquo;<\/span><\/a><\/p>\n","protected":false},"author":1,"featured_media":0,"parent":219,"menu_order":0,"comment_status":"closed","ping_status":"closed","template":"","meta":{"footnotes":""},"class_list":["post-495","page","type-page","status-publish","hentry"],"_links":{"self":[{"href":"https:\/\/www.bourgogne-savante.fr\/index.php\/wp-json\/wp\/v2\/pages\/495","targetHints":{"allow":["GET"]}}],"collection":[{"href":"https:\/\/www.bourgogne-savante.fr\/index.php\/wp-json\/wp\/v2\/pages"}],"about":[{"href":"https:\/\/www.bourgogne-savante.fr\/index.php\/wp-json\/wp\/v2\/types\/page"}],"author":[{"embeddable":true,"href":"https:\/\/www.bourgogne-savante.fr\/index.php\/wp-json\/wp\/v2\/users\/1"}],"replies":[{"embeddable":true,"href":"https:\/\/www.bourgogne-savante.fr\/index.php\/wp-json\/wp\/v2\/comments?post=495"}],"version-history":[{"count":12,"href":"https:\/\/www.bourgogne-savante.fr\/index.php\/wp-json\/wp\/v2\/pages\/495\/revisions"}],"predecessor-version":[{"id":4486,"href":"https:\/\/www.bourgogne-savante.fr\/index.php\/wp-json\/wp\/v2\/pages\/495\/revisions\/4486"}],"up":[{"embeddable":true,"href":"https:\/\/www.bourgogne-savante.fr\/index.php\/wp-json\/wp\/v2\/pages\/219"}],"wp:attachment":[{"href":"https:\/\/www.bourgogne-savante.fr\/index.php\/wp-json\/wp\/v2\/media?parent=495"}],"curies":[{"name":"wp","href":"https:\/\/api.w.org\/{rel}","templated":true}]}}