{"id":498,"date":"2018-02-25T17:24:25","date_gmt":"2018-02-25T16:24:25","guid":{"rendered":"http:\/\/www.bourgogne-savante.fr\/?page_id=498"},"modified":"2024-01-02T11:59:31","modified_gmt":"2024-01-02T10:59:31","slug":"colloque22","status":"publish","type":"page","link":"https:\/\/www.bourgogne-savante.fr\/index.php\/publications\/tablesdesmatieresdesactes\/colloque22\/","title":{"rendered":"Actes du 22e colloque de l&rsquo;ABSS &#8211; Table des mati\u00e8res"},"content":{"rendered":"\n<div class=\"wp-block-media-text alignwide is-stacked-on-mobile\" style=\"grid-template-columns:25% auto\"><figure class=\"wp-block-media-text__media\"><img loading=\"lazy\" decoding=\"async\" width=\"662\" height=\"1024\" src=\"https:\/\/www.bourgogne-savante.fr\/wp-content\/uploads\/2018\/02\/Colloque-ABSS-2012-662x1024.jpg\" alt=\"\" class=\"wp-image-284 size-full\" srcset=\"https:\/\/www.bourgogne-savante.fr\/wp-content\/uploads\/2018\/02\/Colloque-ABSS-2012-662x1024.jpg 662w, https:\/\/www.bourgogne-savante.fr\/wp-content\/uploads\/2018\/02\/Colloque-ABSS-2012-97x150.jpg 97w, https:\/\/www.bourgogne-savante.fr\/wp-content\/uploads\/2018\/02\/Colloque-ABSS-2012-194x300.jpg 194w, https:\/\/www.bourgogne-savante.fr\/wp-content\/uploads\/2018\/02\/Colloque-ABSS-2012-768x1189.jpg 768w, https:\/\/www.bourgogne-savante.fr\/wp-content\/uploads\/2018\/02\/Colloque-ABSS-2012.jpg 1497w\" sizes=\"auto, (max-width: 662px) 85vw, 662px\" \/><\/figure><div class=\"wp-block-media-text__content\">\n<p style=\"font-family:Gadugi;font-size:18px;\"><i>\u00c9conomie et industrie en Bourgogne, \u00e9tapes et perspectives<\/i>, Actes du 22<sup>e<\/sup> colloque de l&rsquo;ABSS, Ch\u00e2teau-Chinon, 6 et 7 octobre 2012, Dijon, Association bourguignonne des soci\u00e9t\u00e9s savantes, Ch\u00e2teau-Chinon, Acad\u00e9mie du Morvan , 2015, 266&nbsp;p.<\/p>\n<\/div><\/div>\n\n\n\n<hr class=\"wp-block-separator has-text-color has-alpha-channel-opacity has-background is-style-wide\" style=\"background-color:#660033;color:#660033\"\/>\n\n\n\n<p style=\"font-family:Gadugi;margin-bottom:10px;\">BOURGOING (Jean-Marie de), \u00ab&nbsp;Avant-propos&nbsp;\u00bb, p.&nbsp;3.<\/p>\n<p style=\"font-family:Gadugi;margin-bottom:10px;margin-top:0px;\">MOTTET (G\u00e9rard), \u00ab&nbsp;Le charbon de la Ni\u00e8vre, exploitation et potentialit\u00e9s&nbsp;\u00bb, p.&nbsp;5.<\/p>\n<p style=\"font-family:Gadugi;margin-bottom:10px;margin-top:0px;\">DELENCRE (Florent), GARCIA (Jean-Pierre), \u00ab&nbsp;Les mat\u00e9riaux de construction lithiques et la romanisation : l\u2019exemple de <i>l\u2019oppidum<\/i> de Bibracte et des autres sites du territoire \u00e9duen&nbsp;\u00bb, p.&nbsp;17.<\/p>\n<p style=\"font-family:Gadugi;margin-bottom:10px;margin-top:0px;\">L\u00c9GER (Bernard), \u00ab&nbsp;L\u2019amiante, une industrie avallonnaise&nbsp;\u00bb, p.&nbsp; 41.<\/p>\n<p style=\"font-family:Gadugi;margin-bottom:10px;margin-top:0px;\">RICHARD (Hugues), \u00ab&nbsp;Pr\u00e9sence de l\u2019industrie en Nivernais dans les rapports d\u2019Hilaire Doloret, inspecteur g\u00e9n\u00e9ral des duch\u00e9s de Nivernais et Donziais (1780-1791)&nbsp;\u00bb, p.&nbsp;65.<\/p>\n<p style=\"font-family:Gadugi;margin-bottom:10px;margin-top:0px;\">MARIN (Guy), \u00ab&nbsp;Les ateliers de c\u00e9ramique du Morvan nivernais&nbsp;\u00bb, p.&nbsp;77.<\/p>\n<p style=\"font-family:Gadugi;margin-bottom:10px;margin-top:0px;\">GENOIS (Jean), \u00ab&nbsp;La danseuse de Corde&nbsp;\u00bb, p.&nbsp;87.<\/p>\n<p style=\"font-family:Gadugi;margin-bottom:10px;margin-top:0px;\">BLIGNY (Jean-Fran\u00e7ois), \u00ab&nbsp;La Bourgogne \u00e0 l\u2019origine des ciments fran\u00e7ais&nbsp;\u00bb, p.&nbsp;103.<\/p>\n<p style=\"font-family:Gadugi;margin-bottom:10px;margin-top:0px;\">LAMBERT (S\u00e9bastien), \u00ab&nbsp;L\u2019industrie \u00e0 Avallon au XIX<sup>e<\/sup> si\u00e8cle : portrait et probl\u00e8mes&nbsp;\u00bb, p.&nbsp; 123.<\/p>\n<p style=\"font-family:Gadugi;margin-bottom:10px;margin-top:0px;\">LATOURNERIE (Marie-Aim\u00e9e), \u00ab&nbsp;\u00c9volution de l\u2019industrie du meuble en Autunois Morvan&nbsp;\u00bb, p.&nbsp;129.<\/p>\n<p style=\"font-family:Gadugi;margin-bottom:10px;margin-top:0px;\">DULIN (Jean-Michel), \u00ab&nbsp;La fonction logistique \u00e0 M\u00e2con&nbsp;\u00bb, p.&nbsp;143.<\/p>\n<p style=\"font-family:Gadugi;margin-bottom:10px;margin-top:0px;\">MESSY (Jean-Louis), \u00ab&nbsp;Les forges de la Chaussade : \u00ab\u00a0Naissance et mort des prestigieuses forges de Gu\u00e9rigny\u00a0\u00bb&nbsp;\u00bb, p.&nbsp;149.<\/p>\n<p style=\"font-family:Gadugi;margin-bottom:10px;margin-top:0px;\">TRINQUET (Jean-Claude), \u00ab&nbsp;Les usines \u00ab\u00a0Morvan\u00a0\u00bb \u00e0 Ch\u00e2teau-Chinon de 1921 \u00e0 1979&nbsp;\u00bb, p.&nbsp;159.<\/p>\n<p style=\"font-family:Gadugi;margin-bottom:10px;margin-top:0px;\">P\u00c8RE (Pierre), \u00ab&nbsp;Le haut-fourneau de Limanton, un rat\u00e9 de l\u2019entr\u00e9e des campagnes nivernaises dans l\u2019\u00e2ge industriel&nbsp;\u00bb, p.&nbsp;171.<\/p>\n<p style=\"font-family:Gadugi;margin-bottom:10px;margin-top:0px;\">PASSAQUI (Jean-Philippe), \u00ab&nbsp;L\u2019approvisionnement en houille des usines du Creusot pendant les guerres de la R\u00e9volution et de l\u2019Empire&nbsp;\u00bb, p.&nbsp;195.<\/p>\n<p style=\"font-family:Gadugi;margin-bottom:10px;margin-top:0px;\">BOUTHIER (Alain), \u00ab&nbsp;Un holding mallurgique sous Louis XIV : la Compagnie du Nivernois&nbsp;\u00bb, p.&nbsp;215.<\/p>\n<p style=\"font-family:Gadugi;margin-top:0px;\">GOURAULT (Claude), \u00ab&nbsp;Les sites miniers du Morvan. Aper\u00e7u m\u00e9tallog\u00e9nique \u2013 Histoire mini\u00e8re \u2013 Int\u00e9r\u00eat \u00e9conomique&nbsp;\u00bb, p.&nbsp;235.<\/p>\n\n\n\n<hr class=\"wp-block-separator has-text-color has-alpha-channel-opacity has-background is-style-wide\" style=\"background-color:#660033;color:#660033\"\/>\n\n\n\n<p style=\"font-family:Gadugi;margin-bottom:50px;\">Volume disponible, 31.50&nbsp;\u20ac (frais de port compris) &#8211; <a href=\"https:\/\/www.bourgogne-savante.fr\/wp-content\/uploads\/ABSSbondecommande.pdf\" target=\"_blank\" rel=\"noopener noreferrer\">Commander<\/a><\/p>\n\n\n\n<div class=\"wp-block-buttons is-content-justification-center is-layout-flex wp-container-core-buttons-is-layout-16018d1d wp-block-buttons-is-layout-flex\">\n<div class=\"wp-block-button has-custom-font-size has-small-font-size\"><a class=\"wp-block-button__link has-background wp-element-button\" href=\"https:\/\/www.bourgogne-savante.fr\/index.php\/publications\/tablesdesmatieresdesactes\/colloque21\/\" style=\"background-color:#660033\"><< Colloque pr\u00e9c\u00e9dent<\/a><\/div>\n\n\n\n<div class=\"wp-block-button has-custom-font-size has-small-font-size\"><a class=\"wp-block-button__link has-background wp-element-button\" href=\"https:\/\/www.bourgogne-savante.fr\/index.php\/publications\/tablesdesmatieresdesactes\/\" style=\"background-color:#660033\">Retour \u00e0 la liste des tables des mati\u00e8res<\/a><\/div>\n\n\n\n<div class=\"wp-block-button has-custom-font-size has-small-font-size\"><a class=\"wp-block-button__link has-background wp-element-button\" href=\"https:\/\/www.bourgogne-savante.fr\/index.php\/publications\/tablesdesmatieresdesactes\/colloque23\/\" style=\"background-color:#660033\">Colloque suivant >><\/a><\/div>\n<\/div>\n","protected":false},"excerpt":{"rendered":"<p>\u00c9conomie et industrie en Bourgogne, \u00e9tapes et perspectives, Actes du 22e colloque de l&rsquo;ABSS, Ch\u00e2teau-Chinon, 6 et 7 octobre 2012, Dijon, Association bourguignonne des soci\u00e9t\u00e9s savantes, Ch\u00e2teau-Chinon, Acad\u00e9mie du Morvan , 2015, 266&nbsp;p. BOURGOING (Jean-Marie de), \u00ab&nbsp;Avant-propos&nbsp;\u00bb, p.&nbsp;3. MOTTET (G\u00e9rard), \u00ab&nbsp;Le charbon de la Ni\u00e8vre, exploitation et potentialit\u00e9s&nbsp;\u00bb, p.&nbsp;5. DELENCRE (Florent), GARCIA (Jean-Pierre), \u00ab&nbsp;Les mat\u00e9riaux &hellip; <a href=\"https:\/\/www.bourgogne-savante.fr\/index.php\/publications\/tablesdesmatieresdesactes\/colloque22\/\" class=\"more-link\">Continuer la lecture<span class=\"screen-reader-text\"> de &laquo;&nbsp;Actes du 22e colloque de l&rsquo;ABSS &#8211; Table des mati\u00e8res&nbsp;&raquo;<\/span><\/a><\/p>\n","protected":false},"author":1,"featured_media":0,"parent":219,"menu_order":0,"comment_status":"closed","ping_status":"closed","template":"","meta":{"footnotes":""},"class_list":["post-498","page","type-page","status-publish","hentry"],"_links":{"self":[{"href":"https:\/\/www.bourgogne-savante.fr\/index.php\/wp-json\/wp\/v2\/pages\/498","targetHints":{"allow":["GET"]}}],"collection":[{"href":"https:\/\/www.bourgogne-savante.fr\/index.php\/wp-json\/wp\/v2\/pages"}],"about":[{"href":"https:\/\/www.bourgogne-savante.fr\/index.php\/wp-json\/wp\/v2\/types\/page"}],"author":[{"embeddable":true,"href":"https:\/\/www.bourgogne-savante.fr\/index.php\/wp-json\/wp\/v2\/users\/1"}],"replies":[{"embeddable":true,"href":"https:\/\/www.bourgogne-savante.fr\/index.php\/wp-json\/wp\/v2\/comments?post=498"}],"version-history":[{"count":13,"href":"https:\/\/www.bourgogne-savante.fr\/index.php\/wp-json\/wp\/v2\/pages\/498\/revisions"}],"predecessor-version":[{"id":4487,"href":"https:\/\/www.bourgogne-savante.fr\/index.php\/wp-json\/wp\/v2\/pages\/498\/revisions\/4487"}],"up":[{"embeddable":true,"href":"https:\/\/www.bourgogne-savante.fr\/index.php\/wp-json\/wp\/v2\/pages\/219"}],"wp:attachment":[{"href":"https:\/\/www.bourgogne-savante.fr\/index.php\/wp-json\/wp\/v2\/media?parent=498"}],"curies":[{"name":"wp","href":"https:\/\/api.w.org\/{rel}","templated":true}]}}