{"id":4997,"date":"2024-10-26T10:13:29","date_gmt":"2024-10-26T08:13:29","guid":{"rendered":"https:\/\/www.bourgogne-savante.fr\/?page_id=4997"},"modified":"2024-11-01T12:51:22","modified_gmt":"2024-11-01T11:51:22","slug":"colloque32","status":"publish","type":"page","link":"https:\/\/www.bourgogne-savante.fr\/index.php\/publications\/tablesdesmatieresdesactes\/colloque32\/","title":{"rendered":"Actes du 32e colloque de l&rsquo;ABSS &#8211; Table des mati\u00e8res"},"content":{"rendered":"\n<div class=\"wp-block-media-text alignwide is-stacked-on-mobile\" style=\"grid-template-columns:25% auto\"><figure class=\"wp-block-media-text__media\"><img loading=\"lazy\" decoding=\"async\" width=\"583\" height=\"883\" src=\"https:\/\/www.bourgogne-savante.fr\/wp-content\/uploads\/Colloque-2023-couverture.jpg\" alt=\"\" class=\"wp-image-5000 size-full\" srcset=\"https:\/\/www.bourgogne-savante.fr\/wp-content\/uploads\/Colloque-2023-couverture.jpg 583w, https:\/\/www.bourgogne-savante.fr\/wp-content\/uploads\/Colloque-2023-couverture-198x300.jpg 198w, https:\/\/www.bourgogne-savante.fr\/wp-content\/uploads\/Colloque-2023-couverture-99x150.jpg 99w\" sizes=\"auto, (max-width: 583px) 85vw, 583px\" \/><\/figure><div class=\"wp-block-media-text__content\">\n<p style=\"font-family:Gadugi;font-size:18px;\"><i>En faire tout un plat : les arts de la table \u00e0 travers les si\u00e8cles<\/i>, Actes du 32<sup>e<\/sup> colloque de l&rsquo;ABSS, Langres, 21 et 22 octobre 2023, Dijon, Association bourguignonne des soci\u00e9t\u00e9s savantes, Langres, Soci\u00e9t\u00e9 historique et arch\u00e9ologique de Langres, 2024, 162&nbsp;p.<\/p>\n<\/div><\/div>\n\n\n\n<hr class=\"wp-block-separator has-text-color has-alpha-channel-opacity has-background is-style-wide\" style=\"background-color:#660033;color:#660033\"\/>\n\n\n\n<p style=\"font-family:Gadugi;margin-bottom:10px;\">COURIOL (\u00c9tienne), \u00ab&nbsp;Ouverture du colloque&nbsp;\u00bb, p.&nbsp;5.<\/p>\n<p style=\"font-family:Gadugi;margin-bottom:10px;\">POJ\u00c9-CR\u00c9TIEN (Jo\u00eblle), \u00ab&nbsp;Henry Havard (1838-1921) : un destin original au service des arts appliqu\u00e9s&nbsp;\u00bb, p.&nbsp;11.<\/p>\n<p style=\"font-family:Gadugi;margin-bottom:10px;\">PERROT (Fran\u00e7oise), \u00ab&nbsp;Henry Havard (1838-1921) et son <i>Dictionnaire de l&rsquo;ameublement et de la d\u00e9coration<\/i>&nbsp;\u00bb, p.&nbsp;25.<\/p>\n<p style=\"font-family:Gadugi;margin-bottom:10px;\">CHAUX-HA\u00cfK (Annie), \u00ab&nbsp;Th\u00e9, caf\u00e9 ou chocolat ? Les go\u00fbts d\u2019un conseiller au parlement de Bourgogne au XVIII<sup>e<\/sup> si\u00e8cle&nbsp;\u00bb, p.&nbsp;35.<\/p>\n<p style=\"font-family:Gadugi;margin-bottom:10px;\">BODINEAU (Pierre), \u00ab&nbsp;Mettre le couvert : un pr\u00e9alable essentiel pour \u00ab le cuisinier des cuisiniers \u00bb au XIX<sup>e<\/sup> si\u00e8cle&nbsp;\u00bb, p.&nbsp;47.<\/p>\n<p style=\"font-family:Gadugi;margin-bottom:10px;\">LOCHOT (\u00c9liane), \u00ab&nbsp;L\u2019esth\u00e9tique de la pr\u00e9sentation des mets selon La Varenne&nbsp;\u00bb, p.&nbsp;53.<\/p>\n<p style=\"font-family:Gadugi;margin-bottom:10px;\">VAYROU (Georges), \u00ab&nbsp;Les arts de la table et le droit&nbsp;\u00bb, p.&nbsp;67.<\/p>\n<p style=\"font-family:Gadugi;margin-bottom:10px;\">M\u00c9NAGER (Philippe), \u00ab&nbsp;Des culs noirs au pyroblan, les diff\u00e9rents mat\u00e9riaux c\u00e9ramiques employ\u00e9s dans la production digoinaise d\u2019arts de la table&nbsp;\u00bb, p.&nbsp;77.<\/p>\n<p style=\"font-family:Gadugi;margin-bottom:10px;\">GOISET (Gilles), \u00ab&nbsp;La fa\u00efencerie d\u2019Aprey dans les arts de la table&nbsp;\u00bb, p.&nbsp;97.<\/p>\n<p style=\"font-family:Gadugi;margin-bottom:10px;\">RICHARD (Hugues), \u00ab&nbsp;Regards sur la vaisselle en aluminium de l\u2019empereur Napol\u00e9on III&nbsp;\u00bb, p.&nbsp;107.<\/p>\n<p style=\"font-family:Gadugi;margin-bottom:10px;\">\u00ab&nbsp;<i>In memoriam<\/i>, Alain Gros&nbsp;\u00bb, p.&nbsp;117.<\/p>\n<p style=\"font-family:Gadugi;margin-bottom:10px;\">GARIOT (Pierre), \u00ab&nbsp;De Versailles aux tables bourgeoises : un si\u00e8cle de coutellerie fine \u00e0 Langres (1760-1860)&nbsp;\u00bb, p.&nbsp;119.<\/p>\n<p style=\"font-family:Gadugi;margin-bottom:10px;\">MOURIN (Samuel), \u00ab&nbsp;Entre succ\u00e8s et absence : la coutellerie nogentaise aux expositions industrielles haut-marnaises du XIX<sup>e<\/sup> si\u00e8cle&nbsp;\u00bb, p.&nbsp;137.<\/p>\n<p style=\"font-family:Gadugi;\">GARIOT (Pierre), \u00ab&nbsp;Conclusion du colloque&nbsp;\u00bb, p.&nbsp;161.<\/p>\n\n\n\n<hr class=\"wp-block-separator has-text-color has-alpha-channel-opacity has-background is-style-wide\" style=\"background-color:#660033;color:#660033\"\/>\n\n\n\n<p style=\"font-family:Gadugi;margin-bottom:50px;\">Volume disponible, 22&nbsp;\u20ac (29&nbsp;\u20ac si envoi postal) &#8211; <a href=\"https:\/\/www.bourgogne-savante.fr\/wp-content\/uploads\/ABSSbondecommande.pdf\" target=\"_blank\" rel=\"noopener noreferrer\">Commander<\/a><\/p>\n\n\n\n<div class=\"wp-block-buttons is-content-justification-center is-layout-flex wp-container-core-buttons-is-layout-16018d1d wp-block-buttons-is-layout-flex\">\n<div class=\"wp-block-button has-custom-font-size has-small-font-size\"><a class=\"wp-block-button__link has-background wp-element-button\" href=\"https:\/\/www.bourgogne-savante.fr\/index.php\/publications\/tablesdesmatieresdesactes\/colloque31\/\" style=\"background-color:#660033\">&lt;&lt; Colloque pr\u00e9c\u00e9dent<\/a><\/div>\n\n\n\n<div class=\"wp-block-button has-custom-font-size has-small-font-size\"><a class=\"wp-block-button__link has-background wp-element-button\" href=\"https:\/\/www.bourgogne-savante.fr\/index.php\/publications\/tablesdesmatieresdesactes\/\" style=\"background-color:#660033\">Retour \u00e0 la liste des tables des mati\u00e8res<\/a><\/div>\n\n\n\n<div class=\"wp-block-button has-custom-font-size has-small-font-size\"><a class=\"wp-block-button__link has-background wp-element-button\" href=\"https:\/\/www.bourgogne-savante.fr\/index.php\/publications\/tablesdesmatieresdesactes\/colloque33\/\" style=\"background-color:#660033\">Colloque suivant &gt;&gt;<\/a><\/div>\n<\/div>\n","protected":false},"excerpt":{"rendered":"<p>En faire tout un plat : les arts de la table \u00e0 travers les si\u00e8cles, Actes du 32e colloque de l&rsquo;ABSS, Langres, 21 et 22 octobre 2023, Dijon, Association bourguignonne des soci\u00e9t\u00e9s savantes, Langres, Soci\u00e9t\u00e9 historique et arch\u00e9ologique de Langres, 2024, 162&nbsp;p. COURIOL (\u00c9tienne), \u00ab&nbsp;Ouverture du colloque&nbsp;\u00bb, p.&nbsp;5. POJ\u00c9-CR\u00c9TIEN (Jo\u00eblle), \u00ab&nbsp;Henry Havard (1838-1921) : un &hellip; <a href=\"https:\/\/www.bourgogne-savante.fr\/index.php\/publications\/tablesdesmatieresdesactes\/colloque32\/\" class=\"more-link\">Continuer la lecture<span class=\"screen-reader-text\"> de &laquo;&nbsp;Actes du 32e colloque de l&rsquo;ABSS &#8211; Table des mati\u00e8res&nbsp;&raquo;<\/span><\/a><\/p>\n","protected":false},"author":1,"featured_media":0,"parent":219,"menu_order":0,"comment_status":"closed","ping_status":"closed","template":"","meta":{"footnotes":""},"class_list":["post-4997","page","type-page","status-publish","hentry"],"_links":{"self":[{"href":"https:\/\/www.bourgogne-savante.fr\/index.php\/wp-json\/wp\/v2\/pages\/4997","targetHints":{"allow":["GET"]}}],"collection":[{"href":"https:\/\/www.bourgogne-savante.fr\/index.php\/wp-json\/wp\/v2\/pages"}],"about":[{"href":"https:\/\/www.bourgogne-savante.fr\/index.php\/wp-json\/wp\/v2\/types\/page"}],"author":[{"embeddable":true,"href":"https:\/\/www.bourgogne-savante.fr\/index.php\/wp-json\/wp\/v2\/users\/1"}],"replies":[{"embeddable":true,"href":"https:\/\/www.bourgogne-savante.fr\/index.php\/wp-json\/wp\/v2\/comments?post=4997"}],"version-history":[{"count":9,"href":"https:\/\/www.bourgogne-savante.fr\/index.php\/wp-json\/wp\/v2\/pages\/4997\/revisions"}],"predecessor-version":[{"id":5050,"href":"https:\/\/www.bourgogne-savante.fr\/index.php\/wp-json\/wp\/v2\/pages\/4997\/revisions\/5050"}],"up":[{"embeddable":true,"href":"https:\/\/www.bourgogne-savante.fr\/index.php\/wp-json\/wp\/v2\/pages\/219"}],"wp:attachment":[{"href":"https:\/\/www.bourgogne-savante.fr\/index.php\/wp-json\/wp\/v2\/media?parent=4997"}],"curies":[{"name":"wp","href":"https:\/\/api.w.org\/{rel}","templated":true}]}}