{"id":501,"date":"2018-02-25T17:25:03","date_gmt":"2018-02-25T16:25:03","guid":{"rendered":"http:\/\/www.bourgogne-savante.fr\/?page_id=501"},"modified":"2024-01-02T12:00:00","modified_gmt":"2024-01-02T11:00:00","slug":"colloque23","status":"publish","type":"page","link":"https:\/\/www.bourgogne-savante.fr\/index.php\/publications\/tablesdesmatieresdesactes\/colloque23\/","title":{"rendered":"Actes du 23e colloque de l&rsquo;ABSS &#8211; Table des mati\u00e8res"},"content":{"rendered":"\n<div class=\"wp-block-media-text alignwide is-stacked-on-mobile\" style=\"grid-template-columns:25% auto\"><figure class=\"wp-block-media-text__media\"><img loading=\"lazy\" decoding=\"async\" width=\"659\" height=\"1024\" src=\"https:\/\/www.bourgogne-savante.fr\/wp-content\/uploads\/2018\/02\/Colloque-ABSS-2013-659x1024.jpg\" alt=\"\" class=\"wp-image-285 size-full\" srcset=\"https:\/\/www.bourgogne-savante.fr\/wp-content\/uploads\/2018\/02\/Colloque-ABSS-2013-659x1024.jpg 659w, https:\/\/www.bourgogne-savante.fr\/wp-content\/uploads\/2018\/02\/Colloque-ABSS-2013-97x150.jpg 97w, https:\/\/www.bourgogne-savante.fr\/wp-content\/uploads\/2018\/02\/Colloque-ABSS-2013-193x300.jpg 193w, https:\/\/www.bourgogne-savante.fr\/wp-content\/uploads\/2018\/02\/Colloque-ABSS-2013-768x1193.jpg 768w, https:\/\/www.bourgogne-savante.fr\/wp-content\/uploads\/2018\/02\/Colloque-ABSS-2013.jpg 2036w\" sizes=\"auto, (max-width: 659px) 85vw, 659px\" \/><\/figure><div class=\"wp-block-media-text__content\">\n<p style=\"font-family:Gadugi;font-size:18px;\"><i>Paysages, patrimoine b\u00e2ti et mat\u00e9riaux en Bourgogne, de l\u2019Antiquit\u00e9 \u00e0 nos jours : bilan et perspectives<\/i>, Actes du 23<sup>e<\/sup> colloque de l&rsquo;ABSS, Saint-Christophe-en-Brionnais, 26 et 27 octobre 2013, Dijon, Association bourguignonne des soci\u00e9t\u00e9s savantes, Saint-Christophe-en-Brionnais, Centre international d&rsquo;\u00e9tudes des patrimoines culturels du Charolais-Brionnais, 2014, 235&nbsp;p.<\/p>\n<\/div><\/div>\n\n\n\n<hr class=\"wp-block-separator has-text-color has-alpha-channel-opacity has-background is-style-wide\" style=\"background-color:#660033;color:#660033\"\/>\n\n\n\n<p style=\"font-family:Gadugi;margin-bottom:10px;\">Avant-propos, p.&nbsp;5.<\/p>\n<p style=\"font-family:Gadugi;margin-bottom:10px;margin-top:0px;\">VINCENT (Jean-Marie), \u00ab&nbsp;La connaissance en profondeur du patrimoine naturel, b\u00e2ti et paysager constitue la base indispensable au d\u00e9veloppement durable des territoires&nbsp;\u00bb, conf\u00e9rence d\u2019ouverture, p.&nbsp;7.<\/p>\n<p style=\"font-family:Gadugi;margin-bottom:10px;margin-top:0px;\">MOTTET (G\u00e9rard), \u00ab&nbsp;Mat\u00e9riaux, architecture et paysages en Bourgogne, de la brique de Puisaye \u00e0 la \u00ab\u00a0pierre de feu\u00a0\u00bb du Brionnais&nbsp;\u00bb, p.&nbsp;15.<\/p>\n<p style=\"font-family:Gadugi;margin-bottom:10px;margin-top:0px;\">BONNOT (Henri), G\u00e9ologie et paysage en Charolais-Brionnais : la lecture de paysage&nbsp;\u00bb, p.&nbsp;35.<\/p>\n<p style=\"font-family:Gadugi;margin-bottom:10px;margin-top:0px;\">MAGDELAINE (Alain), JAL (Jean-Marie), \u00ab&nbsp;Les ch\u00e2teaux et la Loire&nbsp;\u00bb, p.&nbsp;43.<\/p>\n<p style=\"font-family:Gadugi;margin-bottom:10px;margin-top:0px;\">DREXLER (G\u00e9rard), \u00ab&nbsp;Le patrimoine face au d\u00e9fi de la mutation \u00e9nerg\u00e9tique : l\u2019exemple des \u00e9oliennes en Bourgogne&nbsp;\u00bb, p.&nbsp;59.<\/p>\n<p style=\"font-family:Gadugi;margin-bottom:10px;margin-top:0px;\">B\u00dcTTNER (St\u00e9phane), \u00ab&nbsp;Un atlas pour une histoire \u00e9conomique et technique de la pierre bourguignonne&nbsp;\u00bb, p.&nbsp;81.<\/p>\n<p style=\"font-family:Gadugi;margin-bottom:10px;margin-top:0px;\">RICHARD (Jean), \u00ab&nbsp;Tuileries et briqueteries en Sa\u00f4ne-et-Loire. Quelques remarques sur les possibilit\u00e9s de recherche \u00e0 la suite de Fran\u00e7ois Richard&nbsp;\u00bb, p.&nbsp;101.<\/p>\n<p style=\"font-family:Gadugi;margin-bottom:10px;margin-top:0px;\">BOUTHIER (Alain), \u00ab&nbsp;La r\u00e9utilisation des d\u00e9chets sid\u00e9rurgiques antiques et modernes dans les constructions&nbsp;\u00bb, p.&nbsp;107.<\/p>\n<p style=\"font-family:Gadugi;margin-bottom:10px;margin-top:0px;\">NICOLIER (Anelise), \u00ab&nbsp;La pierre des \u00e9glises romanes du Brionnais : approvisionnement et mise en \u0153uvre&nbsp;\u00bb, p.&nbsp;113.<\/p>\n<p style=\"font-family:Gadugi;margin-bottom:10px;margin-top:0px;\">L\u00c9GER (Bernard), \u00ab&nbsp;La ferme de Cherisy aux origines de la paroisse de Montr\u00e9al (Yonne)&nbsp;\u00bb, p.&nbsp;125.<\/p>\n<p style=\"font-family:Gadugi;margin-bottom:10px;margin-top:0px;\">BELOT (Simon), \u00ab&nbsp;La maison \u00e0 galerie, trait d\u2019union entre l\u2019architecture vernaculaire du Brionnais et du Charolais&nbsp;\u00bb, p.&nbsp;137.<\/p>\n<p style=\"font-family:Gadugi;margin-bottom:10px;margin-top:0px;\">FAYARD (Dominique), \u00ab&nbsp;Le b\u00e2ti agricole en Charolais-Brionnais, t\u00e9moin des pratiques et des mutations agricoles (XVIII<sup>e<\/sup>-XX<sup>e<\/sup> si\u00e8cles&nbsp;\u00bb, p.&nbsp;147.<\/p>\n<p style=\"font-family:Gadugi;margin-bottom:10px;margin-top:0px;\">BELLICOT, \u00ab&nbsp;La pierre s\u00e8che, patrimoine rustique et m\u00e9moire rurale&nbsp;\u00bb, p.&nbsp;157.<\/p>\n<p style=\"font-family:Gadugi;margin-bottom:10px;margin-top:0px;\">LAMBERT (S\u00e9bastien), \u00ab&nbsp;Les lavoirs de Saulieu, un petit patrimoine de la r\u00e9volution hydraulique du XIX<sup>e<\/sup> si\u00e8cle&nbsp;\u00bb, p.&nbsp;165.<\/p>\n<p style=\"font-family:Gadugi;margin-bottom:10px;margin-top:0px;\">BRULE (Cyril), \u00ab&nbsp;Andr\u00e9 Wogenscky : maison pour un v\u00e9t\u00e9rinaire \u00e0 Saulieu&nbsp;\u00bb, p.&nbsp;185.<\/p>\n<p style=\"font-family:Gadugi;margin-bottom:10px;margin-top:0px;\">PEPKE (Hannelore), \u00ab&nbsp;Ann\u00e9es th\u00e9matiques et \u00ab\u00a0Incoutournables\u00a0\u00bb, le patrimoine b\u00e2ti dans la strat\u00e9gie de promotion touristique de la Bourgogne&nbsp;\u00bb, p.&nbsp;199.<\/p>\n<p style=\"font-family:Gadugi;margin-bottom:10px;margin-top:0px;\">VINCENT (Jean-Marie), \u00ab&nbsp;Allocution de cl\u00f4ture&nbsp;\u00bb, p.&nbsp; 221.<\/p>\n<p style=\"font-family:Gadugi;margin-bottom:10px;margin-top:0px;\">Liste des communications de la section d\u2019histoire du droit et des institutions, p.&nbsp;225.<\/p>\n<p style=\"font-family:Gadugi;margin-top:0px;\">Bibliographie des congr\u00e8s et colloques de l\u2019A.B.S.S., p. &nbsp;227.<\/p>\n\n\n\n<hr class=\"wp-block-separator has-text-color has-alpha-channel-opacity has-background is-style-wide\" style=\"background-color:#660033;color:#660033\"\/>\n\n\n\n<p style=\"font-family:Gadugi;margin-bottom:50px;\">Volume disponible, 26.50&nbsp;\u20ac (frais de port compris) &#8211; <a href=\"https:\/\/www.bourgogne-savante.fr\/wp-content\/uploads\/ABSSbondecommande.pdf\" target=\"_blank\" rel=\"noopener noreferrer\">Commander<\/a><\/p>\n\n\n\n<div class=\"wp-block-buttons is-content-justification-center is-layout-flex wp-container-core-buttons-is-layout-16018d1d wp-block-buttons-is-layout-flex\">\n<div class=\"wp-block-button has-custom-font-size has-small-font-size\"><a class=\"wp-block-button__link has-background wp-element-button\" href=\"https:\/\/www.bourgogne-savante.fr\/index.php\/publications\/tablesdesmatieresdesactes\/colloque22\/\" style=\"background-color:#660033\"><< Colloque pr\u00e9c\u00e9dent<\/a><\/div>\n\n\n\n<div class=\"wp-block-button has-custom-font-size has-small-font-size\"><a class=\"wp-block-button__link has-background wp-element-button\" href=\"https:\/\/www.bourgogne-savante.fr\/index.php\/publications\/tablesdesmatieresdesactes\/\" style=\"background-color:#660033\">Retour \u00e0 la liste des tables des mati\u00e8res<\/a><\/div>\n\n\n\n<div class=\"wp-block-button has-custom-font-size has-small-font-size\"><a class=\"wp-block-button__link has-background wp-element-button\" href=\"https:\/\/www.bourgogne-savante.fr\/index.php\/publications\/tablesdesmatieresdesactes\/colloque24\/\" style=\"background-color:#660033\">Colloque suivant >><\/a><\/div>\n<\/div>\n","protected":false},"excerpt":{"rendered":"<p>Paysages, patrimoine b\u00e2ti et mat\u00e9riaux en Bourgogne, de l\u2019Antiquit\u00e9 \u00e0 nos jours : bilan et perspectives, Actes du 23e colloque de l&rsquo;ABSS, Saint-Christophe-en-Brionnais, 26 et 27 octobre 2013, Dijon, Association bourguignonne des soci\u00e9t\u00e9s savantes, Saint-Christophe-en-Brionnais, Centre international d&rsquo;\u00e9tudes des patrimoines culturels du Charolais-Brionnais, 2014, 235&nbsp;p. Avant-propos, p.&nbsp;5. VINCENT (Jean-Marie), \u00ab&nbsp;La connaissance en profondeur du patrimoine &hellip; <a href=\"https:\/\/www.bourgogne-savante.fr\/index.php\/publications\/tablesdesmatieresdesactes\/colloque23\/\" class=\"more-link\">Continuer la lecture<span class=\"screen-reader-text\"> de &laquo;&nbsp;Actes du 23e colloque de l&rsquo;ABSS &#8211; Table des mati\u00e8res&nbsp;&raquo;<\/span><\/a><\/p>\n","protected":false},"author":1,"featured_media":0,"parent":219,"menu_order":0,"comment_status":"closed","ping_status":"closed","template":"","meta":{"footnotes":""},"class_list":["post-501","page","type-page","status-publish","hentry"],"_links":{"self":[{"href":"https:\/\/www.bourgogne-savante.fr\/index.php\/wp-json\/wp\/v2\/pages\/501","targetHints":{"allow":["GET"]}}],"collection":[{"href":"https:\/\/www.bourgogne-savante.fr\/index.php\/wp-json\/wp\/v2\/pages"}],"about":[{"href":"https:\/\/www.bourgogne-savante.fr\/index.php\/wp-json\/wp\/v2\/types\/page"}],"author":[{"embeddable":true,"href":"https:\/\/www.bourgogne-savante.fr\/index.php\/wp-json\/wp\/v2\/users\/1"}],"replies":[{"embeddable":true,"href":"https:\/\/www.bourgogne-savante.fr\/index.php\/wp-json\/wp\/v2\/comments?post=501"}],"version-history":[{"count":12,"href":"https:\/\/www.bourgogne-savante.fr\/index.php\/wp-json\/wp\/v2\/pages\/501\/revisions"}],"predecessor-version":[{"id":4488,"href":"https:\/\/www.bourgogne-savante.fr\/index.php\/wp-json\/wp\/v2\/pages\/501\/revisions\/4488"}],"up":[{"embeddable":true,"href":"https:\/\/www.bourgogne-savante.fr\/index.php\/wp-json\/wp\/v2\/pages\/219"}],"wp:attachment":[{"href":"https:\/\/www.bourgogne-savante.fr\/index.php\/wp-json\/wp\/v2\/media?parent=501"}],"curies":[{"name":"wp","href":"https:\/\/api.w.org\/{rel}","templated":true}]}}